{"id":5007,"date":"2022-05-10T03:46:57","date_gmt":"2022-05-10T03:46:57","guid":{"rendered":"https:\/\/tavapy.gov.py\/biblioteca\/?post_type=product&#038;p=5007"},"modified":"2022-05-10T03:46:58","modified_gmt":"2022-05-10T03:46:58","slug":"aprender-a-investigar","status":"publish","type":"product","link":"https:\/\/tavapy.gov.py\/biblioteca\/product\/aprender-a-investigar\/","title":{"rendered":"APRENDER A INVESTIGAR."},"content":{"rendered":"","protected":false},"excerpt":{"rendered":"<p>Para Ander-Egg un investigador social no se forma con la sola provisi\u00f3n de conocimientos te\u00f3ricos y metodol\u00f3gicos. Es necesario despertar la admiraci\u00f3n y la curiosidad. Aprender a pensar, y saber transformar la informaci\u00f3n en conocimientos, requiere tener disciplina, tenacidad y capacidad de trabajo, y, por \u00faltimo, adquirir una competencia b\u00e1sica: el paso del saber, al saber qu\u00e9 hacer con lo que se conoce y se sabe.<\/p>\n<p>El prop\u00f3sito de este libro publicado en el 2.011 es brindar algunas sugerencias para conocer las cuestiones fundamentales acerca de la ciencia, el conocimiento y el m\u00e9todo cient\u00edfico; y las caracter\u00edsticas y aspectos de la investigaci\u00f3n social. proporciona sugerencias de c\u00f3mo organizar una investigaci\u00f3n.<\/p>\n<p>El rigor metodol\u00f3gico que exige toda investigaci\u00f3n cient\u00edfica, no significa que hayan m\u00e9todos y t\u00e9cnicas que garanticen por s\u00ed mismos la validez y confiabilidad de los resultados de la investigaci\u00f3n (esto ser\u00eda caer en el fetichismo metodol\u00f3gico). Para investigar, hay que combinar la aptitud y actitud cient\u00edfica con la b\u00fasqueda de la verdad, la curiosidad insaciable, y el esp\u00edritu del valle. Todo esto implica y supone tener apertura a otros saberes y a otras opciones cient\u00edficas, filos\u00f3ficas, ideol\u00f3gicas, pol\u00edticas y religiosas que no compartimos.<\/p>\n<p><a href=\"https:\/\/tavapy.gov.py\/biblioteca\/wp-content\/uploads\/2022\/05\/Ander-EggE-Aprender-a-investigar.pdf\" target=\"_blank\" rel=\"attachment noopener wp-att-4974\"><img loading=\"lazy\" decoding=\"async\" class=\"size-full wp-image-4974 alignleft\" src=\"https:\/\/tavapy.gov.py\/biblioteca\/wp-content\/uploads\/2022\/05\/icono-PDF-copia.png\" alt=\"\" width=\"121\" height=\"140\" \/><\/a><\/p>\n","protected":false},"featured_media":4860,"comment_status":"open","ping_status":"closed","template":"","meta":{"spay_email":""},"product_cat":[101],"product_tag":[],"class_list":{"0":"post-5007","1":"product","2":"type-product","3":"status-publish","4":"has-post-thumbnail","6":"book_author-ezequiel-ander-egg","7":"product_cat-metodologia-de-la-investigacion","8":"entry"},"_links":{"self":[{"href":"https:\/\/tavapy.gov.py\/biblioteca\/wp-json\/wp\/v2\/product\/5007","targetHints":{"allow":["GET"]}}],"collection":[{"href":"https:\/\/tavapy.gov.py\/biblioteca\/wp-json\/wp\/v2\/product"}],"about":[{"href":"https:\/\/tavapy.gov.py\/biblioteca\/wp-json\/wp\/v2\/types\/product"}],"replies":[{"embeddable":true,"href":"https:\/\/tavapy.gov.py\/biblioteca\/wp-json\/wp\/v2\/comments?post=5007"}],"wp:featuredmedia":[{"embeddable":true,"href":"https:\/\/tavapy.gov.py\/biblioteca\/wp-json\/wp\/v2\/media\/4860"}],"wp:attachment":[{"href":"https:\/\/tavapy.gov.py\/biblioteca\/wp-json\/wp\/v2\/media?parent=5007"}],"wp:term":[{"taxonomy":"product_cat","embeddable":true,"href":"https:\/\/tavapy.gov.py\/biblioteca\/wp-json\/wp\/v2\/product_cat?post=5007"},{"taxonomy":"product_tag","embeddable":true,"href":"https:\/\/tavapy.gov.py\/biblioteca\/wp-json\/wp\/v2\/product_tag?post=5007"}],"curies":[{"name":"wp","href":"https:\/\/api.w.org\/{rel}","templated":true}]}}