{"id":5009,"date":"2022-05-10T03:56:20","date_gmt":"2022-05-10T03:56:20","guid":{"rendered":"https:\/\/tavapy.gov.py\/biblioteca\/?post_type=product&#038;p=5009"},"modified":"2022-05-10T03:56:20","modified_gmt":"2022-05-10T03:56:20","slug":"memorias-de-adriano","status":"publish","type":"product","link":"https:\/\/tavapy.gov.py\/biblioteca\/product\/memorias-de-adriano\/","title":{"rendered":"MEMORIAS DE ADRIANO."},"content":{"rendered":"","protected":false},"excerpt":{"rendered":"<p>Memorias de Adriano es una novela de la escritora en franc\u00e9s nacida en B\u00e9lgica, nacionalizada tambi\u00e9n estadounidense,\u200b Marguerite Yourcenar, que relata en primera persona la vida y muerte del emperador romano Adriano. Escrita entre diciembre de 1948 y diciembre de 1950.<\/p>\n<p>La narraci\u00f3n, que comienza con la f\u00f3rmula \u00abQuerido Marco\u00bb, adopta la manera de una larga ep\u00edstola dividida en cap\u00edtulos (Animula Vagula Blandula, Varius Multiplex Multiformis, Tellus Stabilita, Saeculum Aureum, Discilina Augusta y Patientia), y va dirigida a su sucesor, Marco Aurelio, a quien Adriano hab\u00eda adoptado como nieto, al hacerlo adoptar a su vez por su hijo adoptivo y sucesor inmediato, Antonino P\u00edo.<\/p>\n<p>En ella, el emperador medita y reflexiona acerca de sus a\u00f1os de reinado, de sus triunfos militares, del amor, de la amistad, de la poes\u00eda, de la m\u00fasica, del arte, de los viajes, de la paz, de la pasi\u00f3n por su joven amante Ant\u00ednoo y del dolor causado por su muerte, todo ello de una manera consistente, pero no exenta de esa \u00abmelancol\u00eda del mundo antiguo\u00bb a la que aludiera Gustave Flaubert.<\/p>\n<p><a href=\"https:\/\/tavapy.gov.py\/biblioteca\/wp-content\/uploads\/2022\/05\/YourcenarM-Memorias-De-Adriano.pdf\" target=\"_blank\" rel=\"attachment noopener wp-att-4974\"><img loading=\"lazy\" decoding=\"async\" class=\"size-full wp-image-4974 alignleft\" src=\"https:\/\/tavapy.gov.py\/biblioteca\/wp-content\/uploads\/2022\/05\/icono-PDF-copia.png\" alt=\"\" width=\"121\" height=\"140\" \/><\/a><\/p>\n","protected":false},"featured_media":4853,"comment_status":"open","ping_status":"closed","template":"","meta":{"spay_email":""},"product_cat":[296],"product_tag":[],"class_list":{"0":"post-5009","1":"product","2":"type-product","3":"status-publish","4":"has-post-thumbnail","6":"book_author-marguerite-yourcenar","7":"product_cat-novela-historica","8":"entry"},"_links":{"self":[{"href":"https:\/\/tavapy.gov.py\/biblioteca\/wp-json\/wp\/v2\/product\/5009","targetHints":{"allow":["GET"]}}],"collection":[{"href":"https:\/\/tavapy.gov.py\/biblioteca\/wp-json\/wp\/v2\/product"}],"about":[{"href":"https:\/\/tavapy.gov.py\/biblioteca\/wp-json\/wp\/v2\/types\/product"}],"replies":[{"embeddable":true,"href":"https:\/\/tavapy.gov.py\/biblioteca\/wp-json\/wp\/v2\/comments?post=5009"}],"wp:featuredmedia":[{"embeddable":true,"href":"https:\/\/tavapy.gov.py\/biblioteca\/wp-json\/wp\/v2\/media\/4853"}],"wp:attachment":[{"href":"https:\/\/tavapy.gov.py\/biblioteca\/wp-json\/wp\/v2\/media?parent=5009"}],"wp:term":[{"taxonomy":"product_cat","embeddable":true,"href":"https:\/\/tavapy.gov.py\/biblioteca\/wp-json\/wp\/v2\/product_cat?post=5009"},{"taxonomy":"product_tag","embeddable":true,"href":"https:\/\/tavapy.gov.py\/biblioteca\/wp-json\/wp\/v2\/product_tag?post=5009"}],"curies":[{"name":"wp","href":"https:\/\/api.w.org\/{rel}","templated":true}]}}