{"id":5010,"date":"2022-05-10T04:02:25","date_gmt":"2022-05-10T04:02:25","guid":{"rendered":"https:\/\/tavapy.gov.py\/biblioteca\/?post_type=product&#038;p=5010"},"modified":"2022-05-10T04:02:26","modified_gmt":"2022-05-10T04:02:26","slug":"cuestiones-cuanticas","status":"publish","type":"product","link":"https:\/\/tavapy.gov.py\/biblioteca\/product\/cuestiones-cuanticas\/","title":{"rendered":"CUESTIONES CU\u00c1NTICAS."},"content":{"rendered":"","protected":false},"excerpt":{"rendered":"<p>Por primera vez se re\u00fanen en un libro los escritos m\u00edsticos de los cient\u00edficos m\u00e1s eminentes de nuestra era, los padres fundadores de la Relatividad y de la F\u00edsica Cu\u00e1ntica. Todos ellos, con un lenguaje asequible y ajeno a la terminolog\u00eda t\u00e9cnica, expresan su convicci\u00f3n de que la f\u00edsica y la m\u00edstica, de alguna manera, son complementarias. Ciertamente, el autor de la compilaci\u00f3n, Ken Wilber, nos previene contra la ya abusiva tendencia a ligar la suerte de la m\u00edstica con el nuevo paradigma de la ciencia.<\/p>\n<p>Son cosas diferentes que, precisamente en tanto que diferentes, pueden convivir. Pero queda intacta una pregunta: \u00bfQu\u00e9 fue lo que llev\u00f3 a cient\u00edficos tan diversos a compartir una visi\u00f3n m\u00edstica de la realidad? Ello es que Bohr, Heisenberg, Schrodinger, Einstein, Jeans, Planck, Pauli, Eddington, todos, sin excepci\u00f3n, acabaron teniendo una concepci\u00f3n trascendente del mundo donde la dualidad entre materia y esp\u00edritu quedaba sobrepasada.<\/p>\n<p>Y que esta concepci\u00f3n les vino como remate de una postura cr\u00edtica y no irracional. Nos encontramos, pues, ante el aspecto m\u00e1s hondo y apasionante de la ciencia de nuestro tiempo. La aventura intelectual m\u00e1s fascinante contada por sus protagonistas m\u00e1s preclaros.<\/p>\n<p>Esta obra escrita por Ken Wilber fue publicada en el 2.011.<\/p>\n<p><a href=\"https:\/\/tavapy.gov.py\/biblioteca\/wp-content\/uploads\/2022\/05\/WilberK-Cuestiones-Cuanticas.pdf\" target=\"_blank\" rel=\"attachment noopener wp-att-4974\"><img loading=\"lazy\" decoding=\"async\" class=\"size-full wp-image-4974 alignleft\" src=\"https:\/\/tavapy.gov.py\/biblioteca\/wp-content\/uploads\/2022\/05\/icono-PDF-copia.png\" alt=\"\" width=\"121\" height=\"140\" \/><\/a><\/p>\n","protected":false},"featured_media":4851,"comment_status":"open","ping_status":"closed","template":"","meta":{"spay_email":""},"product_cat":[560],"product_tag":[],"class_list":{"0":"post-5010","1":"product","2":"type-product","3":"status-publish","4":"has-post-thumbnail","6":"book_author-ken-wilber","7":"product_cat-fisica-moderna-misticismo","8":"entry"},"_links":{"self":[{"href":"https:\/\/tavapy.gov.py\/biblioteca\/wp-json\/wp\/v2\/product\/5010","targetHints":{"allow":["GET"]}}],"collection":[{"href":"https:\/\/tavapy.gov.py\/biblioteca\/wp-json\/wp\/v2\/product"}],"about":[{"href":"https:\/\/tavapy.gov.py\/biblioteca\/wp-json\/wp\/v2\/types\/product"}],"replies":[{"embeddable":true,"href":"https:\/\/tavapy.gov.py\/biblioteca\/wp-json\/wp\/v2\/comments?post=5010"}],"wp:featuredmedia":[{"embeddable":true,"href":"https:\/\/tavapy.gov.py\/biblioteca\/wp-json\/wp\/v2\/media\/4851"}],"wp:attachment":[{"href":"https:\/\/tavapy.gov.py\/biblioteca\/wp-json\/wp\/v2\/media?parent=5010"}],"wp:term":[{"taxonomy":"product_cat","embeddable":true,"href":"https:\/\/tavapy.gov.py\/biblioteca\/wp-json\/wp\/v2\/product_cat?post=5010"},{"taxonomy":"product_tag","embeddable":true,"href":"https:\/\/tavapy.gov.py\/biblioteca\/wp-json\/wp\/v2\/product_tag?post=5010"}],"curies":[{"name":"wp","href":"https:\/\/api.w.org\/{rel}","templated":true}]}}