{"id":5011,"date":"2022-05-10T04:05:57","date_gmt":"2022-05-10T04:05:57","guid":{"rendered":"https:\/\/tavapy.gov.py\/biblioteca\/?post_type=product&#038;p=5011"},"modified":"2022-05-10T04:05:58","modified_gmt":"2022-05-10T04:05:58","slug":"muchas-vidas-muchos-maestros","status":"publish","type":"product","link":"https:\/\/tavapy.gov.py\/biblioteca\/product\/muchas-vidas-muchos-maestros\/","title":{"rendered":"MUCHAS VIDAS, MUCHOS MAESTROS."},"content":{"rendered":"","protected":false},"excerpt":{"rendered":"<p>El doctor Brian Weiss, jefe de psiquiatr\u00eda del hospital Mount Sinai de Miami, relata en \u00e9ste, su primer libro, una asombrosa experiencia que cambi\u00f3 por completo su propia vida y su visi\u00f3n de la psicoterapia. Una de sus pacientes, Catherine, record\u00f3 bajo hipnosis varias de sus vidas pasadas y pudo encontrar en ellas el origen de muchos de los traumas que sufr\u00eda.<\/p>\n<p>Catherine se cur\u00f3, pero ocurri\u00f3 algo todav\u00eda m\u00e1s importante: logr\u00f3 ponerse en contacto con los Maestros, esp\u00edritus superiores que habitan los estados entre dos vidas. Ellos le comunicaron importantes mensajes de sabidur\u00eda y de conocimiento.<\/p>\n<p>Este relato convertido en libro y publicado en 1.988 es profundamente conmovedor, punto de encuentro entre ciencia y metaf\u00edsica, constituy\u00f3 un extraordinario bestseller y sigue siendo de obligada lectura en un mundo convulsionado, en especial para los que buscan un sentido espiritual.<\/p>\n<p><a href=\"https:\/\/tavapy.gov.py\/biblioteca\/wp-content\/uploads\/2022\/05\/WeissB-Muchas-vidas-muchos-maestros.pdf\" target=\"_blank\" rel=\"attachment noopener wp-att-4974\"><img loading=\"lazy\" decoding=\"async\" class=\"size-full wp-image-4974 alignleft\" src=\"https:\/\/tavapy.gov.py\/biblioteca\/wp-content\/uploads\/2022\/05\/icono-PDF-copia.png\" alt=\"\" width=\"121\" height=\"140\" \/><\/a><\/p>\n","protected":false},"featured_media":4847,"comment_status":"open","ping_status":"closed","template":"","meta":{"spay_email":""},"product_cat":[398],"product_tag":[],"class_list":{"0":"post-5011","1":"product","2":"type-product","3":"status-publish","4":"has-post-thumbnail","6":"book_author-brian-weiss","7":"product_cat-autoayuda-ciencia-espiritualidad","8":"entry"},"_links":{"self":[{"href":"https:\/\/tavapy.gov.py\/biblioteca\/wp-json\/wp\/v2\/product\/5011","targetHints":{"allow":["GET"]}}],"collection":[{"href":"https:\/\/tavapy.gov.py\/biblioteca\/wp-json\/wp\/v2\/product"}],"about":[{"href":"https:\/\/tavapy.gov.py\/biblioteca\/wp-json\/wp\/v2\/types\/product"}],"replies":[{"embeddable":true,"href":"https:\/\/tavapy.gov.py\/biblioteca\/wp-json\/wp\/v2\/comments?post=5011"}],"wp:featuredmedia":[{"embeddable":true,"href":"https:\/\/tavapy.gov.py\/biblioteca\/wp-json\/wp\/v2\/media\/4847"}],"wp:attachment":[{"href":"https:\/\/tavapy.gov.py\/biblioteca\/wp-json\/wp\/v2\/media?parent=5011"}],"wp:term":[{"taxonomy":"product_cat","embeddable":true,"href":"https:\/\/tavapy.gov.py\/biblioteca\/wp-json\/wp\/v2\/product_cat?post=5011"},{"taxonomy":"product_tag","embeddable":true,"href":"https:\/\/tavapy.gov.py\/biblioteca\/wp-json\/wp\/v2\/product_tag?post=5011"}],"curies":[{"name":"wp","href":"https:\/\/api.w.org\/{rel}","templated":true}]}}