{"id":5012,"date":"2022-05-10T04:09:25","date_gmt":"2022-05-10T04:09:25","guid":{"rendered":"https:\/\/tavapy.gov.py\/biblioteca\/?post_type=product&#038;p=5012"},"modified":"2022-05-10T04:09:26","modified_gmt":"2022-05-10T04:09:26","slug":"el-sueno-de-una-teoria-final","status":"publish","type":"product","link":"https:\/\/tavapy.gov.py\/biblioteca\/product\/el-sueno-de-una-teoria-final\/","title":{"rendered":"EL SUE\u00d1O DE UNA TEOR\u00cdA FINAL."},"content":{"rendered":"","protected":false},"excerpt":{"rendered":"<p>Steven Weinberg, premio Nobel de F\u00edsica por su contribuci\u00f3n a la unificaci\u00f3n de dos de las fuerzas b\u00e1sicas de la naturaleza -la fuerza d\u00e9bil y el electromagnetismo-, aborda en este libro la gran aventura intelectual de nuestro tiempo: la b\u00fasqueda de una \u00abteor\u00eda final\u00bb, aquella en la que todas las preguntas fundamentales hallar\u00edan respuesta sin requerir una explicaci\u00f3n en t\u00e9rminos de otros principios.<\/p>\n<p>Weinberg, que no s\u00f3lo es un gran f\u00edsico sino un excelente divulgador, nos explica de manera llana y comprensible la idea de esta \u00abteor\u00eda final\u00bb, en esta obra publicada en 1.993, los pasos que han conducido hacia ella y los obst\u00e1culos que encuentra, dej\u00e1ndonos en la frontera de esa tierra prometida.<\/p>\n<p><a href=\"https:\/\/tavapy.gov.py\/biblioteca\/wp-content\/uploads\/2022\/05\/WeinbergS-El-sueno-de-una-teoria-final.pdf\" target=\"_blank\" rel=\"attachment noopener wp-att-4974\"><img loading=\"lazy\" decoding=\"async\" class=\"size-full wp-image-4974 alignleft\" src=\"https:\/\/tavapy.gov.py\/biblioteca\/wp-content\/uploads\/2022\/05\/icono-PDF-copia.png\" alt=\"\" width=\"121\" height=\"140\" \/><\/a><\/p>\n","protected":false},"featured_media":4844,"comment_status":"open","ping_status":"closed","template":"","meta":{"spay_email":""},"product_cat":[109],"product_tag":[],"class_list":{"0":"post-5012","1":"product","2":"type-product","3":"status-publish","4":"has-post-thumbnail","6":"book_author-steven-weinberg","7":"product_cat-fisica-moderna","8":"entry"},"_links":{"self":[{"href":"https:\/\/tavapy.gov.py\/biblioteca\/wp-json\/wp\/v2\/product\/5012","targetHints":{"allow":["GET"]}}],"collection":[{"href":"https:\/\/tavapy.gov.py\/biblioteca\/wp-json\/wp\/v2\/product"}],"about":[{"href":"https:\/\/tavapy.gov.py\/biblioteca\/wp-json\/wp\/v2\/types\/product"}],"replies":[{"embeddable":true,"href":"https:\/\/tavapy.gov.py\/biblioteca\/wp-json\/wp\/v2\/comments?post=5012"}],"wp:featuredmedia":[{"embeddable":true,"href":"https:\/\/tavapy.gov.py\/biblioteca\/wp-json\/wp\/v2\/media\/4844"}],"wp:attachment":[{"href":"https:\/\/tavapy.gov.py\/biblioteca\/wp-json\/wp\/v2\/media?parent=5012"}],"wp:term":[{"taxonomy":"product_cat","embeddable":true,"href":"https:\/\/tavapy.gov.py\/biblioteca\/wp-json\/wp\/v2\/product_cat?post=5012"},{"taxonomy":"product_tag","embeddable":true,"href":"https:\/\/tavapy.gov.py\/biblioteca\/wp-json\/wp\/v2\/product_tag?post=5012"}],"curies":[{"name":"wp","href":"https:\/\/api.w.org\/{rel}","templated":true}]}}