{"id":5013,"date":"2022-05-10T04:16:40","date_gmt":"2022-05-10T04:16:40","guid":{"rendered":"https:\/\/tavapy.gov.py\/biblioteca\/?post_type=product&#038;p=5013"},"modified":"2022-05-10T04:16:40","modified_gmt":"2022-05-10T04:16:40","slug":"el-ojo-del-observador-contribuciones-al-constructivismo","status":"publish","type":"product","link":"https:\/\/tavapy.gov.py\/biblioteca\/product\/el-ojo-del-observador-contribuciones-al-constructivismo\/","title":{"rendered":"EL OJO DEL OBSERVADOR. CONTRIBUCIONES AL CONSTRUCTIVISMO."},"content":{"rendered":"","protected":false},"excerpt":{"rendered":"<p>La realidad como mundo objetivo, es decir, independiente del observador, forma parte de la comprensi\u00f3n b\u00e1sica de nuestra percepci\u00f3n. sin embargo, \u00abla belleza nace en los ojos del observador\u00bb. Nuestras representaciones de la realidad y de la verdad han sido puestas en duda en reiteradas ocasiones.<\/p>\n<p>Cient\u00edficos como Einstein y Heisenberg, fil\u00f3sofos como Kant y Heidegger y en los \u00faltimos tiempos cibernistas y psic\u00f3logos se han ocupado de la cuesti\u00f3n de la realidad y han fundado un nuevo modo de pensar, el constructivismo, que puede considerarse como la teor\u00eda del conocimiento de la posmodernidad.<\/p>\n<p>Ese pensamiento ya no surge de la pregunta b\u00e1sica del racionalismo: \u00ab\u00bfqu\u00e9 debemos saber?, sino que plantea el interrogante mucho m\u00e1s fundamental: \u00abQu\u00e9 podemos saber?<\/p>\n<p>Uno de los pioneros del constructivismo ha sido el austriaco Heinz von Foerster, con su reconocida capacidad para plantear preguntas y entusiasmar a otros en la b\u00fasqueda de nuevos puntos de vista y soluciones innovadoras.<\/p>\n<p>Esta obra fue publicada en 1.994.<\/p>\n<p><a href=\"https:\/\/tavapy.gov.py\/biblioteca\/wp-content\/uploads\/2022\/05\/WatzlawickP-El-ojo-del-observador.pdf\" target=\"_blank\" rel=\"attachment noopener wp-att-4974\"><img loading=\"lazy\" decoding=\"async\" class=\"size-full wp-image-4974 alignleft\" src=\"https:\/\/tavapy.gov.py\/biblioteca\/wp-content\/uploads\/2022\/05\/icono-PDF-copia.png\" alt=\"\" width=\"121\" height=\"140\" \/><\/a><\/p>\n","protected":false},"featured_media":4843,"comment_status":"open","ping_status":"closed","template":"","meta":{"spay_email":""},"product_cat":[162],"product_tag":[],"class_list":{"0":"post-5013","1":"product","2":"type-product","3":"status-publish","4":"has-post-thumbnail","6":"book_author-paul-watzlawick","7":"product_cat-estudio-interdisciplinario","8":"entry"},"_links":{"self":[{"href":"https:\/\/tavapy.gov.py\/biblioteca\/wp-json\/wp\/v2\/product\/5013","targetHints":{"allow":["GET"]}}],"collection":[{"href":"https:\/\/tavapy.gov.py\/biblioteca\/wp-json\/wp\/v2\/product"}],"about":[{"href":"https:\/\/tavapy.gov.py\/biblioteca\/wp-json\/wp\/v2\/types\/product"}],"replies":[{"embeddable":true,"href":"https:\/\/tavapy.gov.py\/biblioteca\/wp-json\/wp\/v2\/comments?post=5013"}],"wp:featuredmedia":[{"embeddable":true,"href":"https:\/\/tavapy.gov.py\/biblioteca\/wp-json\/wp\/v2\/media\/4843"}],"wp:attachment":[{"href":"https:\/\/tavapy.gov.py\/biblioteca\/wp-json\/wp\/v2\/media?parent=5013"}],"wp:term":[{"taxonomy":"product_cat","embeddable":true,"href":"https:\/\/tavapy.gov.py\/biblioteca\/wp-json\/wp\/v2\/product_cat?post=5013"},{"taxonomy":"product_tag","embeddable":true,"href":"https:\/\/tavapy.gov.py\/biblioteca\/wp-json\/wp\/v2\/product_tag?post=5013"}],"curies":[{"name":"wp","href":"https:\/\/api.w.org\/{rel}","templated":true}]}}