{"id":5014,"date":"2022-05-10T04:21:54","date_gmt":"2022-05-10T04:21:54","guid":{"rendered":"https:\/\/tavapy.gov.py\/biblioteca\/?post_type=product&#038;p=5014"},"modified":"2022-05-10T04:21:55","modified_gmt":"2022-05-10T04:21:55","slug":"el-camino-del-tao","status":"publish","type":"product","link":"https:\/\/tavapy.gov.py\/biblioteca\/product\/el-camino-del-tao\/","title":{"rendered":"EL CAMINO DEL TAO."},"content":{"rendered":"","protected":false},"excerpt":{"rendered":"<p>Inspirado en los textos de Lao Zi, Zhuang Zi, el libro Koan Zi y el Yi King (I Ching), as\u00ed como en los estudios de J. Needham, Lin Yutang y A. Waley, entre otros, Alan Watts ha escrito, con su inimitable estilo, un libro destinado a convertirse en el texto occidental b\u00e1sico sobre el tao\u00edsmo.<\/p>\n<p>El camino del Tao, obra publicada en 1.975 no es \u00fanicamente una introducci\u00f3n a la esencia del Tao\u00edsmo sino, en cierto modo, la opera magna que recapitula la vida y obra de Alan Watts.<\/p>\n<p><a href=\"https:\/\/tavapy.gov.py\/biblioteca\/wp-content\/uploads\/2022\/05\/WattsA-El-camino-del-tao.pdf\" target=\"_blank\" rel=\"attachment noopener wp-att-4974\"><img loading=\"lazy\" decoding=\"async\" class=\"size-full wp-image-4974 alignleft\" src=\"https:\/\/tavapy.gov.py\/biblioteca\/wp-content\/uploads\/2022\/05\/icono-PDF-copia.png\" alt=\"\" width=\"121\" height=\"140\" \/><\/a><\/p>\n","protected":false},"featured_media":4839,"comment_status":"open","ping_status":"closed","template":"","meta":{"spay_email":""},"product_cat":[247],"product_tag":[],"class_list":{"0":"post-5014","1":"product","2":"type-product","3":"status-publish","4":"has-post-thumbnail","6":"book_author-alan-watts","7":"product_cat-historia-de-las-religiones","8":"entry"},"_links":{"self":[{"href":"https:\/\/tavapy.gov.py\/biblioteca\/wp-json\/wp\/v2\/product\/5014","targetHints":{"allow":["GET"]}}],"collection":[{"href":"https:\/\/tavapy.gov.py\/biblioteca\/wp-json\/wp\/v2\/product"}],"about":[{"href":"https:\/\/tavapy.gov.py\/biblioteca\/wp-json\/wp\/v2\/types\/product"}],"replies":[{"embeddable":true,"href":"https:\/\/tavapy.gov.py\/biblioteca\/wp-json\/wp\/v2\/comments?post=5014"}],"wp:featuredmedia":[{"embeddable":true,"href":"https:\/\/tavapy.gov.py\/biblioteca\/wp-json\/wp\/v2\/media\/4839"}],"wp:attachment":[{"href":"https:\/\/tavapy.gov.py\/biblioteca\/wp-json\/wp\/v2\/media?parent=5014"}],"wp:term":[{"taxonomy":"product_cat","embeddable":true,"href":"https:\/\/tavapy.gov.py\/biblioteca\/wp-json\/wp\/v2\/product_cat?post=5014"},{"taxonomy":"product_tag","embeddable":true,"href":"https:\/\/tavapy.gov.py\/biblioteca\/wp-json\/wp\/v2\/product_tag?post=5014"}],"curies":[{"name":"wp","href":"https:\/\/api.w.org\/{rel}","templated":true}]}}