{"id":5015,"date":"2022-05-10T04:28:45","date_gmt":"2022-05-10T04:28:45","guid":{"rendered":"https:\/\/tavapy.gov.py\/biblioteca\/?post_type=product&#038;p=5015"},"modified":"2022-05-10T04:28:45","modified_gmt":"2022-05-10T04:28:45","slug":"padre-e-hijo-cia","status":"publish","type":"product","link":"https:\/\/tavapy.gov.py\/biblioteca\/product\/padre-e-hijo-cia\/","title":{"rendered":"PADRE E HIJO &#038; C\u00cdA."},"content":{"rendered":"","protected":false},"excerpt":{"rendered":"<p>\u201cEsta es la historia de mi padre y la m\u00eda, de mis a\u00f1os solo al tim\u00f3n de la IBM y de lo que he hecho desde que sal\u00ed de la compa\u00f1\u00eda. Mi padre y yo les dimos rienda suelta a nuestras rivalidades y a nuestro mutuo afecto en el gran escenario del negocio que \u00e9l cre\u00f3. Jam\u00e1s me consider\u00e9 vencedor en esa emulaci\u00f3n, pero, por lo menos, creo que tuve suficiente \u00e9xito como para que los dem\u00e1s me pudieran considerar digno hijo de un padre meritorio\u201d.<\/p>\n<p>Padre, hijo &amp; C\u00eda., obra publicada en 1.991 es un relato elocuente, en primera persona, de un drama familiar que cambi\u00f3 la faz de los negocios norteamericanos. Ah\u00ed est\u00e1n los aciertos administrativos que le dieron forma a la IBM y a su especial cultura corporativa; las genialidades que hicieron de Thomas Watson padre uno de los jefes m\u00e1s amados y temidos del pa\u00eds.<\/p>\n<p>Las decisiones audaces de Thomas Watson hijo que completaron la transformaci\u00f3n de la IBM, de fabricante de m\u00e1quinas tabuladoras y de relojes registradores, a la empresa productora de computadores m\u00e1s grande del mundo, un negocio de 7 500 millones de d\u00f3lares al a\u00f1o.<\/p>\n<p>Thomas Watson hijo, a pesar de haber sido un l\u00edder de los negocios, adopt\u00f3 con frecuencia posiciones que no eran populares en el mundo de los negocios? como combatir al senador Joseph McCarthy y oponerse a la Guerra del Vietnam y a la carrera de armamentos.<\/p>\n<p><a href=\"https:\/\/tavapy.gov.py\/biblioteca\/wp-content\/uploads\/2022\/05\/WatsonT-Padre-Hijo-Cia.pdf\" target=\"_blank\" rel=\"attachment noopener wp-att-4974\"><img loading=\"lazy\" decoding=\"async\" class=\"size-full wp-image-4974 alignleft\" src=\"https:\/\/tavapy.gov.py\/biblioteca\/wp-content\/uploads\/2022\/05\/icono-PDF-copia.png\" alt=\"\" width=\"121\" height=\"140\" \/><\/a><\/p>\n","protected":false},"featured_media":4836,"comment_status":"open","ping_status":"closed","template":"","meta":{"spay_email":""},"product_cat":[565],"product_tag":[],"class_list":{"0":"post-5015","1":"product","2":"type-product","3":"status-publish","4":"has-post-thumbnail","6":"book_author-thomas-watson","7":"product_cat-economia-negocios","8":"entry"},"_links":{"self":[{"href":"https:\/\/tavapy.gov.py\/biblioteca\/wp-json\/wp\/v2\/product\/5015","targetHints":{"allow":["GET"]}}],"collection":[{"href":"https:\/\/tavapy.gov.py\/biblioteca\/wp-json\/wp\/v2\/product"}],"about":[{"href":"https:\/\/tavapy.gov.py\/biblioteca\/wp-json\/wp\/v2\/types\/product"}],"replies":[{"embeddable":true,"href":"https:\/\/tavapy.gov.py\/biblioteca\/wp-json\/wp\/v2\/comments?post=5015"}],"wp:featuredmedia":[{"embeddable":true,"href":"https:\/\/tavapy.gov.py\/biblioteca\/wp-json\/wp\/v2\/media\/4836"}],"wp:attachment":[{"href":"https:\/\/tavapy.gov.py\/biblioteca\/wp-json\/wp\/v2\/media?parent=5015"}],"wp:term":[{"taxonomy":"product_cat","embeddable":true,"href":"https:\/\/tavapy.gov.py\/biblioteca\/wp-json\/wp\/v2\/product_cat?post=5015"},{"taxonomy":"product_tag","embeddable":true,"href":"https:\/\/tavapy.gov.py\/biblioteca\/wp-json\/wp\/v2\/product_tag?post=5015"}],"curies":[{"name":"wp","href":"https:\/\/api.w.org\/{rel}","templated":true}]}}