{"id":5152,"date":"2022-05-16T03:30:09","date_gmt":"2022-05-16T03:30:09","guid":{"rendered":"https:\/\/tavapy.gov.py\/biblioteca\/?post_type=product&#038;p=5152"},"modified":"2022-05-16T03:30:09","modified_gmt":"2022-05-16T03:30:09","slug":"el-sentido-de-la-vida","status":"publish","type":"product","link":"https:\/\/tavapy.gov.py\/biblioteca\/product\/el-sentido-de-la-vida\/","title":{"rendered":"EL SENTIDO DE LA VIDA."},"content":{"rendered":"","protected":false},"excerpt":{"rendered":"<p>Adler comienza su libro publicado en 1.937 indicando que como consejero m\u00e9dico, psic\u00f3logo y educador en escuelas y familias ha tenido la ocasi\u00f3n de lograr una visi\u00f3n de conjunto de un inmenso material humano, agregando que siempre se propuso no hacer ninguna alusi\u00f3n que \u00e9l mismo no pudiera demostrar o ilustrar con su propia experiencia.<\/p>\n<p>As\u00ed, declara que est\u00e1 abierto al an\u00e1lisis de lo singular, pues \u00e9l mismo es el creador de la Psicolog\u00eda del Individuo. Adler ve al ser humano como una parte de la totalidad. Para \u00e9l, cuando un estilo de vida equivocado se manifiesta lo hace porque no aparece un sentimiento de comunidad del individuo. Y la proximidad de una tarea como factor ex\u00f3geno hace aparecer el s\u00edntoma: la neurosis, neuropsicosis, criminalidad, etc\u00e9tera. Una vez que se desenmascara la falta de capacidad de convivencia cabe preguntarse d\u00f3nde fue interceptado el sentimiento de comunidad.<\/p>\n<p>Adler coloca a su Psicolog\u00eda del Individuo en el terreno de la evoluci\u00f3n considerando el anhelo humano como una tendencia hacia la perfecci\u00f3n. Todo impulso vital f\u00edsica y ps\u00edquicamente est\u00e1 ligado a ese anhelo. El sentimiento de inferioridad y el sentimiento de comunidad son los pilares b\u00e1sicos de la investigaci\u00f3n de la Psicolog\u00eda Individual de Adler.<\/p>\n<p><a href=\"https:\/\/tavapy.gov.py\/biblioteca\/wp-content\/uploads\/2022\/05\/AdlerA-El-Sentido-De-La-Vida.pdf\" target=\"_blank\" rel=\"attachment noopener wp-att-4974\"><img loading=\"lazy\" decoding=\"async\" class=\"size-full wp-image-4974 alignleft\" src=\"https:\/\/tavapy.gov.py\/biblioteca\/wp-content\/uploads\/2022\/05\/icono-PDF-copia.png\" alt=\"\" width=\"121\" height=\"140\" \/><\/a><\/p>\n","protected":false},"featured_media":5149,"comment_status":"open","ping_status":"closed","template":"","meta":{"spay_email":""},"product_cat":[475],"product_tag":[],"class_list":{"0":"post-5152","1":"product","2":"type-product","3":"status-publish","4":"has-post-thumbnail","6":"book_author-alfred-adler","7":"product_cat-psicologia-psicoanalisis","8":"entry"},"_links":{"self":[{"href":"https:\/\/tavapy.gov.py\/biblioteca\/wp-json\/wp\/v2\/product\/5152","targetHints":{"allow":["GET"]}}],"collection":[{"href":"https:\/\/tavapy.gov.py\/biblioteca\/wp-json\/wp\/v2\/product"}],"about":[{"href":"https:\/\/tavapy.gov.py\/biblioteca\/wp-json\/wp\/v2\/types\/product"}],"replies":[{"embeddable":true,"href":"https:\/\/tavapy.gov.py\/biblioteca\/wp-json\/wp\/v2\/comments?post=5152"}],"wp:featuredmedia":[{"embeddable":true,"href":"https:\/\/tavapy.gov.py\/biblioteca\/wp-json\/wp\/v2\/media\/5149"}],"wp:attachment":[{"href":"https:\/\/tavapy.gov.py\/biblioteca\/wp-json\/wp\/v2\/media?parent=5152"}],"wp:term":[{"taxonomy":"product_cat","embeddable":true,"href":"https:\/\/tavapy.gov.py\/biblioteca\/wp-json\/wp\/v2\/product_cat?post=5152"},{"taxonomy":"product_tag","embeddable":true,"href":"https:\/\/tavapy.gov.py\/biblioteca\/wp-json\/wp\/v2\/product_tag?post=5152"}],"curies":[{"name":"wp","href":"https:\/\/api.w.org\/{rel}","templated":true}]}}