{"id":5153,"date":"2022-05-16T03:34:14","date_gmt":"2022-05-16T03:34:14","guid":{"rendered":"https:\/\/tavapy.gov.py\/biblioteca\/?post_type=product&#038;p=5153"},"modified":"2022-05-16T03:34:14","modified_gmt":"2022-05-16T03:34:14","slug":"como-elaborar-un-proyecto","status":"publish","type":"product","link":"https:\/\/tavapy.gov.py\/biblioteca\/product\/como-elaborar-un-proyecto\/","title":{"rendered":"C\u00d3MO ELABORAR UN PROYECTO."},"content":{"rendered":"","protected":false},"excerpt":{"rendered":"<p>La t\u00e9cnica de elaboraci\u00f3n de proyectos es sin duda uno de los procedimientos de programaci\u00f3n\/planificaci\u00f3n, m\u00e1s \u00fatiles para los docentes y todas aquellas personas implicadas en el \u00e1mbito de la intervenci\u00f3n socio-educativa.<\/p>\n<p>Por este motivo, la principal y m\u00e1s urgente preocupaci\u00f3n de todo educador, en lo referente al manejo de t\u00e9cnicas de planificaci\u00f3n, ha de ser la de aprender a elaborar proyectos.<\/p>\n<p>Para la elaboraci\u00f3n de un proyecto no existe una norma r\u00edgida sino pautas que sirven para organizar ideas, precisar objetivos, establecer cursos de acci\u00f3n y concretar actividades espec\u00edficas. El libro publicado en el 2.005 se propone transmitir esas pautas para planificar.<\/p>\n<p>Consecuentemente, el libro que tienes en tus manos no es un \u00abrecetario\u00bb, sino una \u00abgu\u00eda\u00bb. En ella se establecen pautas y lineamientos generales que se han de utilizar para: \u2022 concretar y precisar lo que se quiere realizar, \u2022 hacer efectivas las decisiones tomadas y \u2022 seguir cursos de acci\u00f3n que conduzcan a la obtenci\u00f3n de determinados resultados.<\/p>\n<p><a href=\"https:\/\/tavapy.gov.py\/biblioteca\/wp-content\/uploads\/2022\/05\/Ander-EggE-Como-elaborar-un-proyecto-Ed18.pdf\" target=\"_blank\" rel=\"attachment noopener wp-att-4974\"><img loading=\"lazy\" decoding=\"async\" class=\"size-full wp-image-4974 alignleft\" src=\"https:\/\/tavapy.gov.py\/biblioteca\/wp-content\/uploads\/2022\/05\/icono-PDF-copia.png\" alt=\"\" width=\"121\" height=\"140\" \/><\/a><\/p>\n","protected":false},"featured_media":5148,"comment_status":"open","ping_status":"closed","template":"","meta":{"spay_email":""},"product_cat":[101],"product_tag":[],"class_list":{"0":"post-5153","1":"product","2":"type-product","3":"status-publish","4":"has-post-thumbnail","6":"book_author-ezequiel-ander-egg","7":"product_cat-metodologia-de-la-investigacion","8":"entry"},"_links":{"self":[{"href":"https:\/\/tavapy.gov.py\/biblioteca\/wp-json\/wp\/v2\/product\/5153","targetHints":{"allow":["GET"]}}],"collection":[{"href":"https:\/\/tavapy.gov.py\/biblioteca\/wp-json\/wp\/v2\/product"}],"about":[{"href":"https:\/\/tavapy.gov.py\/biblioteca\/wp-json\/wp\/v2\/types\/product"}],"replies":[{"embeddable":true,"href":"https:\/\/tavapy.gov.py\/biblioteca\/wp-json\/wp\/v2\/comments?post=5153"}],"wp:featuredmedia":[{"embeddable":true,"href":"https:\/\/tavapy.gov.py\/biblioteca\/wp-json\/wp\/v2\/media\/5148"}],"wp:attachment":[{"href":"https:\/\/tavapy.gov.py\/biblioteca\/wp-json\/wp\/v2\/media?parent=5153"}],"wp:term":[{"taxonomy":"product_cat","embeddable":true,"href":"https:\/\/tavapy.gov.py\/biblioteca\/wp-json\/wp\/v2\/product_cat?post=5153"},{"taxonomy":"product_tag","embeddable":true,"href":"https:\/\/tavapy.gov.py\/biblioteca\/wp-json\/wp\/v2\/product_tag?post=5153"}],"curies":[{"name":"wp","href":"https:\/\/api.w.org\/{rel}","templated":true}]}}