{"id":5155,"date":"2022-05-16T03:41:29","date_gmt":"2022-05-16T03:41:29","guid":{"rendered":"https:\/\/tavapy.gov.py\/biblioteca\/?post_type=product&#038;p=5155"},"modified":"2022-05-16T03:41:29","modified_gmt":"2022-05-16T03:41:29","slug":"yo-robot","status":"publish","type":"product","link":"https:\/\/tavapy.gov.py\/biblioteca\/product\/yo-robot\/","title":{"rendered":"YO, ROBOT."},"content":{"rendered":"","protected":false},"excerpt":{"rendered":"<p>Publicada por primera vez en 1950, cuando la electr\u00f3nica digital estaba en su infancia, Yo, robot result\u00f3 ciertamente visionaria y tendr\u00eda una influencia enorme no s\u00f3lo en toda la ciencia ficci\u00f3n posterior, sino incluso en la propia ciencia de la rob\u00f3tica.<\/p>\n<p>Aqu\u00ed formul\u00f3 Isaac Asimov por primera vez las tres leyes fundamentales de la rob\u00f3tica, de las que se valdr\u00eda para plantear interrogantes que se adentran en el campo de la \u00e9tica y de la psicolog\u00eda: \u00bfqu\u00e9 diferencia hay entre un robot inteligente y un ser humano?, \u00bfpuede el creador de un robot predecir su comportamiento?, \u00bfdebe la l\u00f3gica determinar lo que es mejor para la humanidad?<\/p>\n<p>A trav\u00e9s de una serie de historias conectadas entre s\u00ed por el personaje de la robopsic\u00f3loga Susan Calvin, en las que aparecen todo tipo de m\u00e1quinas inteligentes &#8211;\u00a0 robots que leen el pensamiento, robots que se vuelven locos, robots con sentido del humor o robots pol\u00edticos-, Asimov inventa unos robots cada vez m\u00e1s perfectos, que llegan a convertirse en un desaf\u00edo para sus creadores.<\/p>\n<p><a href=\"https:\/\/tavapy.gov.py\/biblioteca\/wp-content\/uploads\/2022\/05\/AsimovI-Yo-Robot.pdf\" target=\"_blank\" rel=\"noopener\"><img loading=\"lazy\" decoding=\"async\" class=\"size-full wp-image-5154 alignleft\" src=\"https:\/\/tavapy.gov.py\/biblioteca\/wp-content\/uploads\/2022\/05\/icono-PDF-copia-1.png\" alt=\"\" width=\"121\" height=\"140\" \/><\/a><\/p>\n","protected":false},"featured_media":5145,"comment_status":"open","ping_status":"closed","template":"","meta":{"spay_email":""},"product_cat":[556],"product_tag":[],"class_list":{"0":"post-5155","1":"product","2":"type-product","3":"status-publish","4":"has-post-thumbnail","6":"book_author-isaac-asimov","7":"product_cat-cuento-ciencia-ficcion","8":"entry"},"_links":{"self":[{"href":"https:\/\/tavapy.gov.py\/biblioteca\/wp-json\/wp\/v2\/product\/5155","targetHints":{"allow":["GET"]}}],"collection":[{"href":"https:\/\/tavapy.gov.py\/biblioteca\/wp-json\/wp\/v2\/product"}],"about":[{"href":"https:\/\/tavapy.gov.py\/biblioteca\/wp-json\/wp\/v2\/types\/product"}],"replies":[{"embeddable":true,"href":"https:\/\/tavapy.gov.py\/biblioteca\/wp-json\/wp\/v2\/comments?post=5155"}],"wp:featuredmedia":[{"embeddable":true,"href":"https:\/\/tavapy.gov.py\/biblioteca\/wp-json\/wp\/v2\/media\/5145"}],"wp:attachment":[{"href":"https:\/\/tavapy.gov.py\/biblioteca\/wp-json\/wp\/v2\/media?parent=5155"}],"wp:term":[{"taxonomy":"product_cat","embeddable":true,"href":"https:\/\/tavapy.gov.py\/biblioteca\/wp-json\/wp\/v2\/product_cat?post=5155"},{"taxonomy":"product_tag","embeddable":true,"href":"https:\/\/tavapy.gov.py\/biblioteca\/wp-json\/wp\/v2\/product_tag?post=5155"}],"curies":[{"name":"wp","href":"https:\/\/api.w.org\/{rel}","templated":true}]}}