{"id":5157,"date":"2022-05-16T03:46:58","date_gmt":"2022-05-16T03:46:58","guid":{"rendered":"https:\/\/tavapy.gov.py\/biblioteca\/?post_type=product&#038;p=5157"},"modified":"2022-05-16T03:46:58","modified_gmt":"2022-05-16T03:46:58","slug":"entre-el-cristal-y-el-humo-ensayo-sobre-la-organizacion-de-lo-vivo","status":"publish","type":"product","link":"https:\/\/tavapy.gov.py\/biblioteca\/product\/entre-el-cristal-y-el-humo-ensayo-sobre-la-organizacion-de-lo-vivo\/","title":{"rendered":"ENTRE EL CRISTAL Y EL HUMO: ENSAYO SOBRE LA ORGANIZACI\u00d3N DE LO VIVO."},"content":{"rendered":"","protected":false},"excerpt":{"rendered":"<p>El concepto \u201cdisidencia\u201d cobra sentido cuando las reglas que nos regulan, disciplinan y adormecen se evidencian en su radical arbitrariedad; cuando los que ganan regulando empiezan a ganar menos de lo acostumbrado y el peso de las consecuencias recae sobre los sometidos a su dictamen. En tiempos de crisis es imperativo reflexionar sobre los fundamentos; los fundamentos inconfesos del orden nominal y ficticio que nos atrapa.<\/p>\n<p>Henri Atlan propuso un concepto biol\u00f3gico de vida que fluctuaba entre la rigurosa permanencia inmutable del cristal y la evanescente mutaci\u00f3n del humo; un concepto de \u201cvida\u201d que desdec\u00eda los c\u00e1nones convencionales, una vida que, en realidad, era un constante e inestable circular entre lo vivo y lo muerto, entre el cristal y el humo.<\/p>\n<p>En estos tiempos, la ciencia sociol\u00f3gica tiene que reflexionar acerca de los fundamentos de nuestra condici\u00f3n de seres \u201csociables\u201d (o sociablemente adoctrinados) estableciendo las fluctuaciones que regulan \u00e9sa nuestra condici\u00f3n (no somos seres p\u00e9treos o cristalinos, pero tampoco plenamente d\u00factiles o hum\u00eddicos; somos una mezcla, todav\u00eda incomprendida, de ambas cosas&#8230; y mucho m\u00e1s&#8230;<\/p>\n<p>La obra de Henri Atlan fue publicada en 1.990.<\/p>\n<p><a href=\"https:\/\/tavapy.gov.py\/biblioteca\/wp-content\/uploads\/2022\/05\/AtlanH-Entre-el-cristal-y-el-humo.pdf\" target=\"_blank\" rel=\"attachment noopener wp-att-5154\"><img loading=\"lazy\" decoding=\"async\" class=\"size-full wp-image-5154 alignleft\" src=\"https:\/\/tavapy.gov.py\/biblioteca\/wp-content\/uploads\/2022\/05\/icono-PDF-copia-1.png\" alt=\"\" width=\"121\" height=\"140\" \/><\/a><\/p>\n","protected":false},"featured_media":5144,"comment_status":"open","ping_status":"closed","template":"","meta":{"spay_email":""},"product_cat":[177],"product_tag":[],"class_list":{"0":"post-5157","1":"product","2":"type-product","3":"status-publish","4":"has-post-thumbnail","6":"book_author-henri-atlan","7":"product_cat-biologia-moderna","8":"entry"},"_links":{"self":[{"href":"https:\/\/tavapy.gov.py\/biblioteca\/wp-json\/wp\/v2\/product\/5157","targetHints":{"allow":["GET"]}}],"collection":[{"href":"https:\/\/tavapy.gov.py\/biblioteca\/wp-json\/wp\/v2\/product"}],"about":[{"href":"https:\/\/tavapy.gov.py\/biblioteca\/wp-json\/wp\/v2\/types\/product"}],"replies":[{"embeddable":true,"href":"https:\/\/tavapy.gov.py\/biblioteca\/wp-json\/wp\/v2\/comments?post=5157"}],"wp:featuredmedia":[{"embeddable":true,"href":"https:\/\/tavapy.gov.py\/biblioteca\/wp-json\/wp\/v2\/media\/5144"}],"wp:attachment":[{"href":"https:\/\/tavapy.gov.py\/biblioteca\/wp-json\/wp\/v2\/media?parent=5157"}],"wp:term":[{"taxonomy":"product_cat","embeddable":true,"href":"https:\/\/tavapy.gov.py\/biblioteca\/wp-json\/wp\/v2\/product_cat?post=5157"},{"taxonomy":"product_tag","embeddable":true,"href":"https:\/\/tavapy.gov.py\/biblioteca\/wp-json\/wp\/v2\/product_tag?post=5157"}],"curies":[{"name":"wp","href":"https:\/\/api.w.org\/{rel}","templated":true}]}}