{"id":5158,"date":"2022-05-16T03:51:11","date_gmt":"2022-05-16T03:51:11","guid":{"rendered":"https:\/\/tavapy.gov.py\/biblioteca\/?post_type=product&#038;p=5158"},"modified":"2022-05-16T03:51:11","modified_gmt":"2022-05-16T03:51:11","slug":"el-politico","status":"publish","type":"product","link":"https:\/\/tavapy.gov.py\/biblioteca\/product\/el-politico\/","title":{"rendered":"EL POL\u00cdTICO."},"content":{"rendered":"","protected":false},"excerpt":{"rendered":"<p>El Pol\u00edtico, obra publicada en 1.908 en la que Azor\u00edn cifra la teor\u00eda pol\u00edtica de la peque\u00f1a filosof\u00eda, presenta una gran coherencia entre los ideales pol\u00edtico-morales que propugna y los valores estil\u00edsticos desde los que se configura.<\/p>\n<p>\u00c9tica y est\u00e9tica discurren en el texto en indisoluble unidad, en lo que es una clara recuperaci\u00f3n de un clasicismo que se despliega hacia adelante como decidido retorno a los ideales pre-ilustrados propios de la tradici\u00f3n velada. Y tienen un mismo car\u00e1cter normativo porque ambas \u00e9tica y est\u00e9tica hunden sus ra\u00edces en una misma comprensi\u00f3n de la verdad que no puede ser separada del bien y de la belleza.<\/p>\n<p>Azor\u00edn desvela el sentido moderno de una ret\u00f3rica antigua, y ofrece una comprensi\u00f3n del arte que informa un estilo de vida. La figura del pol\u00edtico que se levanta en el texto se confunde con la del escritor y con la del artista, y los consejos pr\u00e1cticos dirigidos a la educaci\u00f3n del pol\u00edtico encuentran traducci\u00f3n inmediata en una correspondiente educaci\u00f3n est\u00e9tica y en una igualmente correspondiente educaci\u00f3n pr\u00e1ctica para la vida cotidiana.<\/p>\n<p><a href=\"https:\/\/tavapy.gov.py\/biblioteca\/wp-content\/uploads\/2022\/05\/Azorin-El-politico.pdf\" target=\"_blank\" rel=\"attachment noopener wp-att-5154\"><img loading=\"lazy\" decoding=\"async\" class=\"size-full wp-image-5154 alignleft\" src=\"https:\/\/tavapy.gov.py\/biblioteca\/wp-content\/uploads\/2022\/05\/icono-PDF-copia-1.png\" alt=\"\" width=\"121\" height=\"140\" \/><\/a><\/p>\n","protected":false},"featured_media":5139,"comment_status":"open","ping_status":"closed","template":"","meta":{"spay_email":""},"product_cat":[48],"product_tag":[],"class_list":{"0":"post-5158","1":"product","2":"type-product","3":"status-publish","4":"has-post-thumbnail","6":"book_author-azorin","7":"product_cat-politica","8":"entry"},"_links":{"self":[{"href":"https:\/\/tavapy.gov.py\/biblioteca\/wp-json\/wp\/v2\/product\/5158","targetHints":{"allow":["GET"]}}],"collection":[{"href":"https:\/\/tavapy.gov.py\/biblioteca\/wp-json\/wp\/v2\/product"}],"about":[{"href":"https:\/\/tavapy.gov.py\/biblioteca\/wp-json\/wp\/v2\/types\/product"}],"replies":[{"embeddable":true,"href":"https:\/\/tavapy.gov.py\/biblioteca\/wp-json\/wp\/v2\/comments?post=5158"}],"wp:featuredmedia":[{"embeddable":true,"href":"https:\/\/tavapy.gov.py\/biblioteca\/wp-json\/wp\/v2\/media\/5139"}],"wp:attachment":[{"href":"https:\/\/tavapy.gov.py\/biblioteca\/wp-json\/wp\/v2\/media?parent=5158"}],"wp:term":[{"taxonomy":"product_cat","embeddable":true,"href":"https:\/\/tavapy.gov.py\/biblioteca\/wp-json\/wp\/v2\/product_cat?post=5158"},{"taxonomy":"product_tag","embeddable":true,"href":"https:\/\/tavapy.gov.py\/biblioteca\/wp-json\/wp\/v2\/product_tag?post=5158"}],"curies":[{"name":"wp","href":"https:\/\/api.w.org\/{rel}","templated":true}]}}