{"id":5159,"date":"2022-05-16T03:54:07","date_gmt":"2022-05-16T03:54:07","guid":{"rendered":"https:\/\/tavapy.gov.py\/biblioteca\/?post_type=product&#038;p=5159"},"modified":"2022-05-16T03:54:07","modified_gmt":"2022-05-16T03:54:07","slug":"la-formacion-del-espiritu-cientifico","status":"publish","type":"product","link":"https:\/\/tavapy.gov.py\/biblioteca\/product\/la-formacion-del-espiritu-cientifico\/","title":{"rendered":"LA FORMACI\u00d3N DEL ESP\u00cdRITU CIENT\u00cdFICO."},"content":{"rendered":"","protected":false},"excerpt":{"rendered":"<p>Cuando se investigan las condiciones psicol\u00f3gicas del progreso de la ciencia, se llega muy pronto a la convicci\u00f3n de que hay que plantear el problema del conocimiento cient\u00edfico en t\u00e9rminos de obst\u00e1culos.<\/p>\n<p>Es en el acto mismo de conocer, \u00edntimamente, donde aparecen, por una especie de necesidad funcional, los entorpecimientos y las confusiones.<\/p>\n<p>Es ah\u00ed donde discerniremos causas de inercia que llamaremos obst\u00e1culos epistemol\u00f3gicos. La noci\u00f3n de obst\u00e1culo epistemol\u00f3gico, pues, en el pensamiento de Bachelard es de una importancia central: s\u00f3lo mediante un adecuado psicoan\u00e1lisis del esp\u00edritu puede \u00e9ste alcanzar plenamente el conocimiento objetivo.<\/p>\n<p>La obra de Gaston Bachelard fue publicada en 1.938.<\/p>\n<p><a href=\"https:\/\/tavapy.gov.py\/biblioteca\/wp-content\/uploads\/2022\/05\/BachelardG-La-formacion-del-espiritu-cient...pdf\" target=\"_blank\" rel=\"attachment noopener wp-att-5154\"><img loading=\"lazy\" decoding=\"async\" class=\"size-full wp-image-5154 alignleft\" src=\"https:\/\/tavapy.gov.py\/biblioteca\/wp-content\/uploads\/2022\/05\/icono-PDF-copia-1.png\" alt=\"\" width=\"121\" height=\"140\" \/><\/a><\/p>\n","protected":false},"featured_media":5138,"comment_status":"open","ping_status":"closed","template":"","meta":{"spay_email":""},"product_cat":[551],"product_tag":[],"class_list":{"0":"post-5159","1":"product","2":"type-product","3":"status-publish","4":"has-post-thumbnail","6":"book_author-gaston-bachelard","7":"product_cat-epistemologia-historia-de-la-ciencia","8":"entry"},"_links":{"self":[{"href":"https:\/\/tavapy.gov.py\/biblioteca\/wp-json\/wp\/v2\/product\/5159","targetHints":{"allow":["GET"]}}],"collection":[{"href":"https:\/\/tavapy.gov.py\/biblioteca\/wp-json\/wp\/v2\/product"}],"about":[{"href":"https:\/\/tavapy.gov.py\/biblioteca\/wp-json\/wp\/v2\/types\/product"}],"replies":[{"embeddable":true,"href":"https:\/\/tavapy.gov.py\/biblioteca\/wp-json\/wp\/v2\/comments?post=5159"}],"wp:featuredmedia":[{"embeddable":true,"href":"https:\/\/tavapy.gov.py\/biblioteca\/wp-json\/wp\/v2\/media\/5138"}],"wp:attachment":[{"href":"https:\/\/tavapy.gov.py\/biblioteca\/wp-json\/wp\/v2\/media?parent=5159"}],"wp:term":[{"taxonomy":"product_cat","embeddable":true,"href":"https:\/\/tavapy.gov.py\/biblioteca\/wp-json\/wp\/v2\/product_cat?post=5159"},{"taxonomy":"product_tag","embeddable":true,"href":"https:\/\/tavapy.gov.py\/biblioteca\/wp-json\/wp\/v2\/product_tag?post=5159"}],"curies":[{"name":"wp","href":"https:\/\/api.w.org\/{rel}","templated":true}]}}