{"id":5160,"date":"2022-05-16T03:58:36","date_gmt":"2022-05-16T03:58:36","guid":{"rendered":"https:\/\/tavapy.gov.py\/biblioteca\/?post_type=product&#038;p=5160"},"modified":"2022-05-16T03:58:36","modified_gmt":"2022-05-16T03:58:36","slug":"la-nueva-atlantida","status":"publish","type":"product","link":"https:\/\/tavapy.gov.py\/biblioteca\/product\/la-nueva-atlantida\/","title":{"rendered":"LA NUEVA ATL\u00c1NTIDA."},"content":{"rendered":"","protected":false},"excerpt":{"rendered":"<p>Nueva Atl\u00e1ntida es la obra ut\u00f3pica de Francis Bacon (1561-1626), el gran positivista ingl\u00e9s y uno de los supuestos padres de la ciencia moderna.<\/p>\n<p>Esta obra inacabada, escrita en 1623 y publicada p\u00f3stumamente en 1627, es un ejemplo de literatura ut\u00f3pica, un proyecto de la raz\u00f3n social, pol\u00edtica y cient\u00edfica. En ella se nos muestra la isla de Bensalem, paradigma de comunidad donde, de la mano de la ciencia, reina la concordia y la felicidad.<\/p>\n<p>Bajo la apariencia de una historia veraz, Bacon nos describe una sociedad ficticia en la que la investigaci\u00f3n concebida seg\u00fan su nuevo m\u00e9todo es una realidad, dando as\u00ed una salida ideal a su fracasada ambici\u00f3n de crear una comunidad de cient\u00edficos. La Casa de Salom\u00f3n, sustituto imaginario de esa comunidad, es, pues, la protagonista de esta obra.<\/p>\n<p><a href=\"https:\/\/tavapy.gov.py\/biblioteca\/wp-content\/uploads\/2022\/05\/BaconF-La-nueva-Atlantida.pdf\" target=\"_blank\" rel=\"attachment noopener wp-att-5154\"><img loading=\"lazy\" decoding=\"async\" class=\"size-full wp-image-5154 alignleft\" src=\"https:\/\/tavapy.gov.py\/biblioteca\/wp-content\/uploads\/2022\/05\/icono-PDF-copia-1.png\" alt=\"\" width=\"121\" height=\"140\" \/><\/a><\/p>\n","protected":false},"featured_media":5134,"comment_status":"open","ping_status":"closed","template":"","meta":{"spay_email":""},"product_cat":[570],"product_tag":[],"class_list":{"0":"post-5160","1":"product","2":"type-product","3":"status-publish","4":"has-post-thumbnail","6":"book_author-francis-bacon","7":"product_cat-novela-utopica","8":"entry"},"_links":{"self":[{"href":"https:\/\/tavapy.gov.py\/biblioteca\/wp-json\/wp\/v2\/product\/5160","targetHints":{"allow":["GET"]}}],"collection":[{"href":"https:\/\/tavapy.gov.py\/biblioteca\/wp-json\/wp\/v2\/product"}],"about":[{"href":"https:\/\/tavapy.gov.py\/biblioteca\/wp-json\/wp\/v2\/types\/product"}],"replies":[{"embeddable":true,"href":"https:\/\/tavapy.gov.py\/biblioteca\/wp-json\/wp\/v2\/comments?post=5160"}],"wp:featuredmedia":[{"embeddable":true,"href":"https:\/\/tavapy.gov.py\/biblioteca\/wp-json\/wp\/v2\/media\/5134"}],"wp:attachment":[{"href":"https:\/\/tavapy.gov.py\/biblioteca\/wp-json\/wp\/v2\/media?parent=5160"}],"wp:term":[{"taxonomy":"product_cat","embeddable":true,"href":"https:\/\/tavapy.gov.py\/biblioteca\/wp-json\/wp\/v2\/product_cat?post=5160"},{"taxonomy":"product_tag","embeddable":true,"href":"https:\/\/tavapy.gov.py\/biblioteca\/wp-json\/wp\/v2\/product_tag?post=5160"}],"curies":[{"name":"wp","href":"https:\/\/api.w.org\/{rel}","templated":true}]}}