{"id":5161,"date":"2022-05-17T00:14:25","date_gmt":"2022-05-17T00:14:25","guid":{"rendered":"https:\/\/tavapy.gov.py\/biblioteca\/?post_type=product&#038;p=5161"},"modified":"2022-05-17T00:14:26","modified_gmt":"2022-05-17T00:14:26","slug":"dios-y-el-estado","status":"publish","type":"product","link":"https:\/\/tavapy.gov.py\/biblioteca\/product\/dios-y-el-estado\/","title":{"rendered":"DIOS Y EL ESTADO."},"content":{"rendered":"","protected":false},"excerpt":{"rendered":"<p>Texto de incierta ubicaci\u00f3n dentro de la extensa, apresurada y fragmentaria obra de Mija\u00edl Bakunin (1814-1876), \u00abDios y el Estado\u00bb, escrito en 1871, no tard\u00f3 en tomar vida y autonom\u00eda por s\u00ed solo, hasta el punto de convertirse en uno de los manifiestos fundamentales del pensamiento anarquista y un cl\u00e1sico del pensamiento pol\u00edtico.<\/p>\n<p>Animado por sus tres pilares program\u00e1ticos (la abolici\u00f3n de las formas de explotaci\u00f3n, el ate\u00edsmo y el antiautoritarismo), el autor formula una vehemente defensa de la libertad del ser humano y de su derecho a organizarse socialmente fuera del yugo que supone la autoridad de Dios, en primer lugar, y, en segundo, del Estado que, con las revoluciones liberales del siglo XIX, viene a ocupar el lugar que aqu\u00e9l ostent\u00f3 desde tiempos remotos.<\/p>\n<p>Aun cuando el mundo haya cambiado mucho, sobre todo en sus formas externas, desde que este texto fuera dado a conocer, y hoy parezcan dominar las grandes corporaciones con ayuda de la tecnolog\u00eda, las palabras de Bakunin emiten todav\u00eda un mensaje cuyas corrientes profundas siguen despertando eco y moviendo a la reflexi\u00f3n.<\/p>\n<p><a href=\"https:\/\/tavapy.gov.py\/biblioteca\/wp-content\/uploads\/2022\/05\/BakuninM-Dios-y-el-Estado.pdf\" target=\"_blank\" rel=\"attachment noopener wp-att-5154\"><img loading=\"lazy\" decoding=\"async\" class=\"size-full wp-image-5154 alignleft\" src=\"https:\/\/tavapy.gov.py\/biblioteca\/wp-content\/uploads\/2022\/05\/icono-PDF-copia-1.png\" alt=\"\" width=\"121\" height=\"140\" \/><\/a><\/p>\n","protected":false},"featured_media":5133,"comment_status":"open","ping_status":"closed","template":"","meta":{"spay_email":""},"product_cat":[48],"product_tag":[],"class_list":{"0":"post-5161","1":"product","2":"type-product","3":"status-publish","4":"has-post-thumbnail","6":"book_author-mijail-bakunin","7":"product_cat-politica","8":"entry"},"_links":{"self":[{"href":"https:\/\/tavapy.gov.py\/biblioteca\/wp-json\/wp\/v2\/product\/5161","targetHints":{"allow":["GET"]}}],"collection":[{"href":"https:\/\/tavapy.gov.py\/biblioteca\/wp-json\/wp\/v2\/product"}],"about":[{"href":"https:\/\/tavapy.gov.py\/biblioteca\/wp-json\/wp\/v2\/types\/product"}],"replies":[{"embeddable":true,"href":"https:\/\/tavapy.gov.py\/biblioteca\/wp-json\/wp\/v2\/comments?post=5161"}],"wp:featuredmedia":[{"embeddable":true,"href":"https:\/\/tavapy.gov.py\/biblioteca\/wp-json\/wp\/v2\/media\/5133"}],"wp:attachment":[{"href":"https:\/\/tavapy.gov.py\/biblioteca\/wp-json\/wp\/v2\/media?parent=5161"}],"wp:term":[{"taxonomy":"product_cat","embeddable":true,"href":"https:\/\/tavapy.gov.py\/biblioteca\/wp-json\/wp\/v2\/product_cat?post=5161"},{"taxonomy":"product_tag","embeddable":true,"href":"https:\/\/tavapy.gov.py\/biblioteca\/wp-json\/wp\/v2\/product_tag?post=5161"}],"curies":[{"name":"wp","href":"https:\/\/api.w.org\/{rel}","templated":true}]}}