{"id":5163,"date":"2022-05-17T00:27:49","date_gmt":"2022-05-17T00:27:49","guid":{"rendered":"https:\/\/tavapy.gov.py\/biblioteca\/?post_type=product&#038;p=5163"},"modified":"2022-05-17T00:27:50","modified_gmt":"2022-05-17T00:27:50","slug":"el-universo-como-obra-de-arte","status":"publish","type":"product","link":"https:\/\/tavapy.gov.py\/biblioteca\/product\/el-universo-como-obra-de-arte\/","title":{"rendered":"EL UNIVERSO COMO OBRA DE ARTE."},"content":{"rendered":"","protected":false},"excerpt":{"rendered":"<p>La ciencia y el arte son actividades inequ\u00edvocamente humanas, que testimonian un deseo de ver m\u00e1s all\u00e1 de lo visible y muestran los \u00e9xitos culminantes de las perspectivas objetiva y subjetiva del mundo. Pero aunque manan de una misma fuente \u2013la cuidadosa observaci\u00f3n de las cosas- elaboran teor\u00edas diferentes acerca de \u00e9ste: qu\u00e9 significa, cu\u00e1les son sus verdaderas conexiones internas.<\/p>\n<p>Este libro publicado en 1.995 del eminente astrof\u00edsico John D. Barrow es un intento de examinar con ojos de cient\u00edfico algunas cosas que normalmente se mantienen fuera de la visi\u00f3n cient\u00edfica: aquellas que son admiradas antes que explicadas. Para ello se plantea cuestiones como por qu\u00e9 preferimos algunas formas particulares de arte y de m\u00fasica, cu\u00e1les son los or\u00edgenes de nuestro sentido de la belleza, o si la estructura de nuestra mente puede determinar qu\u00e9 asuntos filos\u00f3ficos nos parecen estimulantes.<\/p>\n<p>Para responder a \u00e9stas y a otras preguntas, el autor se aventura en un territorio fascinante, misterioso y en gran parte inexplorado donde se dan cita la f\u00edsica, la cosmolog\u00eda, la cibern\u00e9tica, la biolog\u00eda evolutiva, el arte, la historia y la filosof\u00eda. La investigaci\u00f3n de Barrow ilustra las m\u00faltiples v\u00edas a trav\u00e9s de las cuales la estructura del universo ha modelado nuestro pensamiento y nuestro gusto est\u00e9tico y termina relacionando los dominios tradicionalmente separados del arte y la ciencia.<\/p>\n<p>Y respondiendo a preguntas del tipo de c\u00f3mo nuestro entorno c\u00f3smico y planetario afecta nuestra apreciaci\u00f3n art\u00edstica del paisaje, cu\u00e1l es el origen de los colores naturales o de la m\u00fasica, un arte que tiene, como pocos, el poder de influir en nuestras emociones. Lo menos que puede decirse de esta obra es que en ella la ciencia, el arte, la antropolog\u00eda y la filosof\u00eda se unen en una irresistible y subyugadora combinaci\u00f3n.<\/p>\n<p><a href=\"https:\/\/tavapy.gov.py\/biblioteca\/wp-content\/uploads\/2022\/05\/Barrow-J-El-universo-como-obra-de-arte.pdf\" target=\"_blank\" rel=\"attachment noopener wp-att-5154\"><img loading=\"lazy\" decoding=\"async\" class=\"size-full wp-image-5154 alignleft\" src=\"https:\/\/tavapy.gov.py\/biblioteca\/wp-content\/uploads\/2022\/05\/icono-PDF-copia-1.png\" alt=\"\" width=\"121\" height=\"140\" \/><\/a><\/p>\n","protected":false},"featured_media":5126,"comment_status":"open","ping_status":"closed","template":"","meta":{"spay_email":""},"product_cat":[162],"product_tag":[],"class_list":{"0":"post-5163","1":"product","2":"type-product","3":"status-publish","4":"has-post-thumbnail","6":"book_author-john-david-barrow","7":"product_cat-estudio-interdisciplinario","8":"entry"},"_links":{"self":[{"href":"https:\/\/tavapy.gov.py\/biblioteca\/wp-json\/wp\/v2\/product\/5163","targetHints":{"allow":["GET"]}}],"collection":[{"href":"https:\/\/tavapy.gov.py\/biblioteca\/wp-json\/wp\/v2\/product"}],"about":[{"href":"https:\/\/tavapy.gov.py\/biblioteca\/wp-json\/wp\/v2\/types\/product"}],"replies":[{"embeddable":true,"href":"https:\/\/tavapy.gov.py\/biblioteca\/wp-json\/wp\/v2\/comments?post=5163"}],"wp:featuredmedia":[{"embeddable":true,"href":"https:\/\/tavapy.gov.py\/biblioteca\/wp-json\/wp\/v2\/media\/5126"}],"wp:attachment":[{"href":"https:\/\/tavapy.gov.py\/biblioteca\/wp-json\/wp\/v2\/media?parent=5163"}],"wp:term":[{"taxonomy":"product_cat","embeddable":true,"href":"https:\/\/tavapy.gov.py\/biblioteca\/wp-json\/wp\/v2\/product_cat?post=5163"},{"taxonomy":"product_tag","embeddable":true,"href":"https:\/\/tavapy.gov.py\/biblioteca\/wp-json\/wp\/v2\/product_tag?post=5163"}],"curies":[{"name":"wp","href":"https:\/\/api.w.org\/{rel}","templated":true}]}}