{"id":5164,"date":"2022-05-17T00:32:42","date_gmt":"2022-05-17T00:32:42","guid":{"rendered":"https:\/\/tavapy.gov.py\/biblioteca\/?post_type=product&#038;p=5164"},"modified":"2022-05-17T00:32:43","modified_gmt":"2022-05-17T00:32:43","slug":"la-sociedad-individualizada","status":"publish","type":"product","link":"https:\/\/tavapy.gov.py\/biblioteca\/product\/la-sociedad-individualizada\/","title":{"rendered":"LA SOCIEDAD INDIVIDUALIZADA."},"content":{"rendered":"","protected":false},"excerpt":{"rendered":"<p>Seg\u00fan el autor de esta obra publicada en el 2.001, la funci\u00f3n de la sociolog\u00eda no es censurar o corregir las historias que contamos sobre nuestras vidas, sino mostrar que existen otros modos de contarlas.<\/p>\n<p>Analizando las numerosas dependencias a las que estamos sujetos, y que son invisibles desde el punto de vista de la experiencia personal, la sociolog\u00eda puede ayudarnos a relacionar nuestras acciones y decisiones individuales con los or\u00edgenes de nuestros problemas y temores.<\/p>\n<p>Y tambi\u00e9n puede ayudarnos a comprender que si queremos superar nuestras inquietudes, individuales y aun as\u00ed compartidas, deberemos hacerlo colectivamente, de acuerdo con su naturaleza no individual sino social.<\/p>\n<p><a href=\"https:\/\/tavapy.gov.py\/biblioteca\/wp-content\/uploads\/2022\/05\/BaumanZ-La_sociedad_individualizada.pdf\" target=\"_blank\" rel=\"attachment noopener wp-att-5154\"><img loading=\"lazy\" decoding=\"async\" class=\"size-full wp-image-5154 alignleft\" src=\"https:\/\/tavapy.gov.py\/biblioteca\/wp-content\/uploads\/2022\/05\/icono-PDF-copia-1.png\" alt=\"\" width=\"121\" height=\"140\" \/><\/a><\/p>\n","protected":false},"featured_media":5122,"comment_status":"open","ping_status":"closed","template":"","meta":{"spay_email":""},"product_cat":[70],"product_tag":[],"class_list":{"0":"post-5164","1":"product","2":"type-product","3":"status-publish","4":"has-post-thumbnail","6":"book_author-zygmunt-bauman","7":"product_cat-sociologia","8":"entry"},"_links":{"self":[{"href":"https:\/\/tavapy.gov.py\/biblioteca\/wp-json\/wp\/v2\/product\/5164","targetHints":{"allow":["GET"]}}],"collection":[{"href":"https:\/\/tavapy.gov.py\/biblioteca\/wp-json\/wp\/v2\/product"}],"about":[{"href":"https:\/\/tavapy.gov.py\/biblioteca\/wp-json\/wp\/v2\/types\/product"}],"replies":[{"embeddable":true,"href":"https:\/\/tavapy.gov.py\/biblioteca\/wp-json\/wp\/v2\/comments?post=5164"}],"wp:featuredmedia":[{"embeddable":true,"href":"https:\/\/tavapy.gov.py\/biblioteca\/wp-json\/wp\/v2\/media\/5122"}],"wp:attachment":[{"href":"https:\/\/tavapy.gov.py\/biblioteca\/wp-json\/wp\/v2\/media?parent=5164"}],"wp:term":[{"taxonomy":"product_cat","embeddable":true,"href":"https:\/\/tavapy.gov.py\/biblioteca\/wp-json\/wp\/v2\/product_cat?post=5164"},{"taxonomy":"product_tag","embeddable":true,"href":"https:\/\/tavapy.gov.py\/biblioteca\/wp-json\/wp\/v2\/product_tag?post=5164"}],"curies":[{"name":"wp","href":"https:\/\/api.w.org\/{rel}","templated":true}]}}