{"id":5165,"date":"2022-05-17T00:37:31","date_gmt":"2022-05-17T00:37:31","guid":{"rendered":"https:\/\/tavapy.gov.py\/biblioteca\/?post_type=product&#038;p=5165"},"modified":"2022-05-17T00:37:31","modified_gmt":"2022-05-17T00:37:31","slug":"el-libro-de-los-gorriones","status":"publish","type":"product","link":"https:\/\/tavapy.gov.py\/biblioteca\/product\/el-libro-de-los-gorriones\/","title":{"rendered":"EL LIBRO DE LOS GORRIONES."},"content":{"rendered":"","protected":false},"excerpt":{"rendered":"<p>Amor, muerte, poes\u00eda. Los tres ejes del Libro de los gorriones, las Obras de 1871, con que son menos conocidos los lapidarios versos de Gustavo Adolfo B\u00e9cquer (Sevilla, 1836 &#8211; Madrid, 1870) all\u00ed reunidos y aqu\u00ed ofrecidos en el orden de lo publicado tras la muerte -prematura, rec\u00f3ndita- del poeta, quien, sabido es, no lleg\u00f3 a verlos, juntos, en letras de molde.<\/p>\n<p>Nada hay de pat\u00e9tico en B\u00e9cquer, pues la tristeza o la melancol\u00eda nacen de la profundidad y en ella reposan. El transporte al papel dota de cuerpo, esbelto, delicado, a lo que sali\u00f3 del alma.<\/p>\n<p>La palabra como concepto desnudo del universo interior, espejo de las alturas con estrellas y paisajes fosforescentes.<\/p>\n<p><a href=\"https:\/\/tavapy.gov.py\/biblioteca\/wp-content\/uploads\/2022\/05\/BecquerG-Libro-De-Los-Gorriones.pdf\" target=\"_blank\" rel=\"attachment noopener wp-att-5154\"><img loading=\"lazy\" decoding=\"async\" class=\"size-full wp-image-5154 alignleft\" src=\"https:\/\/tavapy.gov.py\/biblioteca\/wp-content\/uploads\/2022\/05\/icono-PDF-copia-1.png\" alt=\"\" width=\"121\" height=\"140\" \/><\/a><\/p>\n","protected":false},"featured_media":5120,"comment_status":"open","ping_status":"closed","template":"","meta":{"spay_email":""},"product_cat":[97],"product_tag":[],"class_list":{"0":"post-5165","1":"product","2":"type-product","3":"status-publish","4":"has-post-thumbnail","6":"book_author-gustavo-adolfo-becquer","7":"product_cat-poesia","8":"entry"},"_links":{"self":[{"href":"https:\/\/tavapy.gov.py\/biblioteca\/wp-json\/wp\/v2\/product\/5165","targetHints":{"allow":["GET"]}}],"collection":[{"href":"https:\/\/tavapy.gov.py\/biblioteca\/wp-json\/wp\/v2\/product"}],"about":[{"href":"https:\/\/tavapy.gov.py\/biblioteca\/wp-json\/wp\/v2\/types\/product"}],"replies":[{"embeddable":true,"href":"https:\/\/tavapy.gov.py\/biblioteca\/wp-json\/wp\/v2\/comments?post=5165"}],"wp:featuredmedia":[{"embeddable":true,"href":"https:\/\/tavapy.gov.py\/biblioteca\/wp-json\/wp\/v2\/media\/5120"}],"wp:attachment":[{"href":"https:\/\/tavapy.gov.py\/biblioteca\/wp-json\/wp\/v2\/media?parent=5165"}],"wp:term":[{"taxonomy":"product_cat","embeddable":true,"href":"https:\/\/tavapy.gov.py\/biblioteca\/wp-json\/wp\/v2\/product_cat?post=5165"},{"taxonomy":"product_tag","embeddable":true,"href":"https:\/\/tavapy.gov.py\/biblioteca\/wp-json\/wp\/v2\/product_tag?post=5165"}],"curies":[{"name":"wp","href":"https:\/\/api.w.org\/{rel}","templated":true}]}}