{"id":5167,"date":"2022-05-17T00:46:57","date_gmt":"2022-05-17T00:46:57","guid":{"rendered":"https:\/\/tavapy.gov.py\/biblioteca\/?post_type=product&#038;p=5167"},"modified":"2022-05-17T00:46:58","modified_gmt":"2022-05-17T00:46:58","slug":"psicologia-de-la-gratitud","status":"publish","type":"product","link":"https:\/\/tavapy.gov.py\/biblioteca\/product\/psicologia-de-la-gratitud\/","title":{"rendered":"PSICOLOG\u00cdA DE LA GRATITUD."},"content":{"rendered":"","protected":false},"excerpt":{"rendered":"<p>El presente libro publicado en el 2.014, ofrece un mayor conocimiento acerca de la gratitud, concepto altamente relevante para el bienestar y la felicidad. Se describe c\u00f3mo ha sido abordado desde la Psicolog\u00eda, mostrando un mapa te\u00f3rico-emp\u00edrico e integrando las diversas propuestas.<\/p>\n<p>Se presenta una definici\u00f3n m\u00e1s comprehensiva y precisa de la gratitud de lo que hasta ahora se hab\u00eda propuesto, que sirve como base para la elaboraci\u00f3n de un instrumento de medida. Se aborda desde un enfoque integrador, enmarc\u00e1ndose en la Psicolog\u00eda Positiva y Existencial, integr\u00e1ndola con la apertura a la trascendencia y analizando su relaci\u00f3n con la religiosidad, la espiritualidad y el sentido de la vida, variables que son concebidas como actitudes existenciales.<\/p>\n<p><a href=\"https:\/\/tavapy.gov.py\/biblioteca\/wp-content\/uploads\/2022\/05\/Bernabe-G-Psicologia-de-la-Gratitud.pdf\" target=\"_blank\" rel=\"attachment noopener wp-att-5154\"><img loading=\"lazy\" decoding=\"async\" class=\"size-full wp-image-5154 alignleft\" src=\"https:\/\/tavapy.gov.py\/biblioteca\/wp-content\/uploads\/2022\/05\/icono-PDF-copia-1.png\" alt=\"\" width=\"121\" height=\"140\" \/><\/a><\/p>\n","protected":false},"featured_media":5115,"comment_status":"open","ping_status":"closed","template":"","meta":{"spay_email":""},"product_cat":[67],"product_tag":[],"class_list":{"0":"post-5167","1":"product","2":"type-product","3":"status-publish","4":"has-post-thumbnail","6":"book_author-gloria-bernabe-valero","7":"product_cat-psicologia","8":"entry"},"_links":{"self":[{"href":"https:\/\/tavapy.gov.py\/biblioteca\/wp-json\/wp\/v2\/product\/5167","targetHints":{"allow":["GET"]}}],"collection":[{"href":"https:\/\/tavapy.gov.py\/biblioteca\/wp-json\/wp\/v2\/product"}],"about":[{"href":"https:\/\/tavapy.gov.py\/biblioteca\/wp-json\/wp\/v2\/types\/product"}],"replies":[{"embeddable":true,"href":"https:\/\/tavapy.gov.py\/biblioteca\/wp-json\/wp\/v2\/comments?post=5167"}],"wp:featuredmedia":[{"embeddable":true,"href":"https:\/\/tavapy.gov.py\/biblioteca\/wp-json\/wp\/v2\/media\/5115"}],"wp:attachment":[{"href":"https:\/\/tavapy.gov.py\/biblioteca\/wp-json\/wp\/v2\/media?parent=5167"}],"wp:term":[{"taxonomy":"product_cat","embeddable":true,"href":"https:\/\/tavapy.gov.py\/biblioteca\/wp-json\/wp\/v2\/product_cat?post=5167"},{"taxonomy":"product_tag","embeddable":true,"href":"https:\/\/tavapy.gov.py\/biblioteca\/wp-json\/wp\/v2\/product_tag?post=5167"}],"curies":[{"name":"wp","href":"https:\/\/api.w.org\/{rel}","templated":true}]}}