{"id":5168,"date":"2022-05-17T00:52:45","date_gmt":"2022-05-17T00:52:45","guid":{"rendered":"https:\/\/tavapy.gov.py\/biblioteca\/?post_type=product&#038;p=5168"},"modified":"2022-05-17T00:55:06","modified_gmt":"2022-05-17T00:55:06","slug":"el-sentido-practico","status":"publish","type":"product","link":"https:\/\/tavapy.gov.py\/biblioteca\/product\/el-sentido-practico\/","title":{"rendered":"EL SENTIDO PR\u00c1CTICO."},"content":{"rendered":"","protected":false},"excerpt":{"rendered":"<p>Esta obra fundamental del legado de Bourdieu, publicada en 1.994 es una reflexi\u00f3n necesaria y a la vez pol\u00e9mica sobre el rol de los intelectuales y las leyes que regulan el conocimiento te\u00f3rico y, adem\u00e1s, advierte sobre los riesgos de una de las presunciones m\u00e1s habituales entre los cient\u00edficos sociales: la idea de que los principios que utilizan para analizar sus objetos de estudio no rigen para ellos.<\/p>\n<p>As\u00ed, para que una investigaci\u00f3n en ciencias sociales sea rigurosa se requiere del estudio de la sociolog\u00eda de los mismos intelectuales y por ello un libro de esta naturaleza resulta provocador donde, adem\u00e1s de develar el posicionamiento de los investigadores, cuenta los peque\u00f1os secretos de los grupos de intelectuales de su \u00e9poca.<\/p>\n<p>En una primera parte la obra plantea una cr\u00edtica de la raz\u00f3n te\u00f3rica y analiza los instrumentos del m\u00e9todo cient\u00edfico, para luego centrarse en la l\u00f3gica pr\u00e1ctica, es decir, en los principios a los que recurren las personas en sus acciones y sus juicios, acerca del mundo y de los otros. El sentido pr\u00e1ctico es considerada una de las obras m\u00e1s relevantes del soci\u00f3logo franc\u00e9s m\u00e1s influyente de la segunda mitad del siglo XX, y siglo XXI.<\/p>\n<p><a href=\"https:\/\/tavapy.gov.py\/biblioteca\/wp-content\/uploads\/2022\/05\/Bourdieu-el-sentido-practico.pdf\" target=\"_blank\" rel=\"attachment noopener wp-att-5154\"><img loading=\"lazy\" decoding=\"async\" class=\"size-full wp-image-5154 alignleft\" src=\"https:\/\/tavapy.gov.py\/biblioteca\/wp-content\/uploads\/2022\/05\/icono-PDF-copia-1.png\" alt=\"\" width=\"121\" height=\"140\" \/><\/a><\/p>\n","protected":false},"featured_media":5111,"comment_status":"open","ping_status":"closed","template":"","meta":{"spay_email":""},"product_cat":[70],"product_tag":[],"class_list":{"0":"post-5168","1":"product","2":"type-product","3":"status-publish","4":"has-post-thumbnail","6":"book_author-pierre-bourdieu","7":"product_cat-sociologia","8":"entry"},"_links":{"self":[{"href":"https:\/\/tavapy.gov.py\/biblioteca\/wp-json\/wp\/v2\/product\/5168","targetHints":{"allow":["GET"]}}],"collection":[{"href":"https:\/\/tavapy.gov.py\/biblioteca\/wp-json\/wp\/v2\/product"}],"about":[{"href":"https:\/\/tavapy.gov.py\/biblioteca\/wp-json\/wp\/v2\/types\/product"}],"replies":[{"embeddable":true,"href":"https:\/\/tavapy.gov.py\/biblioteca\/wp-json\/wp\/v2\/comments?post=5168"}],"wp:featuredmedia":[{"embeddable":true,"href":"https:\/\/tavapy.gov.py\/biblioteca\/wp-json\/wp\/v2\/media\/5111"}],"wp:attachment":[{"href":"https:\/\/tavapy.gov.py\/biblioteca\/wp-json\/wp\/v2\/media?parent=5168"}],"wp:term":[{"taxonomy":"product_cat","embeddable":true,"href":"https:\/\/tavapy.gov.py\/biblioteca\/wp-json\/wp\/v2\/product_cat?post=5168"},{"taxonomy":"product_tag","embeddable":true,"href":"https:\/\/tavapy.gov.py\/biblioteca\/wp-json\/wp\/v2\/product_tag?post=5168"}],"curies":[{"name":"wp","href":"https:\/\/api.w.org\/{rel}","templated":true}]}}