{"id":5170,"date":"2022-05-17T01:08:32","date_gmt":"2022-05-17T01:08:32","guid":{"rendered":"https:\/\/tavapy.gov.py\/biblioteca\/?post_type=product&#038;p=5170"},"modified":"2022-05-17T01:08:33","modified_gmt":"2022-05-17T01:08:33","slug":"realidad-mental-y-mundos-posibles","status":"publish","type":"product","link":"https:\/\/tavapy.gov.py\/biblioteca\/product\/realidad-mental-y-mundos-posibles\/","title":{"rendered":"REALIDAD MENTAL Y MUNDOS POSIBLES."},"content":{"rendered":"","protected":false},"excerpt":{"rendered":"<p>Jerome Bruner, uno de los principales art\u00edfices de la revoluci\u00f3n cognitiva, presenta en esta obra publicada en 1.986, un nuevo enfoque para el estudio de la mente. Seg\u00fan el autor, la comprensi\u00f3n de los procesos mentales no puede limitarse al estudio de las capacidades que empleamos para resolver acertijos o comprobar hip\u00f3tesis.<\/p>\n<p>La ciencia cognitiva se ha centrado demasiado en los aspectos sistem\u00e1ticos y l\u00f3gicos de la actividad mental, por lo que no puede captar otros mecanismos decisivos para los actos humanos de la imaginaci\u00f3n, que nos permite dar sentido a la experiencia.<\/p>\n<p>&nbsp;<\/p>\n<p>Bruner concibe estos mecanismos como la \u00abmodalidad narrativa\u00bb de la mente, a la que se debe la existencia de buenos relatos, obras dram\u00e1ticas imperecederas, mitos y cr\u00f3nicas hist\u00f3ricas. Bas\u00e1ndose en recientes trabajos sobre teor\u00eda literaria, ling\u00fc\u00edstica, antropolog\u00eda simb\u00f3lica, psicolog\u00eda cognitiva y del desarrollo, el autor examina los actos mentales que intervienen en la creaci\u00f3n imaginaria de mundos posibles y muestra hasta qu\u00e9 punto determinan el desarrollo de las ciencias humanas, la literatura, la filosof\u00eda y el pensamiento cotidiano.<\/p>\n<p>Desde la perspectiva de la modalidad narrativa de la mente se puede mostrar en las obras de creaci\u00f3n literaria c\u00f3mo se construyen los significados gracias a la articulaci\u00f3n de componentes emocionales, racionales, imaginativos y psicol\u00f3gicos de la actividad mental.<\/p>\n<p><a href=\"https:\/\/tavapy.gov.py\/biblioteca\/wp-content\/uploads\/2022\/05\/BrunerJ-Realidad-Mental-y-Mundos-Posibles.pdf\" target=\"_blank\" rel=\"attachment noopener wp-att-5154\"><img loading=\"lazy\" decoding=\"async\" class=\"size-full wp-image-5154 alignleft\" src=\"https:\/\/tavapy.gov.py\/biblioteca\/wp-content\/uploads\/2022\/05\/icono-PDF-copia-1.png\" alt=\"\" width=\"121\" height=\"140\" \/><\/a><\/p>\n","protected":false},"featured_media":5104,"comment_status":"open","ping_status":"closed","template":"","meta":{"spay_email":""},"product_cat":[196],"product_tag":[],"class_list":{"0":"post-5170","1":"product","2":"type-product","3":"status-publish","4":"has-post-thumbnail","6":"book_author-jerome-bruner","7":"product_cat-psicologia-educacion","8":"entry"},"_links":{"self":[{"href":"https:\/\/tavapy.gov.py\/biblioteca\/wp-json\/wp\/v2\/product\/5170","targetHints":{"allow":["GET"]}}],"collection":[{"href":"https:\/\/tavapy.gov.py\/biblioteca\/wp-json\/wp\/v2\/product"}],"about":[{"href":"https:\/\/tavapy.gov.py\/biblioteca\/wp-json\/wp\/v2\/types\/product"}],"replies":[{"embeddable":true,"href":"https:\/\/tavapy.gov.py\/biblioteca\/wp-json\/wp\/v2\/comments?post=5170"}],"wp:featuredmedia":[{"embeddable":true,"href":"https:\/\/tavapy.gov.py\/biblioteca\/wp-json\/wp\/v2\/media\/5104"}],"wp:attachment":[{"href":"https:\/\/tavapy.gov.py\/biblioteca\/wp-json\/wp\/v2\/media?parent=5170"}],"wp:term":[{"taxonomy":"product_cat","embeddable":true,"href":"https:\/\/tavapy.gov.py\/biblioteca\/wp-json\/wp\/v2\/product_cat?post=5170"},{"taxonomy":"product_tag","embeddable":true,"href":"https:\/\/tavapy.gov.py\/biblioteca\/wp-json\/wp\/v2\/product_tag?post=5170"}],"curies":[{"name":"wp","href":"https:\/\/api.w.org\/{rel}","templated":true}]}}