{"id":5171,"date":"2022-05-17T01:25:39","date_gmt":"2022-05-17T01:25:39","guid":{"rendered":"https:\/\/tavapy.gov.py\/biblioteca\/?post_type=product&#038;p=5171"},"modified":"2022-05-17T01:25:39","modified_gmt":"2022-05-17T01:25:39","slug":"el-punto-crucial-ciencia-sociedad-y-cultura-naciente","status":"publish","type":"product","link":"https:\/\/tavapy.gov.py\/biblioteca\/product\/el-punto-crucial-ciencia-sociedad-y-cultura-naciente\/","title":{"rendered":"EL PUNTO CRUCIAL: CIENCIA, SOCIEDAD Y CULTURA NACIENTE."},"content":{"rendered":"","protected":false},"excerpt":{"rendered":"<p>Fritjof Capra esboza y rastrea en esta obra publicada en 1.82, la historia de la ciencia y la econom\u00eda, destacando las fallas en los paradigmas cartesiano, newtoniano y reduccionista que han salido a la luz en el contexto de la comprensi\u00f3n emp\u00edrica contempor\u00e1nea de las ciencias f\u00edsicas.<\/p>\n<p>Escribe que estos paradigmas ahora son inadecuados para guiar el comportamiento humano y la pol\u00edtica con respecto a la tecnolog\u00eda y la ecolog\u00eda modernas, luego argumenta que la sociedad necesita desarrollar los conceptos y las ideas del holismo y la teor\u00eda de sistemas para resolver sus complejos problemas.<\/p>\n<p><a href=\"https:\/\/tavapy.gov.py\/biblioteca\/wp-content\/uploads\/2022\/05\/Capra-Fritjof-El-Punto-Crucial-1.pdf\" target=\"_blank\" rel=\"attachment noopener wp-att-5154\"><img loading=\"lazy\" decoding=\"async\" class=\"size-full wp-image-5154 alignleft\" src=\"https:\/\/tavapy.gov.py\/biblioteca\/wp-content\/uploads\/2022\/05\/icono-PDF-copia-1.png\" alt=\"\" width=\"121\" height=\"140\" \/><\/a><\/p>\n","protected":false},"featured_media":5103,"comment_status":"open","ping_status":"closed","template":"","meta":{"spay_email":""},"product_cat":[105],"product_tag":[],"class_list":{"0":"post-5171","1":"product","2":"type-product","3":"status-publish","4":"has-post-thumbnail","6":"book_author-fritjof-capra","7":"product_cat-nueva-cosmologia","8":"entry"},"_links":{"self":[{"href":"https:\/\/tavapy.gov.py\/biblioteca\/wp-json\/wp\/v2\/product\/5171","targetHints":{"allow":["GET"]}}],"collection":[{"href":"https:\/\/tavapy.gov.py\/biblioteca\/wp-json\/wp\/v2\/product"}],"about":[{"href":"https:\/\/tavapy.gov.py\/biblioteca\/wp-json\/wp\/v2\/types\/product"}],"replies":[{"embeddable":true,"href":"https:\/\/tavapy.gov.py\/biblioteca\/wp-json\/wp\/v2\/comments?post=5171"}],"wp:featuredmedia":[{"embeddable":true,"href":"https:\/\/tavapy.gov.py\/biblioteca\/wp-json\/wp\/v2\/media\/5103"}],"wp:attachment":[{"href":"https:\/\/tavapy.gov.py\/biblioteca\/wp-json\/wp\/v2\/media?parent=5171"}],"wp:term":[{"taxonomy":"product_cat","embeddable":true,"href":"https:\/\/tavapy.gov.py\/biblioteca\/wp-json\/wp\/v2\/product_cat?post=5171"},{"taxonomy":"product_tag","embeddable":true,"href":"https:\/\/tavapy.gov.py\/biblioteca\/wp-json\/wp\/v2\/product_tag?post=5171"}],"curies":[{"name":"wp","href":"https:\/\/api.w.org\/{rel}","templated":true}]}}