{"id":5172,"date":"2022-05-17T01:32:03","date_gmt":"2022-05-17T01:32:03","guid":{"rendered":"https:\/\/tavapy.gov.py\/biblioteca\/?post_type=product&#038;p=5172"},"modified":"2022-05-17T01:32:04","modified_gmt":"2022-05-17T01:32:04","slug":"la-sociedad-red","status":"publish","type":"product","link":"https:\/\/tavapy.gov.py\/biblioteca\/product\/la-sociedad-red\/","title":{"rendered":"LA SOCIEDAD RED."},"content":{"rendered":"","protected":false},"excerpt":{"rendered":"<p>Bajo la direcci\u00f3n de Manuel Castells, un equipo de especialistas en distintos \u00e1mbitos de las ciencias sociales explora las pautas y din\u00e1micas de la sociedad red. Fruto de este trabajo, el presente libro publicado en 1.996, analiza las transformaciones acaecidas en sociedades de todo el mundo en funci\u00f3n del papel decisivo de las redes de comunicaci\u00f3n electr\u00f3nicas.<\/p>\n<p>En pa\u00edses con contextos culturales e institucionales tan distintos como China, India o Estados Unidos examinan aspectos como la productividad en las empresas, los mercados financieros globales, la identidad cultural, los usos de Internet en la educaci\u00f3n y la salud, el movimiento antiglobalizaci\u00f3n, los procesos pol\u00edticos, los medios de comunicaci\u00f3n y la identidad, y las pol\u00edticas p\u00fablicas que gu\u00edan el desarrollo tecnol\u00f3gico.<\/p>\n<p>&nbsp;<\/p>\n<p>Estos trabajos, de inter\u00e9s directo en todos los campos de las ciencias sociales y estudios de comunicaci\u00f3n, demuestran que la sociedad red es la nueva forma de organizaci\u00f3n social surgida en la era de la informaci\u00f3n.<\/p>\n<p><a href=\"https:\/\/tavapy.gov.py\/biblioteca\/wp-content\/uploads\/2022\/05\/Castells-la-sociedad-red-I.pdf\" target=\"_blank\" rel=\"attachment noopener wp-att-5154\"><img loading=\"lazy\" decoding=\"async\" class=\"size-full wp-image-5154 alignleft\" src=\"https:\/\/tavapy.gov.py\/biblioteca\/wp-content\/uploads\/2022\/05\/icono-PDF-copia-1.png\" alt=\"\" width=\"121\" height=\"140\" \/><\/a><\/p>\n","protected":false},"featured_media":5100,"comment_status":"open","ping_status":"closed","template":"","meta":{"spay_email":""},"product_cat":[584],"product_tag":[],"class_list":{"0":"post-5172","1":"product","2":"type-product","3":"status-publish","4":"has-post-thumbnail","6":"book_author-manuel-castells","7":"product_cat-ciencias-sociales-comunicacion","8":"entry"},"_links":{"self":[{"href":"https:\/\/tavapy.gov.py\/biblioteca\/wp-json\/wp\/v2\/product\/5172","targetHints":{"allow":["GET"]}}],"collection":[{"href":"https:\/\/tavapy.gov.py\/biblioteca\/wp-json\/wp\/v2\/product"}],"about":[{"href":"https:\/\/tavapy.gov.py\/biblioteca\/wp-json\/wp\/v2\/types\/product"}],"replies":[{"embeddable":true,"href":"https:\/\/tavapy.gov.py\/biblioteca\/wp-json\/wp\/v2\/comments?post=5172"}],"wp:featuredmedia":[{"embeddable":true,"href":"https:\/\/tavapy.gov.py\/biblioteca\/wp-json\/wp\/v2\/media\/5100"}],"wp:attachment":[{"href":"https:\/\/tavapy.gov.py\/biblioteca\/wp-json\/wp\/v2\/media?parent=5172"}],"wp:term":[{"taxonomy":"product_cat","embeddable":true,"href":"https:\/\/tavapy.gov.py\/biblioteca\/wp-json\/wp\/v2\/product_cat?post=5172"},{"taxonomy":"product_tag","embeddable":true,"href":"https:\/\/tavapy.gov.py\/biblioteca\/wp-json\/wp\/v2\/product_tag?post=5172"}],"curies":[{"name":"wp","href":"https:\/\/api.w.org\/{rel}","templated":true}]}}