{"id":5174,"date":"2022-05-17T01:41:26","date_gmt":"2022-05-17T01:41:26","guid":{"rendered":"https:\/\/tavapy.gov.py\/biblioteca\/?post_type=product&#038;p=5174"},"modified":"2022-05-17T01:41:26","modified_gmt":"2022-05-17T01:41:26","slug":"trilogia-de-los-7-reinos-i-el-rey-demonio","status":"publish","type":"product","link":"https:\/\/tavapy.gov.py\/biblioteca\/product\/trilogia-de-los-7-reinos-i-el-rey-demonio\/","title":{"rendered":"TRILOG\u00cdA DE LOS 7 REINOS I: EL REY DEMONIO."},"content":{"rendered":"","protected":false},"excerpt":{"rendered":"<p>Han Alister est\u00e1 haciendo todo lo posible para ganarse la vida con honradez. Un d\u00eda, \u00e9l y su amigo Dancer capturan a tres j\u00f3venes magos que intentan prender fuego a la monta\u00f1a sagrada.<\/p>\n<p>Tras la confrontaci\u00f3n\u0324, Han se lleva un amuleto de Micah Bayar para asegurarse de que jam\u00e1s ser \u0300utilizado contra ellos. Pero pronto al descubri\u00f3 \u0300que el amuleto pertenec\u00eda \u0324al Rey Demonio, el mago que estuvo a punto de destruir el mundo.<\/p>\n<p>Y ahora sabe que los Bayar no se detendr\u00edan ante nada con tal de recuperarlo. Mientras tanto, Raisa Ana Marianna, princesa heredera, tiene sus propias batallas que librar. Ha disfrutado de casi tres a\u00f1os de libertad y sus intereses est\u00e1n muy lejos del r\u00edgido mundo de la corte. Ella aspira a ser como Hanalea, la legendaria guerrera que salv\u00f3 \u0324el mundo, pero su madre tiene otros planes para ella.<\/p>\n<p>Esta novela fant\u00e1stica fue publicada en el 2.009.<\/p>\n<p><a href=\"https:\/\/tavapy.gov.py\/biblioteca\/wp-content\/uploads\/2022\/05\/ChimaC-El-Rey-Demonio-1.pdf\" target=\"_blank\" rel=\"attachment noopener wp-att-5154\"><img loading=\"lazy\" decoding=\"async\" class=\"size-full wp-image-5154 alignleft\" src=\"https:\/\/tavapy.gov.py\/biblioteca\/wp-content\/uploads\/2022\/05\/icono-PDF-copia-1.png\" alt=\"\" width=\"121\" height=\"140\" \/><\/a><\/p>\n","protected":false},"featured_media":5095,"comment_status":"open","ping_status":"closed","template":"","meta":{"spay_email":""},"product_cat":[588],"product_tag":[],"class_list":{"0":"post-5174","1":"product","2":"type-product","3":"status-publish","4":"has-post-thumbnail","6":"book_author-cinda-williams-chima","7":"product_cat-novela-fantastica","8":"entry"},"_links":{"self":[{"href":"https:\/\/tavapy.gov.py\/biblioteca\/wp-json\/wp\/v2\/product\/5174","targetHints":{"allow":["GET"]}}],"collection":[{"href":"https:\/\/tavapy.gov.py\/biblioteca\/wp-json\/wp\/v2\/product"}],"about":[{"href":"https:\/\/tavapy.gov.py\/biblioteca\/wp-json\/wp\/v2\/types\/product"}],"replies":[{"embeddable":true,"href":"https:\/\/tavapy.gov.py\/biblioteca\/wp-json\/wp\/v2\/comments?post=5174"}],"wp:featuredmedia":[{"embeddable":true,"href":"https:\/\/tavapy.gov.py\/biblioteca\/wp-json\/wp\/v2\/media\/5095"}],"wp:attachment":[{"href":"https:\/\/tavapy.gov.py\/biblioteca\/wp-json\/wp\/v2\/media?parent=5174"}],"wp:term":[{"taxonomy":"product_cat","embeddable":true,"href":"https:\/\/tavapy.gov.py\/biblioteca\/wp-json\/wp\/v2\/product_cat?post=5174"},{"taxonomy":"product_tag","embeddable":true,"href":"https:\/\/tavapy.gov.py\/biblioteca\/wp-json\/wp\/v2\/product_tag?post=5174"}],"curies":[{"name":"wp","href":"https:\/\/api.w.org\/{rel}","templated":true}]}}