{"id":5176,"date":"2022-05-17T01:52:16","date_gmt":"2022-05-17T01:52:16","guid":{"rendered":"https:\/\/tavapy.gov.py\/biblioteca\/?post_type=product&#038;p=5176"},"modified":"2022-05-17T01:52:59","modified_gmt":"2022-05-17T01:52:59","slug":"trilogia-de-los-7-reinos-el-trono-del-lobo-gris","status":"publish","type":"product","link":"https:\/\/tavapy.gov.py\/biblioteca\/product\/trilogia-de-los-7-reinos-el-trono-del-lobo-gris\/","title":{"rendered":"TRILOG\u00cdA DE LOS 7 REINOS III: EL TRONO DEL LOBO GRIS."},"content":{"rendered":"","protected":false},"excerpt":{"rendered":"<p>La obra \u201cEl trono del lobo gris\u201d publicado en el 2.011, es el tercer volumen de la Trilog\u00eda de los 7 Reinos.<\/p>\n<p>Han Alister cre\u00eda que hab\u00eda perdido a todas aquellas personas que amaba, pero cuando encuentra a su amiga Rebeca Morley en las monta\u00f1as del Esp\u00edritu y cerca del abismo de la muerte, comprende que no existe nada m\u00e1s importante que salvarla.<\/p>\n<p>No obstante, pronto descubrir\u00e1 tambi\u00e9n que esta chica hermosa y misteriosa no es otra que Raisa Ana Marianna, heredera de la familia que mat\u00f3 a su madre y su hermana. Pero, para evitar que Raisa se haga con la herencia, algunos intentar\u00e1n, una y otra vez, acabar con su vida. Para evitarlo, Raisa s\u00f3lo podr\u00e1 confiar en su ingenio y en su voluntad de hierro.<\/p>\n<p><a href=\"https:\/\/tavapy.gov.py\/biblioteca\/wp-content\/uploads\/2022\/05\/ChimaC-El-trono-del-Lobo-Gris-3.pdf\" target=\"_blank\" rel=\"attachment noopener wp-att-5154\"><img loading=\"lazy\" decoding=\"async\" class=\"size-full wp-image-5154 alignleft\" src=\"https:\/\/tavapy.gov.py\/biblioteca\/wp-content\/uploads\/2022\/05\/icono-PDF-copia-1.png\" alt=\"\" width=\"121\" height=\"140\" \/><\/a><\/p>\n","protected":false},"featured_media":5090,"comment_status":"open","ping_status":"closed","template":"","meta":{"spay_email":""},"product_cat":[588],"product_tag":[],"class_list":{"0":"post-5176","1":"product","2":"type-product","3":"status-publish","4":"has-post-thumbnail","6":"book_author-cinda-williams-chima","7":"product_cat-novela-fantastica","8":"entry"},"_links":{"self":[{"href":"https:\/\/tavapy.gov.py\/biblioteca\/wp-json\/wp\/v2\/product\/5176","targetHints":{"allow":["GET"]}}],"collection":[{"href":"https:\/\/tavapy.gov.py\/biblioteca\/wp-json\/wp\/v2\/product"}],"about":[{"href":"https:\/\/tavapy.gov.py\/biblioteca\/wp-json\/wp\/v2\/types\/product"}],"replies":[{"embeddable":true,"href":"https:\/\/tavapy.gov.py\/biblioteca\/wp-json\/wp\/v2\/comments?post=5176"}],"wp:featuredmedia":[{"embeddable":true,"href":"https:\/\/tavapy.gov.py\/biblioteca\/wp-json\/wp\/v2\/media\/5090"}],"wp:attachment":[{"href":"https:\/\/tavapy.gov.py\/biblioteca\/wp-json\/wp\/v2\/media?parent=5176"}],"wp:term":[{"taxonomy":"product_cat","embeddable":true,"href":"https:\/\/tavapy.gov.py\/biblioteca\/wp-json\/wp\/v2\/product_cat?post=5176"},{"taxonomy":"product_tag","embeddable":true,"href":"https:\/\/tavapy.gov.py\/biblioteca\/wp-json\/wp\/v2\/product_tag?post=5176"}],"curies":[{"name":"wp","href":"https:\/\/api.w.org\/{rel}","templated":true}]}}