{"id":5179,"date":"2022-05-17T02:05:12","date_gmt":"2022-05-17T02:05:12","guid":{"rendered":"https:\/\/tavapy.gov.py\/biblioteca\/?post_type=product&#038;p=5179"},"modified":"2022-05-17T02:05:12","modified_gmt":"2022-05-17T02:05:12","slug":"las-fuentes-del-paraiso","status":"publish","type":"product","link":"https:\/\/tavapy.gov.py\/biblioteca\/product\/las-fuentes-del-paraiso\/","title":{"rendered":"LAS FUENTES DEL PARAISO."},"content":{"rendered":"","protected":false},"excerpt":{"rendered":"<p>\u00c9sta es la historia de Vannevar Morgan, el mayor ingeniero de su \u00e9poca: el siglo XXII. Tras construir un puente sobre el estrecho de Gibraltar, sue\u00f1a con un logro a\u00fan mayor, una suerte de puente hacia las estrellas: un ascensor espacial. Para ello, proyecta tender un cable que se extienda desde el ecuador hasta un sat\u00e9lite en \u00f3rbita geosincr\u00f3nica.<\/p>\n<p>Pero en su empe\u00f1o Morgan encontrar\u00e1 diversos obst\u00e1culos: ante todo, la oposici\u00f3n de los monjes que ocupan el punto ideal de anclaje del cable, una monta\u00f1a en la isla de Taprobana. Tambi\u00e9n debe encontrar financiaci\u00f3n, resolver problemas pol\u00edticos, convencer a los esc\u00e9pticos y finalmente solucionar las inevitables crisis de ingenier\u00eda que acompa\u00f1an a la construcci\u00f3n del ascensor.<\/p>\n<p>La haza\u00f1a de Morgan se entrelaza con la historia antigua de Taprobana, cuyo legendario rey Kalidasa construy\u00f3 un palacio fabuloso en las alturas intentando alcanzar la divinidad; y con el relato contempor\u00e1neo de la visita al sistema solar de una sonda extraterrestre que pone fin a la vieja duda existencial: no estamos solos en el universo.<\/p>\n<p>La obra \u201cLas fuentes del para\u00edso\u201d fue publicada en 1.979.<\/p>\n<p><a href=\"https:\/\/tavapy.gov.py\/biblioteca\/wp-content\/uploads\/2022\/05\/ClarkeA-Fuentes-Del-Paraiso.pdf\" target=\"_blank\" rel=\"attachment noopener wp-att-5154\"><img loading=\"lazy\" decoding=\"async\" class=\"size-full wp-image-5154 alignleft\" src=\"https:\/\/tavapy.gov.py\/biblioteca\/wp-content\/uploads\/2022\/05\/icono-PDF-copia-1.png\" alt=\"\" width=\"121\" height=\"140\" \/><\/a><\/p>\n","protected":false},"featured_media":5084,"comment_status":"open","ping_status":"closed","template":"","meta":{"spay_email":""},"product_cat":[592],"product_tag":[],"class_list":{"0":"post-5179","1":"product","2":"type-product","3":"status-publish","4":"has-post-thumbnail","6":"book_author-arthur-c-clarke","7":"product_cat-novela-ciencia-ficcion","8":"entry"},"_links":{"self":[{"href":"https:\/\/tavapy.gov.py\/biblioteca\/wp-json\/wp\/v2\/product\/5179","targetHints":{"allow":["GET"]}}],"collection":[{"href":"https:\/\/tavapy.gov.py\/biblioteca\/wp-json\/wp\/v2\/product"}],"about":[{"href":"https:\/\/tavapy.gov.py\/biblioteca\/wp-json\/wp\/v2\/types\/product"}],"replies":[{"embeddable":true,"href":"https:\/\/tavapy.gov.py\/biblioteca\/wp-json\/wp\/v2\/comments?post=5179"}],"wp:featuredmedia":[{"embeddable":true,"href":"https:\/\/tavapy.gov.py\/biblioteca\/wp-json\/wp\/v2\/media\/5084"}],"wp:attachment":[{"href":"https:\/\/tavapy.gov.py\/biblioteca\/wp-json\/wp\/v2\/media?parent=5179"}],"wp:term":[{"taxonomy":"product_cat","embeddable":true,"href":"https:\/\/tavapy.gov.py\/biblioteca\/wp-json\/wp\/v2\/product_cat?post=5179"},{"taxonomy":"product_tag","embeddable":true,"href":"https:\/\/tavapy.gov.py\/biblioteca\/wp-json\/wp\/v2\/product_tag?post=5179"}],"curies":[{"name":"wp","href":"https:\/\/api.w.org\/{rel}","templated":true}]}}