{"id":5181,"date":"2022-05-17T02:23:53","date_gmt":"2022-05-17T02:23:53","guid":{"rendered":"https:\/\/tavapy.gov.py\/biblioteca\/?post_type=product&#038;p=5181"},"modified":"2022-05-17T02:23:53","modified_gmt":"2022-05-17T02:23:53","slug":"dios-y-la-nueva-fisica","status":"publish","type":"product","link":"https:\/\/tavapy.gov.py\/biblioteca\/product\/dios-y-la-nueva-fisica\/","title":{"rendered":"DIOS Y LA NUEVA F\u00cdSICA."},"content":{"rendered":"","protected":false},"excerpt":{"rendered":"<p>El libro publicado en 1.983 trata fundamentalmente sobre cosmolog\u00eda, aunque menciona otras ramas de la ciencia, como son: f\u00edsica, matem\u00e1ticas, neurolog\u00eda y filosof\u00eda, aunque tambi\u00e9n trata del rol de la religi\u00f3n en la sociedad.<\/p>\n<p>En este libro, Davies sostiene que la ciencia proporciona en la actualidad un camino m\u00e1s seguro que las religiones tradicionales para llegar a Dios. Claro est\u00e1 que el dios al que llega poco tiene en com\u00fan con el Dios personal creador del cristianismo; se trata m\u00e1s bien de una idea que presenta coincidencias con el pante\u00edsmo.<\/p>\n<p>Davies alude al pante\u00edsmo como si fuera una idea generalizada entre los cient\u00edficos; ser\u00eda \u00abla creencia vaga de muchos cient\u00edficos de que Dios es la naturaleza o Dios es el universo\u00bb. Y sugiere que, si el universo fuese el resultado de unas leyes necesarias, podr\u00edamos prescindir de la idea de un Dios creador, pero no de la idea de \u00abuna mente universal que exista como parte de ese \u00fanico universo f\u00edsico: un Dios natural, en oposici\u00f3n al sobrenatural\u00bb.<\/p>\n<p><a href=\"https:\/\/tavapy.gov.py\/biblioteca\/wp-content\/uploads\/2022\/05\/DaviesP-Dios-y-la-nueva-fisica.pdf\" target=\"_blank\" rel=\"attachment noopener wp-att-5154\"><img loading=\"lazy\" decoding=\"async\" class=\"size-full wp-image-5154 alignleft\" src=\"https:\/\/tavapy.gov.py\/biblioteca\/wp-content\/uploads\/2022\/05\/icono-PDF-copia-1.png\" alt=\"\" width=\"121\" height=\"140\" \/><\/a><\/p>\n","protected":false},"featured_media":5078,"comment_status":"open","ping_status":"closed","template":"","meta":{"spay_email":""},"product_cat":[401],"product_tag":[],"class_list":{"0":"post-5181","1":"product","2":"type-product","3":"status-publish","4":"has-post-thumbnail","6":"book_author-paul-davies","7":"product_cat-fisica-moderna-cosmologia","8":"entry"},"_links":{"self":[{"href":"https:\/\/tavapy.gov.py\/biblioteca\/wp-json\/wp\/v2\/product\/5181","targetHints":{"allow":["GET"]}}],"collection":[{"href":"https:\/\/tavapy.gov.py\/biblioteca\/wp-json\/wp\/v2\/product"}],"about":[{"href":"https:\/\/tavapy.gov.py\/biblioteca\/wp-json\/wp\/v2\/types\/product"}],"replies":[{"embeddable":true,"href":"https:\/\/tavapy.gov.py\/biblioteca\/wp-json\/wp\/v2\/comments?post=5181"}],"wp:featuredmedia":[{"embeddable":true,"href":"https:\/\/tavapy.gov.py\/biblioteca\/wp-json\/wp\/v2\/media\/5078"}],"wp:attachment":[{"href":"https:\/\/tavapy.gov.py\/biblioteca\/wp-json\/wp\/v2\/media?parent=5181"}],"wp:term":[{"taxonomy":"product_cat","embeddable":true,"href":"https:\/\/tavapy.gov.py\/biblioteca\/wp-json\/wp\/v2\/product_cat?post=5181"},{"taxonomy":"product_tag","embeddable":true,"href":"https:\/\/tavapy.gov.py\/biblioteca\/wp-json\/wp\/v2\/product_tag?post=5181"}],"curies":[{"name":"wp","href":"https:\/\/api.w.org\/{rel}","templated":true}]}}