{"id":5182,"date":"2022-05-19T01:25:17","date_gmt":"2022-05-19T01:25:17","guid":{"rendered":"https:\/\/tavapy.gov.py\/biblioteca\/?post_type=product&#038;p=5182"},"modified":"2022-05-19T01:25:17","modified_gmt":"2022-05-19T01:25:17","slug":"el-rio-del-eden","status":"publish","type":"product","link":"https:\/\/tavapy.gov.py\/biblioteca\/product\/el-rio-del-eden\/","title":{"rendered":"EL R\u00cdO DEL ED\u00c9N."},"content":{"rendered":"","protected":false},"excerpt":{"rendered":"<p>Dawkins en su obra publicada en 1.995, hace una analog\u00eda sobre la forma en que los genes sobreviven a lo largo del tiempo y a trav\u00e9s de las generaciones compar\u00e1ndolo con un r\u00edo, \u00abun r\u00edo de instrucciones abstractas para construir cuerpos\u00bb. Tampoco pod\u00eda faltar su incansable lucha contra el creacionismo y el pensamiento m\u00e1gico. Los milagros de la creaci\u00f3n se explican con peque\u00f1os cambios paulatinos a largo del tiempo y que por cada milagro, hubieron millones de fracasos.<\/p>\n<p>Tambi\u00e9n explica las distintas evoluciones que han existido y que comparten la caracter\u00edstica fundamental de autoreplicaci\u00f3n, aclara el mito popular bastante extendido sobre de d\u00f3nde sali\u00f3 la Eva africana, c\u00f3mo funciona la danza de las abejas y adem\u00e1s nos orilla aceptar la crueldad e indiferencia de la naturaleza ya que \u00aben este minuto miles de animales est\u00e1n siendo devorados vivos; otros est\u00e1n corriendo para salvar sus vidas, quej\u00e1ndose aterrorizados; otros est\u00e1s siendo devorados lentamente desde el interior por par\u00e1sitos taladradores; miles de criaturas de todas clases est\u00e1n muriendo de hambre, sed y enfermedad\u201d.<\/p>\n<p>Gracias a su estilo ligero y ameno, lejos de tecnicismo y vocabulario especializado, el autor nos brinda una amena explicaci\u00f3n sobre el origen de la vida y la complejidad.<\/p>\n<p><a href=\"https:\/\/tavapy.gov.py\/biblioteca\/wp-content\/uploads\/2022\/05\/DawkinsR-El-rio-del-Eden.pdf\" target=\"_blank\" rel=\"attachment noopener wp-att-5154\"><img loading=\"lazy\" decoding=\"async\" class=\"size-full wp-image-5154 alignleft\" src=\"https:\/\/tavapy.gov.py\/biblioteca\/wp-content\/uploads\/2022\/05\/icono-PDF-copia-1.png\" alt=\"\" width=\"121\" height=\"140\" \/><\/a><\/p>\n","protected":false},"featured_media":5076,"comment_status":"open","ping_status":"closed","template":"","meta":{"spay_email":""},"product_cat":[597],"product_tag":[],"class_list":{"0":"post-5182","1":"product","2":"type-product","3":"status-publish","4":"has-post-thumbnail","6":"book_author-richard-dawkins","7":"product_cat-biologia-moderna-genetica-humana","8":"entry"},"_links":{"self":[{"href":"https:\/\/tavapy.gov.py\/biblioteca\/wp-json\/wp\/v2\/product\/5182","targetHints":{"allow":["GET"]}}],"collection":[{"href":"https:\/\/tavapy.gov.py\/biblioteca\/wp-json\/wp\/v2\/product"}],"about":[{"href":"https:\/\/tavapy.gov.py\/biblioteca\/wp-json\/wp\/v2\/types\/product"}],"replies":[{"embeddable":true,"href":"https:\/\/tavapy.gov.py\/biblioteca\/wp-json\/wp\/v2\/comments?post=5182"}],"wp:featuredmedia":[{"embeddable":true,"href":"https:\/\/tavapy.gov.py\/biblioteca\/wp-json\/wp\/v2\/media\/5076"}],"wp:attachment":[{"href":"https:\/\/tavapy.gov.py\/biblioteca\/wp-json\/wp\/v2\/media?parent=5182"}],"wp:term":[{"taxonomy":"product_cat","embeddable":true,"href":"https:\/\/tavapy.gov.py\/biblioteca\/wp-json\/wp\/v2\/product_cat?post=5182"},{"taxonomy":"product_tag","embeddable":true,"href":"https:\/\/tavapy.gov.py\/biblioteca\/wp-json\/wp\/v2\/product_tag?post=5182"}],"curies":[{"name":"wp","href":"https:\/\/api.w.org\/{rel}","templated":true}]}}