{"id":5184,"date":"2022-05-19T01:38:04","date_gmt":"2022-05-19T01:38:04","guid":{"rendered":"https:\/\/tavapy.gov.py\/biblioteca\/?post_type=product&#038;p=5184"},"modified":"2022-05-19T01:38:05","modified_gmt":"2022-05-19T01:38:05","slug":"el-mundo-hasta-ayer","status":"publish","type":"product","link":"https:\/\/tavapy.gov.py\/biblioteca\/product\/el-mundo-hasta-ayer\/","title":{"rendered":"EL MUNDO HASTA AYER."},"content":{"rendered":"","protected":false},"excerpt":{"rendered":"<p>El ganador del premio Pulitzer, autor de los best Sellers Colapso y Armas, g\u00e9rmenes y acero vuelve al pasado en busca de un futuro mejor, en un libro provocador, iluminador y ameno, como todos los de Diamond, que se convertir\u00e1 en una lectura necesaria.<\/p>\n<p>La mayor\u00eda de nosotros damos por asumidas las caracter\u00edsticas propias de la sociedad moderna, desde los viajes en avi\u00f3n y los tel\u00e9fonos m\u00f3viles a la alfabetizaci\u00f3n y la obesidad. Sin embargo, durante los casi seis millones de a\u00f1os de su existencia, la humanidad no ha contado con ninguna de estas cosas. Aunque la brecha que nos separa de nuestros ancestros primitivos parece inabarcable, todav\u00eda podemos contemplar gran parte de nuestra antigua forma de vida en las sociedades tradicionales que a\u00fan existen o que han existido hasta hace poco.<\/p>\n<p>Sociedades como las de las Tierras Altas de Nueva Guinea nos recuerdan que apenas fue ayer, en t\u00e9rminos evolutivos, cuando todo cambi\u00f3. El mundo hasta ayer ofrece un retrato fascinante del pasado humano tal y como ha sido durante decenas de miles de a\u00f1os, un pasado que hoy casi ha desaparecido, y brinda una reflexi\u00f3n sobre las implicaciones que tienen en nuestras vidas las diferencias entre ese pasado y nuestro presente.<\/p>\n<p>Este es el libro m\u00e1s personal de Jared Diamond, publicado en el 2.012 y\u00a0 basado en sus d\u00e9cadas de trabajo en las islas del Pac\u00edfico, as\u00ed como en investigaciones sobre los inuit, los indios del Amazonas, o el pueblo san del Kalahari, entre otros. Diamond no idealiza las sociedades tradicionales, pero considera que podemos aprender mucho de sus respuestas a los problemas humanos, a c\u00f3mo abordar la educaci\u00f3n de los hijos, la atenci\u00f3n de los ancianos, la resoluci\u00f3n de conflictos y el bienestar f\u00edsico.<\/p>\n<p>Diamond estudia las pr\u00e1cticas sociales y nos muestra las decisiones que pueden ayudarnos a vivir una vida m\u00e1s sana y longeva, a disfrutar m\u00e1s de nuestra vejez, y a educar a ni\u00f1os m\u00e1s aut\u00f3nomos y con mayor autoestima.<\/p>\n<p><a href=\"https:\/\/tavapy.gov.py\/biblioteca\/wp-content\/uploads\/2022\/05\/DiamondJ-El-mundo-hasta-ayer.pdf\" target=\"_blank\" rel=\"attachment noopener wp-att-5154\"><img loading=\"lazy\" decoding=\"async\" class=\"size-full wp-image-5154 alignleft\" src=\"https:\/\/tavapy.gov.py\/biblioteca\/wp-content\/uploads\/2022\/05\/icono-PDF-copia-1.png\" alt=\"\" width=\"121\" height=\"140\" \/><\/a><\/p>\n","protected":false},"featured_media":5071,"comment_status":"open","ping_status":"closed","template":"","meta":{"spay_email":""},"product_cat":[116],"product_tag":[],"class_list":{"0":"post-5184","1":"product","2":"type-product","3":"status-publish","4":"has-post-thumbnail","6":"book_author-jared-diamond","7":"product_cat-antropologia-socio-cultural","8":"entry"},"_links":{"self":[{"href":"https:\/\/tavapy.gov.py\/biblioteca\/wp-json\/wp\/v2\/product\/5184","targetHints":{"allow":["GET"]}}],"collection":[{"href":"https:\/\/tavapy.gov.py\/biblioteca\/wp-json\/wp\/v2\/product"}],"about":[{"href":"https:\/\/tavapy.gov.py\/biblioteca\/wp-json\/wp\/v2\/types\/product"}],"replies":[{"embeddable":true,"href":"https:\/\/tavapy.gov.py\/biblioteca\/wp-json\/wp\/v2\/comments?post=5184"}],"wp:featuredmedia":[{"embeddable":true,"href":"https:\/\/tavapy.gov.py\/biblioteca\/wp-json\/wp\/v2\/media\/5071"}],"wp:attachment":[{"href":"https:\/\/tavapy.gov.py\/biblioteca\/wp-json\/wp\/v2\/media?parent=5184"}],"wp:term":[{"taxonomy":"product_cat","embeddable":true,"href":"https:\/\/tavapy.gov.py\/biblioteca\/wp-json\/wp\/v2\/product_cat?post=5184"},{"taxonomy":"product_tag","embeddable":true,"href":"https:\/\/tavapy.gov.py\/biblioteca\/wp-json\/wp\/v2\/product_tag?post=5184"}],"curies":[{"name":"wp","href":"https:\/\/api.w.org\/{rel}","templated":true}]}}