{"id":5185,"date":"2022-05-19T01:46:30","date_gmt":"2022-05-19T01:46:30","guid":{"rendered":"https:\/\/tavapy.gov.py\/biblioteca\/?post_type=product&#038;p=5185"},"modified":"2022-05-19T01:48:43","modified_gmt":"2022-05-19T01:48:43","slug":"el-dualismo-en-la-antropologia-de-la-cristiandad","status":"publish","type":"product","link":"https:\/\/tavapy.gov.py\/biblioteca\/product\/el-dualismo-en-la-antropologia-de-la-cristiandad\/","title":{"rendered":"EL DUALISMO EN LA ANTROPOLOG\u00cdA DE LA CRISTIANDAD."},"content":{"rendered":"","protected":false},"excerpt":{"rendered":"<p>Estudiar la cuesti\u00f3n del dualismo en el pensamiento de la cristiandad es recorrer una parte del camino que ya hemos comenzado hace alg\u00fan tiempo. El primer paso fue el estudio de El humanismo hel\u00e9nico, como expresi\u00f3n del hombre indoeuropeo; el segundo paso fue la investigaci\u00f3n sobre el pensamiento hebreo, El humanismo semita. La antropolog\u00eda cristiana, como veremos, continuar\u00e1 la tradici\u00f3n hebrea pero significa numerosas novedades.<\/p>\n<p>El dualismo en el pensamiento de la cristiandad no se manifiesta en un primer momento, cuando la comprensi\u00f3n del hombre era todav\u00eda unitaria, ya que se trataba de un momento pre-filos\u00f3fico y pre-helenista, La consideraci\u00f3n del hombre como la planteaba la filosof\u00eda griega no se hab\u00eda todav\u00eda hecho presente. Resplandece todav\u00eda en el pensamiento cristiano primitivo la unidad existencial del hombre en textos que explican situaciones humanas al nivel de la vida cotidiana.<\/p>\n<p><a href=\"https:\/\/tavapy.gov.py\/biblioteca\/wp-content\/uploads\/2022\/05\/DusselE-El-dualismo-de-la-antropolog-de-la...pdf\" target=\"_blank\" rel=\"attachment noopener wp-att-5154\"><img loading=\"lazy\" decoding=\"async\" class=\"size-full wp-image-5154 alignleft\" src=\"https:\/\/tavapy.gov.py\/biblioteca\/wp-content\/uploads\/2022\/05\/icono-PDF-copia-1.png\" alt=\"\" width=\"121\" height=\"140\" \/><\/a><\/p>\n","protected":false},"featured_media":5068,"comment_status":"open","ping_status":"closed","template":"","meta":{"spay_email":""},"product_cat":[599],"product_tag":[],"class_list":{"0":"post-5185","1":"product","2":"type-product","3":"status-publish","4":"has-post-thumbnail","6":"book_author-enrique-dussel","7":"product_cat-filosofia-antropologia-cristianismo","8":"entry"},"_links":{"self":[{"href":"https:\/\/tavapy.gov.py\/biblioteca\/wp-json\/wp\/v2\/product\/5185","targetHints":{"allow":["GET"]}}],"collection":[{"href":"https:\/\/tavapy.gov.py\/biblioteca\/wp-json\/wp\/v2\/product"}],"about":[{"href":"https:\/\/tavapy.gov.py\/biblioteca\/wp-json\/wp\/v2\/types\/product"}],"replies":[{"embeddable":true,"href":"https:\/\/tavapy.gov.py\/biblioteca\/wp-json\/wp\/v2\/comments?post=5185"}],"wp:featuredmedia":[{"embeddable":true,"href":"https:\/\/tavapy.gov.py\/biblioteca\/wp-json\/wp\/v2\/media\/5068"}],"wp:attachment":[{"href":"https:\/\/tavapy.gov.py\/biblioteca\/wp-json\/wp\/v2\/media?parent=5185"}],"wp:term":[{"taxonomy":"product_cat","embeddable":true,"href":"https:\/\/tavapy.gov.py\/biblioteca\/wp-json\/wp\/v2\/product_cat?post=5185"},{"taxonomy":"product_tag","embeddable":true,"href":"https:\/\/tavapy.gov.py\/biblioteca\/wp-json\/wp\/v2\/product_tag?post=5185"}],"curies":[{"name":"wp","href":"https:\/\/api.w.org\/{rel}","templated":true}]}}