{"id":5186,"date":"2022-05-19T01:54:18","date_gmt":"2022-05-19T01:54:18","guid":{"rendered":"https:\/\/tavapy.gov.py\/biblioteca\/?post_type=product&#038;p=5186"},"modified":"2022-05-19T01:54:19","modified_gmt":"2022-05-19T01:54:19","slug":"como-se-hace-una-tesis","status":"publish","type":"product","link":"https:\/\/tavapy.gov.py\/biblioteca\/product\/como-se-hace-una-tesis\/","title":{"rendered":"C\u00d3MO SE HACE UNA TESIS."},"content":{"rendered":"","protected":false},"excerpt":{"rendered":"<p>Ante la actual situaci\u00f3n de masificaci\u00f3n de nuestras universidades, Umberto Eco destina este libro sobre todo a los estudiantes con pocos recursos y apoyos, a los que viven lejos de los grandes centros urbanos con sus facilidades institucionales y a los que nadie les ha explicado c\u00f3mo se busca un libro o un documento en bibliotecas y archivos.<\/p>\n<p>A pesar de desventajas personales, dice Umberto Eco, \u00abse puede hacer una tesis digna, a\u00fan hall\u00e1ndose en una situaci\u00f3n dif\u00edcil, causada por discriminaciones recientes o remotas. Se puede aprovechar la ocasi\u00f3n de la tesis (&#8230;) para recuperar el sentido positivo y progresivo del estudio, no entendido como una cosecha de nociones, sino como una elaboraci\u00f3n cr\u00edtica de una experiencia, como adquisici\u00f3n de una capacidad \u2014buena para la vida futura\u2014 para localizar los problemas, para afrontarlos con m\u00e9todo, para exponerlos siguiendo ciertas t\u00e9cnicas de comunicaci\u00f3n\u00bb.<\/p>\n<p>Los consejos de este libro se dirigen en primer lugar a los estudiantes de disciplinas human\u00edsticas, incluyendo ciencias pol\u00edticas y derecho. El prop\u00f3sito de esta obra publicada en 1.977 es ense\u00f1ar c\u00f3mo escoger un tema, organizar el tiempo, llevar a cabo una b\u00fasqueda bibliogr\u00e1fica y estructurar el trabajo elaborado. Se trata de un texto que sobrepasa la categor\u00eda de una simple instrucci\u00f3n t\u00e9cnica.<\/p>\n<p>Umberto Eco sabe motivar, logra transformar las angustias en tensi\u00f3n positiva, de manera que cualquier estudiante comenzar\u00e1 a sentir\u00e1 inmediatamente confianza en sus posibilidades, con ganas de buscar, seguir pistas y descubrir algo que tal vez nadie hab\u00eda visto antes. Porque esta obra habla tambi\u00e9n de las propias experiencias de Umberto Eco cuando hizo su tesis sobre Est\u00e9tica medieval.<\/p>\n<p>Las referencias a sus t\u00e1cticas como joven investigador, las advertencias contra los errores y falsas pistas tienen un car\u00e1cter casi de suspense. Estos consejos muy personales de investigaci\u00f3n \u00bfno transmiten algo del trasfondo real transformado a\u00f1os despu\u00e9s en las aventurosas investigaciones de los protagonistas de sus grandes novelas?<\/p>\n<p><a href=\"https:\/\/tavapy.gov.py\/biblioteca\/wp-content\/uploads\/2022\/05\/EcoU-Como-se-hace-una-tesis.pdf\" target=\"_blank\" rel=\"attachment noopener wp-att-5154\"><img loading=\"lazy\" decoding=\"async\" class=\"size-full wp-image-5154 alignleft\" src=\"https:\/\/tavapy.gov.py\/biblioteca\/wp-content\/uploads\/2022\/05\/icono-PDF-copia-1.png\" alt=\"\" width=\"121\" height=\"140\" \/><\/a><\/p>\n","protected":false},"featured_media":5067,"comment_status":"open","ping_status":"closed","template":"","meta":{"spay_email":""},"product_cat":[101],"product_tag":[],"class_list":{"0":"post-5186","1":"product","2":"type-product","3":"status-publish","4":"has-post-thumbnail","6":"book_author-umberto-eco","7":"product_cat-metodologia-de-la-investigacion","8":"entry"},"_links":{"self":[{"href":"https:\/\/tavapy.gov.py\/biblioteca\/wp-json\/wp\/v2\/product\/5186","targetHints":{"allow":["GET"]}}],"collection":[{"href":"https:\/\/tavapy.gov.py\/biblioteca\/wp-json\/wp\/v2\/product"}],"about":[{"href":"https:\/\/tavapy.gov.py\/biblioteca\/wp-json\/wp\/v2\/types\/product"}],"replies":[{"embeddable":true,"href":"https:\/\/tavapy.gov.py\/biblioteca\/wp-json\/wp\/v2\/comments?post=5186"}],"wp:featuredmedia":[{"embeddable":true,"href":"https:\/\/tavapy.gov.py\/biblioteca\/wp-json\/wp\/v2\/media\/5067"}],"wp:attachment":[{"href":"https:\/\/tavapy.gov.py\/biblioteca\/wp-json\/wp\/v2\/media?parent=5186"}],"wp:term":[{"taxonomy":"product_cat","embeddable":true,"href":"https:\/\/tavapy.gov.py\/biblioteca\/wp-json\/wp\/v2\/product_cat?post=5186"},{"taxonomy":"product_tag","embeddable":true,"href":"https:\/\/tavapy.gov.py\/biblioteca\/wp-json\/wp\/v2\/product_tag?post=5186"}],"curies":[{"name":"wp","href":"https:\/\/api.w.org\/{rel}","templated":true}]}}