{"id":5189,"date":"2022-05-19T02:27:48","date_gmt":"2022-05-19T02:27:48","guid":{"rendered":"https:\/\/tavapy.gov.py\/biblioteca\/?post_type=product&#038;p=5189"},"modified":"2022-05-19T02:27:49","modified_gmt":"2022-05-19T02:27:49","slug":"la-rebelion-de-los-angeles","status":"publish","type":"product","link":"https:\/\/tavapy.gov.py\/biblioteca\/product\/la-rebelion-de-los-angeles\/","title":{"rendered":"LA REBELI\u00d3N DE LOS \u00c1NGELES."},"content":{"rendered":"","protected":false},"excerpt":{"rendered":"<p>Narrada con delicioso estilo e iron\u00eda venenosa, La Rebeli\u00f3n de los \u00c1ngeles publicado en 1.961 nos sit\u00faa en el centro de la m\u00e1s audaz y quim\u00e9rica de las empresas imaginables: destronar al anciano y todopoderoso soberano: el Dios de la mitolog\u00eda judeocristiana, el tirano del universo, el cruel Laldabaoth.<\/p>\n<p>La acci\u00f3n comienza en la biblioteca de los Esparvieu, donde la pl\u00e1cida rutina diaria de su conservador se ve interrumpida por una serie de misteriosos des\u00f3rdenes y extra\u00f1as desapariciones, que nos conducen hasta los ambientes revolucionarios del Par\u00eds de principios de siglo.<\/p>\n<p>Sin necesidad de recurrir a fantasmas esot\u00e9ricos, Anatole France logra una espl\u00e9ndida y divertida met\u00e1fora sobre la eterna lucha entre el bien y el mal, dando vida simplemente a los viejos esp\u00edritus familiares de la teolog\u00eda cristiana.<\/p>\n<p><a href=\"https:\/\/tavapy.gov.py\/biblioteca\/wp-content\/uploads\/2022\/05\/FranceA-La-rebelion-de-los-angeles.pdf\" target=\"_blank\" rel=\"attachment noopener wp-att-5154\"><img loading=\"lazy\" decoding=\"async\" class=\"size-full wp-image-5154 alignleft\" src=\"https:\/\/tavapy.gov.py\/biblioteca\/wp-content\/uploads\/2022\/05\/icono-PDF-copia-1.png\" alt=\"\" width=\"121\" height=\"140\" \/><\/a><\/p>\n","protected":false},"featured_media":5058,"comment_status":"open","ping_status":"closed","template":"","meta":{"spay_email":""},"product_cat":[57],"product_tag":[],"class_list":{"0":"post-5189","1":"product","2":"type-product","3":"status-publish","4":"has-post-thumbnail","6":"book_author-anatole-france","7":"product_cat-novela","8":"entry"},"_links":{"self":[{"href":"https:\/\/tavapy.gov.py\/biblioteca\/wp-json\/wp\/v2\/product\/5189","targetHints":{"allow":["GET"]}}],"collection":[{"href":"https:\/\/tavapy.gov.py\/biblioteca\/wp-json\/wp\/v2\/product"}],"about":[{"href":"https:\/\/tavapy.gov.py\/biblioteca\/wp-json\/wp\/v2\/types\/product"}],"replies":[{"embeddable":true,"href":"https:\/\/tavapy.gov.py\/biblioteca\/wp-json\/wp\/v2\/comments?post=5189"}],"wp:featuredmedia":[{"embeddable":true,"href":"https:\/\/tavapy.gov.py\/biblioteca\/wp-json\/wp\/v2\/media\/5058"}],"wp:attachment":[{"href":"https:\/\/tavapy.gov.py\/biblioteca\/wp-json\/wp\/v2\/media?parent=5189"}],"wp:term":[{"taxonomy":"product_cat","embeddable":true,"href":"https:\/\/tavapy.gov.py\/biblioteca\/wp-json\/wp\/v2\/product_cat?post=5189"},{"taxonomy":"product_tag","embeddable":true,"href":"https:\/\/tavapy.gov.py\/biblioteca\/wp-json\/wp\/v2\/product_tag?post=5189"}],"curies":[{"name":"wp","href":"https:\/\/api.w.org\/{rel}","templated":true}]}}