{"id":5191,"date":"2022-05-19T02:37:54","date_gmt":"2022-05-19T02:37:54","guid":{"rendered":"https:\/\/tavapy.gov.py\/biblioteca\/?post_type=product&#038;p=5191"},"modified":"2022-05-19T02:37:55","modified_gmt":"2022-05-19T02:37:55","slug":"el-misterio-del-solitario","status":"publish","type":"product","link":"https:\/\/tavapy.gov.py\/biblioteca\/product\/el-misterio-del-solitario\/","title":{"rendered":"EL MISTERIO DEL SOLITARIO."},"content":{"rendered":"","protected":false},"excerpt":{"rendered":"<p>La novela El misterio del solitario de Jostein Gaarder fue publicado en 1.990.<\/p>\n<p>\u201cHans Thomas, un muchacho noruego de 12 a\u00f1os, y su padre emprenden un viaje hacia Atenas en busca de la madre, que ocho a\u00f1os atr\u00e1s los abandon\u00f3 para \u00abencontrarse a s\u00ed misma\u00bb.<\/p>\n<p>El azar hace que se detengan en Dorf, un peque\u00f1o pueblo donde un viejo panadero regala al joven un panecillo que oculta un diminuto libro, que Hans Thomas comenzar\u00e1 a leer con la ayuda de una lupa que un misterioso enano le regala.<\/p>\n<p>A partir de ese momento, el muchacho inicia otro emocionante viaje paralelo: el de la imaginaci\u00f3n. Sabr\u00e1 de Frode, un marinero que naufrag\u00f3 y sobrevivi\u00f3 en una isla desierta, de su baraja de naipes y de c\u00f3mo combati\u00f3 su soledad haciendo que cada una de las 53 cartas tuviera vida propia (52 de ellas bastante inconscientes; una sola, Comod\u00edn, entiende verdaderamente las reglas del solitario que hace el anciano).<\/p>\n<p>Pensando en todo ello, a Hans Thomas le surgir\u00e1 una pregunta: \u00bfHasta qu\u00e9 punto podemos nosotros, a diferencia de los naipes, determinar nuestro destino?<\/p>\n<p><a href=\"https:\/\/tavapy.gov.py\/biblioteca\/wp-content\/uploads\/2022\/05\/GaarderJ-El-misterio-del-solitario.pdf\" target=\"_blank\" rel=\"attachment noopener wp-att-5154\"><img loading=\"lazy\" decoding=\"async\" class=\"size-full wp-image-5154 alignleft\" src=\"https:\/\/tavapy.gov.py\/biblioteca\/wp-content\/uploads\/2022\/05\/icono-PDF-copia-1.png\" alt=\"\" width=\"121\" height=\"140\" \/><\/a><\/p>\n","protected":false},"featured_media":5053,"comment_status":"open","ping_status":"closed","template":"","meta":{"spay_email":""},"product_cat":[57],"product_tag":[],"class_list":{"0":"post-5191","1":"product","2":"type-product","3":"status-publish","4":"has-post-thumbnail","6":"book_author-jostein-gaarder","7":"product_cat-novela","8":"entry"},"_links":{"self":[{"href":"https:\/\/tavapy.gov.py\/biblioteca\/wp-json\/wp\/v2\/product\/5191","targetHints":{"allow":["GET"]}}],"collection":[{"href":"https:\/\/tavapy.gov.py\/biblioteca\/wp-json\/wp\/v2\/product"}],"about":[{"href":"https:\/\/tavapy.gov.py\/biblioteca\/wp-json\/wp\/v2\/types\/product"}],"replies":[{"embeddable":true,"href":"https:\/\/tavapy.gov.py\/biblioteca\/wp-json\/wp\/v2\/comments?post=5191"}],"wp:featuredmedia":[{"embeddable":true,"href":"https:\/\/tavapy.gov.py\/biblioteca\/wp-json\/wp\/v2\/media\/5053"}],"wp:attachment":[{"href":"https:\/\/tavapy.gov.py\/biblioteca\/wp-json\/wp\/v2\/media?parent=5191"}],"wp:term":[{"taxonomy":"product_cat","embeddable":true,"href":"https:\/\/tavapy.gov.py\/biblioteca\/wp-json\/wp\/v2\/product_cat?post=5191"},{"taxonomy":"product_tag","embeddable":true,"href":"https:\/\/tavapy.gov.py\/biblioteca\/wp-json\/wp\/v2\/product_tag?post=5191"}],"curies":[{"name":"wp","href":"https:\/\/api.w.org\/{rel}","templated":true}]}}