{"id":5192,"date":"2022-05-19T02:45:05","date_gmt":"2022-05-19T02:45:05","guid":{"rendered":"https:\/\/tavapy.gov.py\/biblioteca\/?post_type=product&#038;p=5192"},"modified":"2022-05-19T02:45:06","modified_gmt":"2022-05-19T02:45:06","slug":"arte-mente-y-cerebro","status":"publish","type":"product","link":"https:\/\/tavapy.gov.py\/biblioteca\/product\/arte-mente-y-cerebro\/","title":{"rendered":"ARTE, MENTE Y CEREBRO."},"content":{"rendered":"","protected":false},"excerpt":{"rendered":"<p>Esta obra publicada en 1.982, es el fruto del sostenido inter\u00e9s del autor por los procesos de la creatividad humana, en particular tal como se manifiestan en las artes. Puede decirse que es fundamentalmente una reacci\u00f3n contra el excesivo \u00e9nfasis que los psic\u00f3logos contempor\u00e1neos ponen en el aspecto cognitivo, aunque reconociendo ampliamente las aportaciones de este enfoque, descuidando la personalidad, las emociones y el contexto cultural en el que necesariamente se desenvuelven los procesos mentales.<\/p>\n<p>El autor destaca la importancia de explorar el dominio art\u00edstico especialmente en relaci\u00f3n con el lenguaje, desde una amplia gama de perspectivas Cassirer, Langer, Goodman, Chomsky y otros. En efecto, cada uno de esos eminentes autores trata los misterios de la creaci\u00f3n art\u00edstica, se\u00f1alando que encierran la promesa de arrojar luz sobre una porci\u00f3n distinta del enigma total.<\/p>\n<p>Por eso en la obra se estudian los componentes de la producci\u00f3n y el domino art\u00edsticos desde numerosos puntos de vista: el del ni\u00f1o normal, el ni\u00f1o dotado, el ni\u00f1o con s\u00edntomas patol\u00f3gicos, el adulto normal, el adulto con lesi\u00f3n cerebral, el individuo procedente de un contexto cultural distinto y el del artista en la c\u00faspide de su capacidad.<\/p>\n<p><a href=\"https:\/\/tavapy.gov.py\/biblioteca\/wp-content\/uploads\/2022\/05\/GardnerzH-Arte-mente-y-cerebro.pdf\" target=\"_blank\" rel=\"attachment noopener wp-att-5154\"><img loading=\"lazy\" decoding=\"async\" class=\"size-full wp-image-5154 alignleft\" src=\"https:\/\/tavapy.gov.py\/biblioteca\/wp-content\/uploads\/2022\/05\/icono-PDF-copia-1.png\" alt=\"\" width=\"121\" height=\"140\" \/><\/a><\/p>\n","protected":false},"featured_media":5052,"comment_status":"open","ping_status":"closed","template":"","meta":{"spay_email":""},"product_cat":[362],"product_tag":[],"class_list":{"0":"post-5192","1":"product","2":"type-product","3":"status-publish","4":"has-post-thumbnail","6":"book_author-howard-gardner","7":"product_cat-psicologia-cognicion","8":"entry"},"_links":{"self":[{"href":"https:\/\/tavapy.gov.py\/biblioteca\/wp-json\/wp\/v2\/product\/5192","targetHints":{"allow":["GET"]}}],"collection":[{"href":"https:\/\/tavapy.gov.py\/biblioteca\/wp-json\/wp\/v2\/product"}],"about":[{"href":"https:\/\/tavapy.gov.py\/biblioteca\/wp-json\/wp\/v2\/types\/product"}],"replies":[{"embeddable":true,"href":"https:\/\/tavapy.gov.py\/biblioteca\/wp-json\/wp\/v2\/comments?post=5192"}],"wp:featuredmedia":[{"embeddable":true,"href":"https:\/\/tavapy.gov.py\/biblioteca\/wp-json\/wp\/v2\/media\/5052"}],"wp:attachment":[{"href":"https:\/\/tavapy.gov.py\/biblioteca\/wp-json\/wp\/v2\/media?parent=5192"}],"wp:term":[{"taxonomy":"product_cat","embeddable":true,"href":"https:\/\/tavapy.gov.py\/biblioteca\/wp-json\/wp\/v2\/product_cat?post=5192"},{"taxonomy":"product_tag","embeddable":true,"href":"https:\/\/tavapy.gov.py\/biblioteca\/wp-json\/wp\/v2\/product_tag?post=5192"}],"curies":[{"name":"wp","href":"https:\/\/api.w.org\/{rel}","templated":true}]}}