{"id":5194,"date":"2022-05-19T02:51:59","date_gmt":"2022-05-19T02:51:59","guid":{"rendered":"https:\/\/tavapy.gov.py\/biblioteca\/?post_type=product&#038;p=5194"},"modified":"2022-05-19T02:51:59","modified_gmt":"2022-05-19T02:51:59","slug":"emociones-destructivas","status":"publish","type":"product","link":"https:\/\/tavapy.gov.py\/biblioteca\/product\/emociones-destructivas\/","title":{"rendered":"EMOCIONES DESTRUCTIVAS."},"content":{"rendered":"","protected":false},"excerpt":{"rendered":"<p>\u00bfPor qu\u00e9 personas aparentemente racionales e inteligentes cometen actos de crueldad y violencia? \u00bfCu\u00e1les son las ra\u00edces del comportamiento destructivo? \u00bfC\u00f3mo podemos controlar las emociones que gobiernan esos impulsos? \u00bfPodemos aprender a vivir en paz con nosotros mismos y con los dem\u00e1s?<\/p>\n<p>Imag\u00ednese que participa en una reuni\u00f3n con el Dalai Lama y un peque\u00f1o grupo de cient\u00edficos y fil\u00f3sofos de talla mundial. Imagine poder escuchar las reflexiones de estas mentes privilegiadas acerca de temas antiqu\u00edsimos que siguen siendo actuales.<\/p>\n<p>Este libro publicado en el 2.002, lo invita a ser testigo de esta animada y fascinante charla, narrada y comentada por Daniel Goleman. La filosof\u00eda budista nos ensena que la infelicidad personal y los conflictos interpersonales son consecuencia de los \u00abtres venenos\u00bb: la ansiedad, la ira y las falsas ilusiones. Tambi\u00e9n nos proporciona ant\u00eddotos de asombrosa sofisticaci\u00f3n psicol\u00f3gica que ahora est\u00e1n siendo confirmados por la moderna neurociencia.<\/p>\n<p>Los cient\u00edficos pueden observar hoy los centros cerebrales que calman las tormentas interiores y demostrar que t\u00e9cnicas como la meditaci\u00f3n fortalecen la estabilidad emocional y potencian los estados de \u00e1nimo positivos.<\/p>\n<p><a href=\"https:\/\/tavapy.gov.py\/biblioteca\/wp-content\/uploads\/2022\/05\/GolemanD-Emociones-destructivas-3.pdf\" target=\"_blank\" rel=\"attachment noopener wp-att-5154\"><img loading=\"lazy\" decoding=\"async\" class=\"size-full wp-image-5154 alignleft\" src=\"https:\/\/tavapy.gov.py\/biblioteca\/wp-content\/uploads\/2022\/05\/icono-PDF-copia-1.png\" alt=\"\" width=\"121\" height=\"140\" \/><\/a><\/p>\n","protected":false},"featured_media":5049,"comment_status":"open","ping_status":"closed","template":"","meta":{"spay_email":""},"product_cat":[603],"product_tag":[],"class_list":{"0":"post-5194","1":"product","2":"type-product","3":"status-publish","4":"has-post-thumbnail","6":"book_author-daniel-goleman","7":"product_cat-psicologia-neurociencia","8":"entry"},"_links":{"self":[{"href":"https:\/\/tavapy.gov.py\/biblioteca\/wp-json\/wp\/v2\/product\/5194","targetHints":{"allow":["GET"]}}],"collection":[{"href":"https:\/\/tavapy.gov.py\/biblioteca\/wp-json\/wp\/v2\/product"}],"about":[{"href":"https:\/\/tavapy.gov.py\/biblioteca\/wp-json\/wp\/v2\/types\/product"}],"replies":[{"embeddable":true,"href":"https:\/\/tavapy.gov.py\/biblioteca\/wp-json\/wp\/v2\/comments?post=5194"}],"wp:featuredmedia":[{"embeddable":true,"href":"https:\/\/tavapy.gov.py\/biblioteca\/wp-json\/wp\/v2\/media\/5049"}],"wp:attachment":[{"href":"https:\/\/tavapy.gov.py\/biblioteca\/wp-json\/wp\/v2\/media?parent=5194"}],"wp:term":[{"taxonomy":"product_cat","embeddable":true,"href":"https:\/\/tavapy.gov.py\/biblioteca\/wp-json\/wp\/v2\/product_cat?post=5194"},{"taxonomy":"product_tag","embeddable":true,"href":"https:\/\/tavapy.gov.py\/biblioteca\/wp-json\/wp\/v2\/product_tag?post=5194"}],"curies":[{"name":"wp","href":"https:\/\/api.w.org\/{rel}","templated":true}]}}