{"id":5195,"date":"2022-05-19T02:59:11","date_gmt":"2022-05-19T02:59:11","guid":{"rendered":"https:\/\/tavapy.gov.py\/biblioteca\/?post_type=product&#038;p=5195"},"modified":"2022-05-19T02:59:12","modified_gmt":"2022-05-19T02:59:12","slug":"las-tres-ecologias","status":"publish","type":"product","link":"https:\/\/tavapy.gov.py\/biblioteca\/product\/las-tres-ecologias\/","title":{"rendered":"LAS TRES ECOLOG\u00cdAS."},"content":{"rendered":"","protected":false},"excerpt":{"rendered":"<p>El drama ecol\u00f3gico en el que se ha aventurado el planeta ha sido objeto durante mucho tiempo de una ignorancia sistem\u00e1tica. Este per\u00edodo ha acabado. Gracias a los medios de comunicaci\u00f3n, hipersensibles a la repetici\u00f3n de los \u00abaccidentes\u00bb ecol\u00f3gicos, la opini\u00f3n internacional est\u00e1 cada vez m\u00e1s sensibilizada. Hoy en d\u00eda todo el mundo habla de ecolog\u00eda: los pol\u00edticos, los tecn\u00f3cratas, los industriales.<\/p>\n<p>Desgraciadamente, siempre en t\u00e9rminos de simples \u00abperturbaciones\u00bb. Pues bien, las perturbaciones ecol\u00f3gicas del medio ambiente s\u00f3lo son la parte visible de un mal m\u00e1s profundo y m\u00e1s considerable, relativo a las maneras de vivir y de ser en sociedad sobre este planeta. La ecolog\u00eda medioambiental deber\u00eda pensarse como formando un bloque totalmente inseparable con la ecolog\u00eda social y la ecolog\u00eda mental.<\/p>\n<p>No se trata de unificar arbitrariamente, bajo una ideolog\u00eda de recambio, campos profundamente heterog\u00e9neos, sino de hacer que se entrecrucen pr\u00e1cticas innovadoras de la recomposici\u00f3n de las subjetividades individuales y colectivas, en el seno de nuevos contextos t\u00e9cnico-cient\u00edficos y de las nuevas coordenadas geopol\u00edticas.<\/p>\n<p>Esta obra de Guattari fue publicada en 1.989.<\/p>\n<p><a href=\"https:\/\/tavapy.gov.py\/biblioteca\/wp-content\/uploads\/2022\/05\/GuattariF-Las-tres-ecologias.pdf\" target=\"_blank\" rel=\"attachment noopener wp-att-5154\"><img loading=\"lazy\" decoding=\"async\" class=\"size-full wp-image-5154 alignleft\" src=\"https:\/\/tavapy.gov.py\/biblioteca\/wp-content\/uploads\/2022\/05\/icono-PDF-copia-1.png\" alt=\"\" width=\"121\" height=\"140\" \/><\/a><\/p>\n","protected":false},"featured_media":5048,"comment_status":"open","ping_status":"closed","template":"","meta":{"spay_email":""},"product_cat":[605],"product_tag":[],"class_list":{"0":"post-5195","1":"product","2":"type-product","3":"status-publish","4":"has-post-thumbnail","6":"book_author-felix-guattari","7":"product_cat-ecologia","8":"entry"},"_links":{"self":[{"href":"https:\/\/tavapy.gov.py\/biblioteca\/wp-json\/wp\/v2\/product\/5195","targetHints":{"allow":["GET"]}}],"collection":[{"href":"https:\/\/tavapy.gov.py\/biblioteca\/wp-json\/wp\/v2\/product"}],"about":[{"href":"https:\/\/tavapy.gov.py\/biblioteca\/wp-json\/wp\/v2\/types\/product"}],"replies":[{"embeddable":true,"href":"https:\/\/tavapy.gov.py\/biblioteca\/wp-json\/wp\/v2\/comments?post=5195"}],"wp:featuredmedia":[{"embeddable":true,"href":"https:\/\/tavapy.gov.py\/biblioteca\/wp-json\/wp\/v2\/media\/5048"}],"wp:attachment":[{"href":"https:\/\/tavapy.gov.py\/biblioteca\/wp-json\/wp\/v2\/media?parent=5195"}],"wp:term":[{"taxonomy":"product_cat","embeddable":true,"href":"https:\/\/tavapy.gov.py\/biblioteca\/wp-json\/wp\/v2\/product_cat?post=5195"},{"taxonomy":"product_tag","embeddable":true,"href":"https:\/\/tavapy.gov.py\/biblioteca\/wp-json\/wp\/v2\/product_tag?post=5195"}],"curies":[{"name":"wp","href":"https:\/\/api.w.org\/{rel}","templated":true}]}}