{"id":5197,"date":"2022-05-19T03:07:58","date_gmt":"2022-05-19T03:07:58","guid":{"rendered":"https:\/\/tavapy.gov.py\/biblioteca\/?post_type=product&#038;p=5197"},"modified":"2024-02-18T04:28:39","modified_gmt":"2024-02-18T04:28:39","slug":"sobre-los-dioses","status":"publish","type":"product","link":"https:\/\/tavapy.gov.py\/biblioteca\/product\/sobre-los-dioses\/","title":{"rendered":"SOBRE LOS DIOSES."},"content":{"rendered":"","protected":false},"excerpt":{"rendered":"<p>Toda naci\u00f3n ha creado su dios, y ese dios siempre se ha parecido a sus creadores. Ha odiado y ha amado todo lo que ellos han odiado y amado, e invariablemente se le ha visto a favor de los ocupantes del poder. Todo dios ha sido intensamente patri\u00f3tico, ha detestado a todas las naciones excepto la propia.<\/p>\n<p>Todos estos dioses han exigido alabanza, adulaci\u00f3n y adoraci\u00f3n. Muchos de ellos disfrutaban de los sacrificios, y consideraban el olor de la sangre inocente un divino perfume. Todos estos dioses han insistido en tener un vasto n\u00famero de sacerdotes, y los sacerdotes siempre han insistido en ser mantenidos por el pueblo; y el principal negocio de tales sacerdotes ha sido hacer alardes de su dios, e insistir en que \u00c9l podr\u00eda vencer f\u00e1cilmente a todos los dem\u00e1s dioses juntos.<\/p>\n<p>Estos dioses han sido fabricados en modelos innumerables y de acuerdo con los patrones m\u00e1s grotescos imaginables.<\/p>\n<p><a href=\"https:\/\/tavapy.gov.py\/biblioteca\/wp-content\/uploads\/2022\/05\/IngersollR-Sobre-los-dioses-1.pdf\" target=\"_blank\" rel=\"attachment noopener wp-att-5154\"><img loading=\"lazy\" decoding=\"async\" class=\"size-full wp-image-5154 alignleft\" src=\"https:\/\/tavapy.gov.py\/biblioteca\/wp-content\/uploads\/2022\/05\/icono-PDF-copia-1.png\" alt=\"\" width=\"121\" height=\"140\" \/><\/a><\/p>\n","protected":false},"featured_media":5042,"comment_status":"open","ping_status":"closed","template":"","meta":{"spay_email":""},"product_cat":[607],"product_tag":[],"class_list":{"0":"post-5197","1":"product","2":"type-product","3":"status-publish","4":"has-post-thumbnail","6":"book_author-robert-g-ingersoll","7":"product_cat-ensayo-religion","8":"entry"},"_links":{"self":[{"href":"https:\/\/tavapy.gov.py\/biblioteca\/wp-json\/wp\/v2\/product\/5197","targetHints":{"allow":["GET"]}}],"collection":[{"href":"https:\/\/tavapy.gov.py\/biblioteca\/wp-json\/wp\/v2\/product"}],"about":[{"href":"https:\/\/tavapy.gov.py\/biblioteca\/wp-json\/wp\/v2\/types\/product"}],"replies":[{"embeddable":true,"href":"https:\/\/tavapy.gov.py\/biblioteca\/wp-json\/wp\/v2\/comments?post=5197"}],"wp:featuredmedia":[{"embeddable":true,"href":"https:\/\/tavapy.gov.py\/biblioteca\/wp-json\/wp\/v2\/media\/5042"}],"wp:attachment":[{"href":"https:\/\/tavapy.gov.py\/biblioteca\/wp-json\/wp\/v2\/media?parent=5197"}],"wp:term":[{"taxonomy":"product_cat","embeddable":true,"href":"https:\/\/tavapy.gov.py\/biblioteca\/wp-json\/wp\/v2\/product_cat?post=5197"},{"taxonomy":"product_tag","embeddable":true,"href":"https:\/\/tavapy.gov.py\/biblioteca\/wp-json\/wp\/v2\/product_tag?post=5197"}],"curies":[{"name":"wp","href":"https:\/\/api.w.org\/{rel}","templated":true}]}}