{"id":5198,"date":"2022-05-19T03:16:25","date_gmt":"2022-05-19T03:16:25","guid":{"rendered":"https:\/\/tavapy.gov.py\/biblioteca\/?post_type=product&#038;p=5198"},"modified":"2022-05-19T03:17:14","modified_gmt":"2022-05-19T03:17:14","slug":"einstein-su-vida-y-su-universo","status":"publish","type":"product","link":"https:\/\/tavapy.gov.py\/biblioteca\/product\/einstein-su-vida-y-su-universo\/","title":{"rendered":"EINSTEIN: SU VIDA Y SU UNIVERSO."},"content":{"rendered":"","protected":false},"excerpt":{"rendered":"<p>Albert Einstein es uno de los cient\u00edficos m\u00e1s importantes de la historia y un icono del siglo XX. \u00bfC\u00f3mo funcionaba su mente? \u00bfQu\u00e9 le hizo un genio? \u00bfC\u00f3mo era el hombre detr\u00e1s de la celebridad?<\/p>\n<p>Walter Isaacson, que tuvo acceso a los archivos de Einstein, ofrece un extraordinario retrato del personaje y de su \u00e9poca, as\u00ed como un fascinante relato de su vida, en esta obra publicada en el 2.007.<\/p>\n<p>A partir de su correspondencia privada, cuenta c\u00f3mo un funcionario de patentes imaginativo e impertinente (un mal padre con un matrimonio complicado, incapaz de conseguir un empleo en la universidad ni un doctorado) logr\u00f3 desvelar los secretos del cosmos y comprender los misterios del \u00e1tomo y del universo. Su creatividad estaba ligada a su rebeld\u00eda. Su \u00e9xito se bas\u00f3 en cuestionar las verdades aceptadas y en asombrarse ante cuestiones que otros consideraban mundanas.<\/p>\n<p><a href=\"https:\/\/tavapy.gov.py\/biblioteca\/wp-content\/uploads\/2022\/05\/IsaacsonW-Einstein-su-vida-y-su-universo.pdf\" target=\"_blank\" rel=\"attachment noopener wp-att-5154\"><img loading=\"lazy\" decoding=\"async\" class=\"size-full wp-image-5154 alignleft\" src=\"https:\/\/tavapy.gov.py\/biblioteca\/wp-content\/uploads\/2022\/05\/icono-PDF-copia-1.png\" alt=\"\" width=\"121\" height=\"140\" \/><\/a><\/p>\n","protected":false},"featured_media":5199,"comment_status":"open","ping_status":"closed","template":"","meta":{"spay_email":""},"product_cat":[526],"product_tag":[],"class_list":{"0":"post-5198","1":"product","2":"type-product","3":"status-publish","4":"has-post-thumbnail","6":"book_author-walter-isaacson","7":"product_cat-biografia-ciencia-fisica","8":"entry"},"_links":{"self":[{"href":"https:\/\/tavapy.gov.py\/biblioteca\/wp-json\/wp\/v2\/product\/5198","targetHints":{"allow":["GET"]}}],"collection":[{"href":"https:\/\/tavapy.gov.py\/biblioteca\/wp-json\/wp\/v2\/product"}],"about":[{"href":"https:\/\/tavapy.gov.py\/biblioteca\/wp-json\/wp\/v2\/types\/product"}],"replies":[{"embeddable":true,"href":"https:\/\/tavapy.gov.py\/biblioteca\/wp-json\/wp\/v2\/comments?post=5198"}],"wp:featuredmedia":[{"embeddable":true,"href":"https:\/\/tavapy.gov.py\/biblioteca\/wp-json\/wp\/v2\/media\/5199"}],"wp:attachment":[{"href":"https:\/\/tavapy.gov.py\/biblioteca\/wp-json\/wp\/v2\/media?parent=5198"}],"wp:term":[{"taxonomy":"product_cat","embeddable":true,"href":"https:\/\/tavapy.gov.py\/biblioteca\/wp-json\/wp\/v2\/product_cat?post=5198"},{"taxonomy":"product_tag","embeddable":true,"href":"https:\/\/tavapy.gov.py\/biblioteca\/wp-json\/wp\/v2\/product_tag?post=5198"}],"curies":[{"name":"wp","href":"https:\/\/api.w.org\/{rel}","templated":true}]}}