{"id":5200,"date":"2022-05-20T02:14:30","date_gmt":"2022-05-20T02:14:30","guid":{"rendered":"https:\/\/tavapy.gov.py\/biblioteca\/?post_type=product&#038;p=5200"},"modified":"2022-05-20T02:14:30","modified_gmt":"2022-05-20T02:14:30","slug":"la-particula-divina","status":"publish","type":"product","link":"https:\/\/tavapy.gov.py\/biblioteca\/product\/la-particula-divina\/","title":{"rendered":"LA PART\u00cdCULA DIVINA."},"content":{"rendered":"","protected":false},"excerpt":{"rendered":"<p>Leon Lederman, Premio Nobel de F\u00edsica, nos conduce en este libro publicado en el 1.993 a lo largo de la historia de la ciencia. La Part\u00edcula Divina es el bos\u00f3n de Higgs, \u00abtan fundamental para la f\u00edsica de nuestros d\u00edas -nos dice el autor-, tan crucial para el conocimiento final de la estructura de la materia y, sin embargo, tan esquiva\u00bb.<\/p>\n<p>Leon Lederman, Premio Nobel de F\u00edsica, nos conduce en este libro a lo largo de la historia de la ciencia, desde Dem\u00f3crito hasta nuestros d\u00edas, siguiendo las investigaciones y los hallazgos de los hombres que han tratado de penetrar los secretos de la materia, hasta llegar al momento presente, en que los cient\u00edficos parecen hallarse en el umbral de ese \u00faltimo descubrimiento en que, gracias al gran acelerador LHC, que se est\u00e1 construyendo en el CERN, podr\u00e1 encontrar la \u00abPart\u00edcula Divina\u00bb y, con ella, esa hermosa explicaci\u00f3n final en que todas las leyes de la naturaleza pueden expresarse en una \u00fanica y sencilla ecuaci\u00f3n.<\/p>\n<p>Lederman consigue el milagro de hacernos f\u00e1cilmente comprensibles los aspectos m\u00e1s complejos de la f\u00edsica actual, nos lleva a apasionarnos por los misterios de la materia y, lo que puede parecer m\u00e1s sorprendente, consigue divertirnos. Porque su libro, entreverado de an\u00e9cdotas y ocurrencias, est\u00e1 escrito con un profundo sentido del humor, hasta el punto que un cr\u00edtico ha dicho: \u00abA partir de ahora, ver a alguien leyendo un libro y ri\u00e9ndose a carcajadas no excluye la posibilidad de que se trate de una obra de f\u00edsica escrita por un consagrado Premio Nobel.<\/p>\n<p>Leon Lederman lo ha logrado. Su obra La part\u00edcula divina va cargada de un corrosivo sentido del humor.<\/p>\n<p><a href=\"https:\/\/tavapy.gov.py\/biblioteca\/wp-content\/uploads\/2022\/05\/LedermanL-La-particula-divina.pdf\" target=\"_blank\" rel=\"attachment noopener wp-att-5154\"><img loading=\"lazy\" decoding=\"async\" class=\"size-full wp-image-5154 alignleft\" src=\"https:\/\/tavapy.gov.py\/biblioteca\/wp-content\/uploads\/2022\/05\/icono-PDF-copia-1.png\" alt=\"\" width=\"121\" height=\"140\" \/><\/a><\/p>\n","protected":false},"featured_media":5037,"comment_status":"open","ping_status":"closed","template":"","meta":{"spay_email":""},"product_cat":[496],"product_tag":[],"class_list":{"0":"post-5200","1":"product","2":"type-product","3":"status-publish","4":"has-post-thumbnail","6":"book_author-leon-lederman","7":"product_cat-fisica-moderna-historia-de-la-fisica","8":"entry"},"_links":{"self":[{"href":"https:\/\/tavapy.gov.py\/biblioteca\/wp-json\/wp\/v2\/product\/5200","targetHints":{"allow":["GET"]}}],"collection":[{"href":"https:\/\/tavapy.gov.py\/biblioteca\/wp-json\/wp\/v2\/product"}],"about":[{"href":"https:\/\/tavapy.gov.py\/biblioteca\/wp-json\/wp\/v2\/types\/product"}],"replies":[{"embeddable":true,"href":"https:\/\/tavapy.gov.py\/biblioteca\/wp-json\/wp\/v2\/comments?post=5200"}],"wp:featuredmedia":[{"embeddable":true,"href":"https:\/\/tavapy.gov.py\/biblioteca\/wp-json\/wp\/v2\/media\/5037"}],"wp:attachment":[{"href":"https:\/\/tavapy.gov.py\/biblioteca\/wp-json\/wp\/v2\/media?parent=5200"}],"wp:term":[{"taxonomy":"product_cat","embeddable":true,"href":"https:\/\/tavapy.gov.py\/biblioteca\/wp-json\/wp\/v2\/product_cat?post=5200"},{"taxonomy":"product_tag","embeddable":true,"href":"https:\/\/tavapy.gov.py\/biblioteca\/wp-json\/wp\/v2\/product_tag?post=5200"}],"curies":[{"name":"wp","href":"https:\/\/api.w.org\/{rel}","templated":true}]}}