{"id":5201,"date":"2022-05-20T02:21:51","date_gmt":"2022-05-20T02:21:51","guid":{"rendered":"https:\/\/tavapy.gov.py\/biblioteca\/?post_type=product&#038;p=5201"},"modified":"2022-05-20T02:21:51","modified_gmt":"2022-05-20T02:21:51","slug":"el-agora-de-la-neuroeducacion","status":"publish","type":"product","link":"https:\/\/tavapy.gov.py\/biblioteca\/product\/el-agora-de-la-neuroeducacion\/","title":{"rendered":"EL \u00c1GORA DE LA NEUROEDUCACI\u00d3N."},"content":{"rendered":"","protected":false},"excerpt":{"rendered":"<p>El \u00e1gora de la neuroeducaci\u00f3n La neuroeducaci\u00f3n explicada y aplicada surge del di\u00e1logo entre profesionales de diferentes \u00e1mbitos y experiencias con vocaci\u00f3n de crear un espacio de encuentro y reflexi\u00f3n con el reto \u00faltimo de ampliar las miradas sobre la educaci\u00f3n y contribuir a la mejora educativa.<\/p>\n<p>Los expertos dialogan y comparten, a trav\u00e9s de trabajos, investigaciones y experiencias pr\u00e1cticas, conocimiento y reflexiones acerca de la neurociencia y c\u00f3mo esta est\u00e1 emergiendo en el \u00e1mbito educativo; las cuales pueden ser de especial relevancia e inter\u00e9s para docentes, familias y agentes educativos en general.<\/p>\n<p>Un libro publicado en el 2.019 que recoge y entrelaza de manera transversal la literatura, los estudios y las experiencias a trav\u00e9s de las voces de profesionales y de los expertos vinculados al campo de la neuroeducaci\u00f3n. Al mismo tiempo que abre la puerta y dirige la mirada al II Congreso Internacional de Neuroeducaci\u00f3n, que se celebrar\u00e1 en Barcelona, donde se navega por un cerebro lleno de inc\u00f3gnitas y se sumerge en las funciones ejecutivas para observar c\u00f3mo interact\u00faan y construyen nuestro relato.<\/p>\n<p><a href=\"https:\/\/tavapy.gov.py\/biblioteca\/wp-content\/uploads\/2022\/05\/LluchL-El-agora-de-la-neuroeducacion.pdf\" target=\"_blank\" rel=\"attachment noopener wp-att-5154\"><img loading=\"lazy\" decoding=\"async\" class=\"size-full wp-image-5154 alignleft\" src=\"https:\/\/tavapy.gov.py\/biblioteca\/wp-content\/uploads\/2022\/05\/icono-PDF-copia-1.png\" alt=\"\" width=\"121\" height=\"140\" \/><\/a><\/p>\n","protected":false},"featured_media":5033,"comment_status":"open","ping_status":"closed","template":"","meta":{"spay_email":""},"product_cat":[196],"product_tag":[],"class_list":{"0":"post-5201","1":"product","2":"type-product","3":"status-publish","4":"has-post-thumbnail","6":"book_author-laia-lluch","7":"product_cat-psicologia-educacion","8":"entry"},"_links":{"self":[{"href":"https:\/\/tavapy.gov.py\/biblioteca\/wp-json\/wp\/v2\/product\/5201","targetHints":{"allow":["GET"]}}],"collection":[{"href":"https:\/\/tavapy.gov.py\/biblioteca\/wp-json\/wp\/v2\/product"}],"about":[{"href":"https:\/\/tavapy.gov.py\/biblioteca\/wp-json\/wp\/v2\/types\/product"}],"replies":[{"embeddable":true,"href":"https:\/\/tavapy.gov.py\/biblioteca\/wp-json\/wp\/v2\/comments?post=5201"}],"wp:featuredmedia":[{"embeddable":true,"href":"https:\/\/tavapy.gov.py\/biblioteca\/wp-json\/wp\/v2\/media\/5033"}],"wp:attachment":[{"href":"https:\/\/tavapy.gov.py\/biblioteca\/wp-json\/wp\/v2\/media?parent=5201"}],"wp:term":[{"taxonomy":"product_cat","embeddable":true,"href":"https:\/\/tavapy.gov.py\/biblioteca\/wp-json\/wp\/v2\/product_cat?post=5201"},{"taxonomy":"product_tag","embeddable":true,"href":"https:\/\/tavapy.gov.py\/biblioteca\/wp-json\/wp\/v2\/product_tag?post=5201"}],"curies":[{"name":"wp","href":"https:\/\/api.w.org\/{rel}","templated":true}]}}