{"id":5202,"date":"2022-05-20T02:26:36","date_gmt":"2022-05-20T02:26:36","guid":{"rendered":"https:\/\/tavapy.gov.py\/biblioteca\/?post_type=product&#038;p=5202"},"modified":"2022-05-20T02:31:03","modified_gmt":"2022-05-20T02:31:03","slug":"microcosmos","status":"publish","type":"product","link":"https:\/\/tavapy.gov.py\/biblioteca\/product\/microcosmos\/","title":{"rendered":"MICROCOSMOS."},"content":{"rendered":"","protected":false},"excerpt":{"rendered":"<p>Microcosmos, obra publicada en 1.986, tiene la facultad de hacernos pensar, a partir de la experiencia y del conocimiento cient\u00edficos, acerca de los eternos interrogantes existenciales del ser humano: qu\u00e9 hacemos aqu\u00ed, de d\u00f3nde venimos y, ante todo, hacia d\u00f3nde vamos. Son cient\u00edficos como Lynn Margulis los que cambian la visi\u00f3n preestablecida que tenemos del mundo que nos rodea y del que formamos parte. Hace miles de millones de a\u00f1os s\u00f3lo hab\u00eda microbios y hoy existe, por ejemplo, la civilizaci\u00f3n humana. Cabe preguntarse, pues, cu\u00e1l es la relaci\u00f3n entre la especie humana y el resto de las formas vivas.<\/p>\n<p>Lyn Margulis ha desarrollado una de las teor\u00edas m\u00e1s imaginativas (\u00a1y m\u00e1s bellas!) sobre c\u00f3mo aquellos habitantes del microcosmos se \u00abasociaron\u00bb para crear nuevas formas que, a su vez, lograron transformar el planeta en el que hab\u00eda de continuar la evoluci\u00f3n que llega hasta nosotros. Nada parece ser exclusivo de la especie humana: sus poderes no son \u00fanicos, su existencia no es la culminaci\u00f3n de nada.<\/p>\n<p>Los microbios cubren nada menos que las cinco sextas partes de la historia de la vida, viven en nosotros y nosotros en ellos, ellos nos han \u00abinventado\u00bb, al ser ellos los que establecieron las bases qu\u00edmicas y estructurales fundamentales en las que todav\u00eda se basa cualquier forma de vida.<\/p>\n<p>La idea central de Margulis y Sagan es, pues, la simbiosis; es decir seres simples especializados en diferentes funciones establecen sucesivas alianzas y pactos para crear superestructuras cada vez m\u00e1s generales y complejas. La idea de competencia y supervivencia del m\u00e1s apto desaparece, para ellos, frente a esta nueva idea, basada en la interacci\u00f3n continua, la cohabitaci\u00f3n y la mutua dependencia de las distintas especies. Aprenderemos as\u00ed, despu\u00e9s de la lectura de este libro, cu\u00e1l es el papel de la conciencia humana en esta prodigiosa saga.<\/p>\n<p><a href=\"https:\/\/tavapy.gov.py\/biblioteca\/wp-content\/uploads\/2022\/05\/MargulisL-Microcosmos.pdf\" target=\"_blank\" rel=\"attachment noopener wp-att-5154\"><img loading=\"lazy\" decoding=\"async\" class=\"size-full wp-image-5154 alignleft\" src=\"https:\/\/tavapy.gov.py\/biblioteca\/wp-content\/uploads\/2022\/05\/icono-PDF-copia-1.png\" alt=\"\" width=\"121\" height=\"140\" \/><\/a><\/p>\n","protected":false},"featured_media":5203,"comment_status":"open","ping_status":"closed","template":"","meta":{"spay_email":""},"product_cat":[513],"product_tag":[],"class_list":{"0":"post-5202","1":"product","2":"type-product","3":"status-publish","4":"has-post-thumbnail","6":"book_author-lynn-margulis","7":"product_cat-biologia-evolucion","8":"entry"},"_links":{"self":[{"href":"https:\/\/tavapy.gov.py\/biblioteca\/wp-json\/wp\/v2\/product\/5202","targetHints":{"allow":["GET"]}}],"collection":[{"href":"https:\/\/tavapy.gov.py\/biblioteca\/wp-json\/wp\/v2\/product"}],"about":[{"href":"https:\/\/tavapy.gov.py\/biblioteca\/wp-json\/wp\/v2\/types\/product"}],"replies":[{"embeddable":true,"href":"https:\/\/tavapy.gov.py\/biblioteca\/wp-json\/wp\/v2\/comments?post=5202"}],"wp:featuredmedia":[{"embeddable":true,"href":"https:\/\/tavapy.gov.py\/biblioteca\/wp-json\/wp\/v2\/media\/5203"}],"wp:attachment":[{"href":"https:\/\/tavapy.gov.py\/biblioteca\/wp-json\/wp\/v2\/media?parent=5202"}],"wp:term":[{"taxonomy":"product_cat","embeddable":true,"href":"https:\/\/tavapy.gov.py\/biblioteca\/wp-json\/wp\/v2\/product_cat?post=5202"},{"taxonomy":"product_tag","embeddable":true,"href":"https:\/\/tavapy.gov.py\/biblioteca\/wp-json\/wp\/v2\/product_tag?post=5202"}],"curies":[{"name":"wp","href":"https:\/\/api.w.org\/{rel}","templated":true}]}}