{"id":5204,"date":"2022-05-20T02:35:58","date_gmt":"2022-05-20T02:35:58","guid":{"rendered":"https:\/\/tavapy.gov.py\/biblioteca\/?post_type=product&#038;p=5204"},"modified":"2022-05-20T02:35:58","modified_gmt":"2022-05-20T02:35:58","slug":"fronteras-del-infinito","status":"publish","type":"product","link":"https:\/\/tavapy.gov.py\/biblioteca\/product\/fronteras-del-infinito\/","title":{"rendered":"FRONTERAS DEL INFINITO."},"content":{"rendered":"","protected":false},"excerpt":{"rendered":"<p>Miles Vorkosigan, el entra\u00f1able personaje que se dio a conocer en El aprendiz de guerrero, emprende gracias a la habilidad de la exitosa escritora de Lois McNaster Bujold nuevas aventuras.<\/p>\n<p>En esta ocasi\u00f3n se abordan asuntos de gran inter\u00e9s: los prejuicios sociales y sus consecuencias, una posible reflexi\u00f3n antirracista nacida en torno a la manipulaci\u00f3n gen\u00e9tica y una amena exploraci\u00f3n de temas cuya conjunci\u00f3n resulta particularmente curiosa: religi\u00f3n, supervivencia y estrategia militar.<\/p>\n<p>Esta obra fue publicada en 1.987.<\/p>\n<p><a href=\"https:\/\/tavapy.gov.py\/biblioteca\/wp-content\/uploads\/2022\/05\/McMasterL-Fronteras-del-infinito.pdf\" target=\"_blank\" rel=\"attachment noopener wp-att-5154\"><img loading=\"lazy\" decoding=\"async\" class=\"size-full wp-image-5154 alignleft\" src=\"https:\/\/tavapy.gov.py\/biblioteca\/wp-content\/uploads\/2022\/05\/icono-PDF-copia-1.png\" alt=\"\" width=\"121\" height=\"140\" \/><\/a><\/p>\n","protected":false},"featured_media":5027,"comment_status":"open","ping_status":"closed","template":"","meta":{"spay_email":""},"product_cat":[592],"product_tag":[],"class_list":{"0":"post-5204","1":"product","2":"type-product","3":"status-publish","4":"has-post-thumbnail","6":"book_author-lois-mcmaster-bujold","7":"product_cat-novela-ciencia-ficcion","8":"entry"},"_links":{"self":[{"href":"https:\/\/tavapy.gov.py\/biblioteca\/wp-json\/wp\/v2\/product\/5204","targetHints":{"allow":["GET"]}}],"collection":[{"href":"https:\/\/tavapy.gov.py\/biblioteca\/wp-json\/wp\/v2\/product"}],"about":[{"href":"https:\/\/tavapy.gov.py\/biblioteca\/wp-json\/wp\/v2\/types\/product"}],"replies":[{"embeddable":true,"href":"https:\/\/tavapy.gov.py\/biblioteca\/wp-json\/wp\/v2\/comments?post=5204"}],"wp:featuredmedia":[{"embeddable":true,"href":"https:\/\/tavapy.gov.py\/biblioteca\/wp-json\/wp\/v2\/media\/5027"}],"wp:attachment":[{"href":"https:\/\/tavapy.gov.py\/biblioteca\/wp-json\/wp\/v2\/media?parent=5204"}],"wp:term":[{"taxonomy":"product_cat","embeddable":true,"href":"https:\/\/tavapy.gov.py\/biblioteca\/wp-json\/wp\/v2\/product_cat?post=5204"},{"taxonomy":"product_tag","embeddable":true,"href":"https:\/\/tavapy.gov.py\/biblioteca\/wp-json\/wp\/v2\/product_tag?post=5204"}],"curies":[{"name":"wp","href":"https:\/\/api.w.org\/{rel}","templated":true}]}}