{"id":5206,"date":"2022-05-20T02:48:34","date_gmt":"2022-05-20T02:48:34","guid":{"rendered":"https:\/\/tavapy.gov.py\/biblioteca\/?post_type=product&#038;p=5206"},"modified":"2022-05-20T02:49:27","modified_gmt":"2022-05-20T02:49:27","slug":"ciencia-con-conciencia","status":"publish","type":"product","link":"https:\/\/tavapy.gov.py\/biblioteca\/product\/ciencia-con-conciencia\/","title":{"rendered":"CIENCIA CON CONSCIENCIA."},"content":{"rendered":"","protected":false},"excerpt":{"rendered":"<p>Ciencia con Conciencia: No existe una ciencia \u00abbuena\u00bb o una \u00abmala\u00bb. En realidad, la ciencia tiene profundas ra\u00edces culturales que se revela urgente conocer para mejor comprender el mundo y nuestra responsabilidad en cuanto al mundo que queremos como humanidad.<\/p>\n<p>La ciencia es importante cuando act\u00faa con conciencia, como dice el autor de este libro Edgar Morin. Por el af\u00e1n de descubrir lo no descubierto, el hombre cada d\u00eda, tiene ese deseo y conocimiento a buscar inc\u00f3gnitas para llenar sus vac\u00edos, pero quedando por resolver nuevos interrogantes surgido de sus descubrimientos.<\/p>\n<p>Ahora bien, los cient\u00edficos tienen que combatir entre sus investigaciones con otros objetos externos como es el poder econ\u00f3mico y pol\u00edtico. Le son absorbidos y convierte estos descubrimientos para su propio inter\u00e9s, al modo de ver los cient\u00edficos aunque son seres humanos con su entorno social, no se controlan por s\u00cd mismo, est\u00e1n controlados por las elites para sus propios intereses, dejando que estas investigaciones lleguen a las mayor\u00edas en iguales condiciones.<\/p>\n<p>Esta obra fue publicada en 1.982.<\/p>\n<p><a href=\"https:\/\/tavapy.gov.py\/biblioteca\/wp-content\/uploads\/2022\/05\/MorinE-Ciencia-con-conciencia.pdf\" target=\"_blank\" rel=\"attachment noopener wp-att-5154\"><img loading=\"lazy\" decoding=\"async\" class=\"size-full wp-image-5154 alignleft\" src=\"https:\/\/tavapy.gov.py\/biblioteca\/wp-content\/uploads\/2022\/05\/icono-PDF-copia-1.png\" alt=\"\" width=\"121\" height=\"140\" \/><\/a><\/p>\n","protected":false},"featured_media":5023,"comment_status":"open","ping_status":"closed","template":"","meta":{"spay_email":""},"product_cat":[271],"product_tag":[],"class_list":{"0":"post-5206","1":"product","2":"type-product","3":"status-publish","4":"has-post-thumbnail","6":"book_author-edgar-morin","7":"product_cat-epistemologia-filosofia","8":"entry"},"_links":{"self":[{"href":"https:\/\/tavapy.gov.py\/biblioteca\/wp-json\/wp\/v2\/product\/5206","targetHints":{"allow":["GET"]}}],"collection":[{"href":"https:\/\/tavapy.gov.py\/biblioteca\/wp-json\/wp\/v2\/product"}],"about":[{"href":"https:\/\/tavapy.gov.py\/biblioteca\/wp-json\/wp\/v2\/types\/product"}],"replies":[{"embeddable":true,"href":"https:\/\/tavapy.gov.py\/biblioteca\/wp-json\/wp\/v2\/comments?post=5206"}],"wp:featuredmedia":[{"embeddable":true,"href":"https:\/\/tavapy.gov.py\/biblioteca\/wp-json\/wp\/v2\/media\/5023"}],"wp:attachment":[{"href":"https:\/\/tavapy.gov.py\/biblioteca\/wp-json\/wp\/v2\/media?parent=5206"}],"wp:term":[{"taxonomy":"product_cat","embeddable":true,"href":"https:\/\/tavapy.gov.py\/biblioteca\/wp-json\/wp\/v2\/product_cat?post=5206"},{"taxonomy":"product_tag","embeddable":true,"href":"https:\/\/tavapy.gov.py\/biblioteca\/wp-json\/wp\/v2\/product_tag?post=5206"}],"curies":[{"name":"wp","href":"https:\/\/api.w.org\/{rel}","templated":true}]}}