{"id":5209,"date":"2022-05-20T03:00:55","date_gmt":"2022-05-20T03:00:55","guid":{"rendered":"https:\/\/tavapy.gov.py\/biblioteca\/?post_type=product&#038;p=5209"},"modified":"2022-05-20T03:00:56","modified_gmt":"2022-05-20T03:00:56","slug":"consolacion-a-marcia","status":"publish","type":"product","link":"https:\/\/tavapy.gov.py\/biblioteca\/product\/consolacion-a-marcia\/","title":{"rendered":"CONSOLACI\u00d3N A MARCIA."},"content":{"rendered":"","protected":false},"excerpt":{"rendered":"<p>La Consolaci\u00f3n a Marcia es una obra escrita por Lucio Anneo S\u00e9neca en torno al a\u00f1o 50 de nuestra era.<\/p>\n<p>La obra fue escrita para una mujer conocida suya llamada Marcia, quien, seg\u00fan parece, mantuvo el luto por la muerte de su hijo durante m\u00e1s de tres a\u00f1os.<\/p>\n<p>En ella, S\u00e9neca desgrana uno de los ejes centrales de su filosof\u00eda estoica, a saber, el reconocer e incluso esperar la muerte como algo natural e inevitable que puede sobrevenirnos en cualquier momento, algo que al lector moderno puede resultar un tanto ecl\u00e9ctico frente a las posturas m\u00e1s vitalistas que al respecto suelen adoptarse en la actualidad.<\/p>\n<p>Sin embargo, algunos aspectos de la obra, sobre todo el que trata con la inmortalidad del alma, son tan semejantes a los propugnados por el cristianismo que llevaron a muchos pensadores cristianos como a Tertuliano o a San Jer\u00f3nimo a considerar la filosof\u00eda de S\u00e9neca, y a \u00e9l mismo, como \u00absaepe noster\u00bb, esto es, a menudo, uno de los nuestros.<\/p>\n<p><a href=\"https:\/\/tavapy.gov.py\/biblioteca\/wp-content\/uploads\/2022\/05\/Seneca-Consolacion-a-Marcia.pdf\" target=\"_blank\" rel=\"attachment noopener wp-att-5154\"><img loading=\"lazy\" decoding=\"async\" class=\"size-full wp-image-5154 alignleft\" src=\"https:\/\/tavapy.gov.py\/biblioteca\/wp-content\/uploads\/2022\/05\/icono-PDF-copia-1.png\" alt=\"\" width=\"121\" height=\"140\" \/><\/a><\/p>\n","protected":false},"featured_media":5017,"comment_status":"open","ping_status":"closed","template":"","meta":{"spay_email":""},"product_cat":[616],"product_tag":[],"class_list":{"0":"post-5209","1":"product","2":"type-product","3":"status-publish","4":"has-post-thumbnail","6":"book_author-seneca","7":"product_cat-filosofia-antigua","8":"entry"},"_links":{"self":[{"href":"https:\/\/tavapy.gov.py\/biblioteca\/wp-json\/wp\/v2\/product\/5209","targetHints":{"allow":["GET"]}}],"collection":[{"href":"https:\/\/tavapy.gov.py\/biblioteca\/wp-json\/wp\/v2\/product"}],"about":[{"href":"https:\/\/tavapy.gov.py\/biblioteca\/wp-json\/wp\/v2\/types\/product"}],"replies":[{"embeddable":true,"href":"https:\/\/tavapy.gov.py\/biblioteca\/wp-json\/wp\/v2\/comments?post=5209"}],"wp:featuredmedia":[{"embeddable":true,"href":"https:\/\/tavapy.gov.py\/biblioteca\/wp-json\/wp\/v2\/media\/5017"}],"wp:attachment":[{"href":"https:\/\/tavapy.gov.py\/biblioteca\/wp-json\/wp\/v2\/media?parent=5209"}],"wp:term":[{"taxonomy":"product_cat","embeddable":true,"href":"https:\/\/tavapy.gov.py\/biblioteca\/wp-json\/wp\/v2\/product_cat?post=5209"},{"taxonomy":"product_tag","embeddable":true,"href":"https:\/\/tavapy.gov.py\/biblioteca\/wp-json\/wp\/v2\/product_tag?post=5209"}],"curies":[{"name":"wp","href":"https:\/\/api.w.org\/{rel}","templated":true}]}}