{"id":5228,"date":"2022-05-24T22:51:10","date_gmt":"2022-05-24T22:51:10","guid":{"rendered":"https:\/\/tavapy.gov.py\/biblioteca\/?post_type=product&#038;p=5228"},"modified":"2022-05-24T22:51:11","modified_gmt":"2022-05-24T22:51:11","slug":"finanzas-personales-y-familiares","status":"publish","type":"product","link":"https:\/\/tavapy.gov.py\/biblioteca\/product\/finanzas-personales-y-familiares\/","title":{"rendered":"FINANZAS PERSONALES Y FAMILIARES."},"content":{"rendered":"","protected":false},"excerpt":{"rendered":"<p>En el presente libro publicado en el 2.012, se pretende promover una cultura financiera que ayude al padre de familia y a sus miembros al conocimiento m\u00e1s amplio posible de los asuntos que involucran, en mayor medida, sus recursos econ\u00f3micos, energ\u00edas y tiempo. Se trata de que el lector tome las decisiones de consumo y de inversi\u00f3n lo m\u00e1s informado e inteligentemente posible, favoreci\u00e9ndose as\u00ed una mejor calidad de vida.<\/p>\n<p>Contribuir con la sociedad en la promoci\u00f3n de educaci\u00f3n financiera a trav\u00e9s del conocimiento y defensa de los intereses del consumidor, a fi n de que las empresas comercializadoras y prestadores de servicios reconozcan la necesidad de ofrecer calidad y valor agregado.<\/p>\n<p>Favorecer una mayor previsi\u00f3n y cuidado de los activos personales y familiares ante la situaci\u00f3n actual imperante de bajo crecimiento en la econom\u00eda, limitadas expectativas de ingresos extraordinarios y dem\u00e1s desaf\u00edos que la cambiante realidad impone.<\/p>\n<p>Finalmente, este libro tiene la intenci\u00f3n de formularnos en esta \u00e9poca la siguiente regla: \u201cel conocimiento es el nuevo dinero\u201d, un dicho tan sencillo, pr\u00e1ctico y real que permitir\u00e1 obtener las ventajas sobre muchas personas, haci\u00e9ndonos sentir m\u00e1s seguros de nuestro futuro financiero.<\/p>\n<p><a href=\"https:\/\/tavapy.gov.py\/biblioteca\/wp-content\/uploads\/2022\/05\/AngE-Finanzas-Personales-y-Familiares.pdf\" target=\"_blank\" rel=\"noopener\"><img loading=\"lazy\" decoding=\"async\" class=\"size-full wp-image-5312 alignleft\" src=\"https:\/\/tavapy.gov.py\/biblioteca\/wp-content\/uploads\/2022\/05\/icono-PDF-copia-2.png\" alt=\"\" width=\"121\" height=\"140\" \/><\/a><\/p>\n","protected":false},"featured_media":5310,"comment_status":"open","ping_status":"closed","template":"","meta":{"spay_email":""},"product_cat":[289],"product_tag":[],"class_list":{"0":"post-5228","1":"product","2":"type-product","3":"status-publish","4":"has-post-thumbnail","6":"book_author-efrain-jaime-ang","7":"product_cat-autoayuda-finanzas","8":"entry"},"_links":{"self":[{"href":"https:\/\/tavapy.gov.py\/biblioteca\/wp-json\/wp\/v2\/product\/5228","targetHints":{"allow":["GET"]}}],"collection":[{"href":"https:\/\/tavapy.gov.py\/biblioteca\/wp-json\/wp\/v2\/product"}],"about":[{"href":"https:\/\/tavapy.gov.py\/biblioteca\/wp-json\/wp\/v2\/types\/product"}],"replies":[{"embeddable":true,"href":"https:\/\/tavapy.gov.py\/biblioteca\/wp-json\/wp\/v2\/comments?post=5228"}],"wp:featuredmedia":[{"embeddable":true,"href":"https:\/\/tavapy.gov.py\/biblioteca\/wp-json\/wp\/v2\/media\/5310"}],"wp:attachment":[{"href":"https:\/\/tavapy.gov.py\/biblioteca\/wp-json\/wp\/v2\/media?parent=5228"}],"wp:term":[{"taxonomy":"product_cat","embeddable":true,"href":"https:\/\/tavapy.gov.py\/biblioteca\/wp-json\/wp\/v2\/product_cat?post=5228"},{"taxonomy":"product_tag","embeddable":true,"href":"https:\/\/tavapy.gov.py\/biblioteca\/wp-json\/wp\/v2\/product_tag?post=5228"}],"curies":[{"name":"wp","href":"https:\/\/api.w.org\/{rel}","templated":true}]}}