{"id":5314,"date":"2022-05-24T23:03:38","date_gmt":"2022-05-24T23:03:38","guid":{"rendered":"https:\/\/tavapy.gov.py\/biblioteca\/?post_type=product&#038;p=5314"},"modified":"2022-05-24T23:03:39","modified_gmt":"2022-05-24T23:03:39","slug":"rec-por-que-recordamos-lo-que-recordamos-y-olvidamos-lo-que-olvidamos","status":"publish","type":"product","link":"https:\/\/tavapy.gov.py\/biblioteca\/product\/rec-por-que-recordamos-lo-que-recordamos-y-olvidamos-lo-que-olvidamos\/","title":{"rendered":"REC: POR QU\u00c9 RECORDAMOS LO QUE RECORDAMOS Y OLVIDAMOS LO QUE OLVIDAMOS."},"content":{"rendered":"","protected":false},"excerpt":{"rendered":"<p>\u00bfPor qu\u00e9 nos acordamos de qu\u00e9 est\u00e1bamos haciendo el d\u00eda que cayeron las Torres Gemelas, pero nos cuesta recordar algo que hicimos hace minutos?<\/p>\n<p>REC obra publicada en el 2.015 te cuenta c\u00f3mo funciona nuestra memoria, la importancia del factor sorpresa y por qu\u00e9 registramos ciertos recuerdos por sobre otros. Todos podemos educar el cerebro y entrenar la mente con ejercicios y experimentos sin recurrir a un laboratorio neurocient\u00edfico para realizarlos, simplemente en casa, en el trabajo, en el aula.<\/p>\n<p>\u00bfEs posible que nuestro cerebro nos enga\u00f1e y nos imponga recuerdos falsos? \u00bfExiste alguna forma de asegurar la eficacia del registro de un recuerdo? Fabricio Ballarini demuestra c\u00f3mo los \u00faltimos descubrimientos cient\u00edficos pueden ayudarnos a mejorar notablemente nuestra memoria. Sus investigaciones sobre los procesos de aprendizaje han obtenido resultados asombrosos y se convirtieron en una valiosa herramienta educativa que, en este libro, explica c\u00f3mo poner en pr\u00e1ctica.<\/p>\n<p><a href=\"https:\/\/tavapy.gov.py\/biblioteca\/wp-content\/uploads\/2022\/05\/BallariniF-REC.pdf\" target=\"_blank\" rel=\"attachment noopener wp-att-5312\"><img loading=\"lazy\" decoding=\"async\" class=\"size-full wp-image-5312 alignleft\" src=\"https:\/\/tavapy.gov.py\/biblioteca\/wp-content\/uploads\/2022\/05\/icono-PDF-copia-2.png\" alt=\"\" width=\"121\" height=\"140\" \/><\/a><\/p>\n","protected":false},"featured_media":5305,"comment_status":"open","ping_status":"closed","template":"","meta":{"spay_email":""},"product_cat":[361],"product_tag":[],"class_list":{"0":"post-5314","1":"product","2":"type-product","3":"status-publish","4":"has-post-thumbnail","6":"book_author-fabricio-fallarini","7":"product_cat-neurociencia-psicologia","8":"entry"},"_links":{"self":[{"href":"https:\/\/tavapy.gov.py\/biblioteca\/wp-json\/wp\/v2\/product\/5314","targetHints":{"allow":["GET"]}}],"collection":[{"href":"https:\/\/tavapy.gov.py\/biblioteca\/wp-json\/wp\/v2\/product"}],"about":[{"href":"https:\/\/tavapy.gov.py\/biblioteca\/wp-json\/wp\/v2\/types\/product"}],"replies":[{"embeddable":true,"href":"https:\/\/tavapy.gov.py\/biblioteca\/wp-json\/wp\/v2\/comments?post=5314"}],"wp:featuredmedia":[{"embeddable":true,"href":"https:\/\/tavapy.gov.py\/biblioteca\/wp-json\/wp\/v2\/media\/5305"}],"wp:attachment":[{"href":"https:\/\/tavapy.gov.py\/biblioteca\/wp-json\/wp\/v2\/media?parent=5314"}],"wp:term":[{"taxonomy":"product_cat","embeddable":true,"href":"https:\/\/tavapy.gov.py\/biblioteca\/wp-json\/wp\/v2\/product_cat?post=5314"},{"taxonomy":"product_tag","embeddable":true,"href":"https:\/\/tavapy.gov.py\/biblioteca\/wp-json\/wp\/v2\/product_tag?post=5314"}],"curies":[{"name":"wp","href":"https:\/\/api.w.org\/{rel}","templated":true}]}}