{"id":5315,"date":"2022-05-24T23:13:48","date_gmt":"2022-05-24T23:13:48","guid":{"rendered":"https:\/\/tavapy.gov.py\/biblioteca\/?post_type=product&#038;p=5315"},"modified":"2022-05-24T23:13:48","modified_gmt":"2022-05-24T23:13:48","slug":"san-francisco-de-asis-ternura-y-vigor","status":"publish","type":"product","link":"https:\/\/tavapy.gov.py\/biblioteca\/product\/san-francisco-de-asis-ternura-y-vigor\/","title":{"rendered":"SAN FRANCISCO DE AS\u00cdS: TERNURA Y VIGOR."},"content":{"rendered":"","protected":false},"excerpt":{"rendered":"<p>Durante la primavera, en la oscuridad de los toneles, el vino, aun el m\u00e1s viejo, experimenta una liger\u00edsima floraci\u00f3n. Es la propia vida, que perdura y florece. As\u00ed sucede con Francisco de As\u00eds, vino fino y precioso que florece y fructifica incesantemente en la cultura, en la iglesia y en este hermoso libro de Leonardo Boff, publicado en 1.982, que plantea cinco cuestiones de suma importancia para nuestro tiempo:<\/p>\n<p>1) El sistema en que vivimos, que se tambalea por causa de la crisis de las formas de acumulaci\u00f3n y del dominio depredador de la raz\u00f3n. 2) La sociedad moderna, en cuyo cuerpo social se abre un escandaloso abismo entre ricos y miserables. 3) La liberaci\u00f3n integral que Poverello pretende no mediante la pr\u00e1ctica de la violencia, sino mediante la bondad, que hace que brille en las tinieblas el lado bueno de cada hombre.<\/p>\n<p>4) La eclesiog\u00e9nesis, es decir, la permanente g\u00e9nesis de la iglesia, que es, ante todo, acontecimiento de fe nacido como respuesta a la Palabra o\u00edda y vivida en el amplio espacio del mundo. 5) Por \u00faltimo, la integraci\u00f3n de lo negativo de la vida, mediante la cual Francisco hace de su propia dimensi\u00f3n tenebrosa camino hacia Dios. Pero lo que m\u00e1s destaca entre las l\u00edneas de este texto denso y profundo, es la ternura y el vigor del propio autor.<\/p>\n<p>Nos hallamos ante un hombre apasionado que, desde la palestra de su propio ser y de una sociedad cruel, se esfuerza por vivir lo que el Poverello vivi\u00f3, sin limitarse \u00fanicamente a contar lo que hizo. Este libro no es s\u00f3lo el resultado de largas horas de estudio y reflexi\u00f3n, sino m\u00e1s bien el fruto de muchos a\u00f1os de franciscanismo ardientemente vividos. Por eso puede el autor afirmar: \u00abYo, fraile menor de un pa\u00eds muy distante de As\u00eds, te\u00f3logo, menor, perif\u00e9rico y pecador, he visto y doy testimonio. En honor y alabanza de San Francisco. Am\u00e9n\u00bb.<\/p>\n<p><a href=\"https:\/\/tavapy.gov.py\/biblioteca\/wp-content\/uploads\/2022\/05\/BoffF-San-francisco-de-Asis-ternura-y-vigor.pdf\" target=\"_blank\" rel=\"attachment noopener wp-att-5312\"><img loading=\"lazy\" decoding=\"async\" class=\"size-full wp-image-5312 alignleft\" src=\"https:\/\/tavapy.gov.py\/biblioteca\/wp-content\/uploads\/2022\/05\/icono-PDF-copia-2.png\" alt=\"\" width=\"121\" height=\"140\" \/><\/a><\/p>\n","protected":false},"featured_media":5304,"comment_status":"open","ping_status":"closed","template":"","meta":{"spay_email":""},"product_cat":[15],"product_tag":[],"class_list":{"0":"post-5315","1":"product","2":"type-product","3":"status-publish","4":"has-post-thumbnail","6":"book_author-leonardo-boff","7":"product_cat-uncategorized","8":"entry"},"_links":{"self":[{"href":"https:\/\/tavapy.gov.py\/biblioteca\/wp-json\/wp\/v2\/product\/5315","targetHints":{"allow":["GET"]}}],"collection":[{"href":"https:\/\/tavapy.gov.py\/biblioteca\/wp-json\/wp\/v2\/product"}],"about":[{"href":"https:\/\/tavapy.gov.py\/biblioteca\/wp-json\/wp\/v2\/types\/product"}],"replies":[{"embeddable":true,"href":"https:\/\/tavapy.gov.py\/biblioteca\/wp-json\/wp\/v2\/comments?post=5315"}],"wp:featuredmedia":[{"embeddable":true,"href":"https:\/\/tavapy.gov.py\/biblioteca\/wp-json\/wp\/v2\/media\/5304"}],"wp:attachment":[{"href":"https:\/\/tavapy.gov.py\/biblioteca\/wp-json\/wp\/v2\/media?parent=5315"}],"wp:term":[{"taxonomy":"product_cat","embeddable":true,"href":"https:\/\/tavapy.gov.py\/biblioteca\/wp-json\/wp\/v2\/product_cat?post=5315"},{"taxonomy":"product_tag","embeddable":true,"href":"https:\/\/tavapy.gov.py\/biblioteca\/wp-json\/wp\/v2\/product_tag?post=5315"}],"curies":[{"name":"wp","href":"https:\/\/api.w.org\/{rel}","templated":true}]}}