{"id":5316,"date":"2022-05-24T23:23:41","date_gmt":"2022-05-24T23:23:41","guid":{"rendered":"https:\/\/tavapy.gov.py\/biblioteca\/?post_type=product&#038;p=5316"},"modified":"2022-05-24T23:23:41","modified_gmt":"2022-05-24T23:23:41","slug":"el-tao-de-la-liberacion","status":"publish","type":"product","link":"https:\/\/tavapy.gov.py\/biblioteca\/product\/el-tao-de-la-liberacion\/","title":{"rendered":"EL TAO DE LA LIBERACI\u00d3N."},"content":{"rendered":"","protected":false},"excerpt":{"rendered":"<p>En el escenario mundial del nuevo milenio, determinado por la pobreza y la destrucci\u00f3n del medio ambiente, el ascenso del capitalismo global coexiste con la creaci\u00f3n de comunidades sostenibles basadas en la pr\u00e1ctica del dise\u00f1o ecol\u00f3gico. El capitalismo global tiene que ver con redes electr\u00f3nicas de flujos financieros y de informaci\u00f3n; el \u00abecodise\u00f1o\u00bb, con redes ecol\u00f3gicas de flujos materiales y de energ\u00eda. La finalidad que persigue la econom\u00eda global, en su forma actual, consiste en potenciar al m\u00e1ximo la riqueza y el poder de sus \u00e9lites; la finalidad del ecodise\u00f1o, en favorecer al m\u00e1ximo la sostenibilidad del tejido de la vida.<\/p>\n<p>Ambos procesos se encuentran enfrentados. Partiendo de esta situaci\u00f3n, y sobre una base interdisciplinaria que integra ideas procedentes de las ciencias sociales, la ecolog\u00eda, la cosmolog\u00eda, la psicolog\u00eda y la espiritualidad, la presente obra publicada en el 2.009, busca formular los principios de una sabidur\u00eda que conduzca a una aut\u00e9ntica liberaci\u00f3n: un camino hacia la comuni\u00f3n, diversidad y creatividad de la comunidad humana que constituye la Tierra. Los autores describen esta sabidur\u00eda mediante la palabra china Tao, que significa tanto la v\u00eda que conduce a la armon\u00eda como el propio desarrollo del cosmos.<\/p>\n<p>Ofrecen as\u00ed una nueva s\u00edntesis: la \u00abecolog\u00eda de la transformaci\u00f3n\u00bb. Pues si la conexi\u00f3n, la relaci\u00f3n y la interdependencia son conceptos fundamentales de la ecolog\u00eda, tambi\u00e9n forman la esencia de la experiencia espiritual. La ecolog\u00eda puede constituir de este modo el puente imprescindible entre ciencia y espiritualidad.<\/p>\n<p><a href=\"https:\/\/tavapy.gov.py\/biblioteca\/wp-content\/uploads\/2022\/05\/BoffL-El-Tao-de-La-Liberacion.pdf\" target=\"_blank\" rel=\"attachment noopener wp-att-5312\"><img loading=\"lazy\" decoding=\"async\" class=\"size-full wp-image-5312 alignleft\" src=\"https:\/\/tavapy.gov.py\/biblioteca\/wp-content\/uploads\/2022\/05\/icono-PDF-copia-2.png\" alt=\"\" width=\"121\" height=\"140\" \/><\/a><\/p>\n","protected":false},"featured_media":5302,"comment_status":"open","ping_status":"closed","template":"","meta":{"spay_email":""},"product_cat":[619],"product_tag":[],"class_list":{"0":"post-5316","1":"product","2":"type-product","3":"status-publish","4":"has-post-thumbnail","6":"book_author-leonardo-boff","7":"product_cat-ecologia-politica-sociedad","8":"entry"},"_links":{"self":[{"href":"https:\/\/tavapy.gov.py\/biblioteca\/wp-json\/wp\/v2\/product\/5316","targetHints":{"allow":["GET"]}}],"collection":[{"href":"https:\/\/tavapy.gov.py\/biblioteca\/wp-json\/wp\/v2\/product"}],"about":[{"href":"https:\/\/tavapy.gov.py\/biblioteca\/wp-json\/wp\/v2\/types\/product"}],"replies":[{"embeddable":true,"href":"https:\/\/tavapy.gov.py\/biblioteca\/wp-json\/wp\/v2\/comments?post=5316"}],"wp:featuredmedia":[{"embeddable":true,"href":"https:\/\/tavapy.gov.py\/biblioteca\/wp-json\/wp\/v2\/media\/5302"}],"wp:attachment":[{"href":"https:\/\/tavapy.gov.py\/biblioteca\/wp-json\/wp\/v2\/media?parent=5316"}],"wp:term":[{"taxonomy":"product_cat","embeddable":true,"href":"https:\/\/tavapy.gov.py\/biblioteca\/wp-json\/wp\/v2\/product_cat?post=5316"},{"taxonomy":"product_tag","embeddable":true,"href":"https:\/\/tavapy.gov.py\/biblioteca\/wp-json\/wp\/v2\/product_tag?post=5316"}],"curies":[{"name":"wp","href":"https:\/\/api.w.org\/{rel}","templated":true}]}}