{"id":5317,"date":"2022-05-24T23:31:30","date_gmt":"2022-05-24T23:31:30","guid":{"rendered":"https:\/\/tavapy.gov.py\/biblioteca\/?post_type=product&#038;p=5317"},"modified":"2022-05-24T23:40:34","modified_gmt":"2022-05-24T23:40:34","slug":"neurociencia-para-educadores","status":"publish","type":"product","link":"https:\/\/tavapy.gov.py\/biblioteca\/product\/neurociencia-para-educadores\/","title":{"rendered":"NEUROCIENCIA PARA EDUCADORES."},"content":{"rendered":"","protected":false},"excerpt":{"rendered":"<p>Neurociencia para educadores es un libro esplendido que lleva un subt\u00edtulo suficientemente expl\u00edcito que fue publicado en el 2.019. Los lectores encontraran en su interior \u00abtodo aquello que los educadores siempre han querido saber sobre el cerebro de sus alumnos y nunca nadie se ha atrevido a explic\u00e1rselo de manera comprensible y \u00fatil\u00bb.<\/p>\n<p>Para sorpresa de muchos, el resultado no echa por tierra la totalidad de la pedagog\u00eda moderna, sino que da una explicaci\u00f3n cient\u00edfica complementaria a por que, si se trabaja con conocimiento y dedicaci\u00f3n, todo funciona razonablemente bien.<\/p>\n<p>Y un argumento s\u00f3lido para no dar marcha atr\u00e1s, como parecen querer algunas voces desmemoriadas. Un libro riguroso, claro y de agradable lectura, lleno de ideas para meditar sobre el oficio de ser aprendices.<\/p>\n<p><a href=\"https:\/\/tavapy.gov.py\/biblioteca\/wp-content\/uploads\/2022\/05\/BuenoD-Neurociencia-para-educadores.pdf\" target=\"_blank\" rel=\"attachment noopener wp-att-5312\"><img loading=\"lazy\" decoding=\"async\" class=\"size-full wp-image-5312 alignleft\" src=\"https:\/\/tavapy.gov.py\/biblioteca\/wp-content\/uploads\/2022\/05\/icono-PDF-copia-2.png\" alt=\"\" width=\"121\" height=\"140\" \/><\/a><\/p>\n","protected":false},"featured_media":5321,"comment_status":"open","ping_status":"closed","template":"","meta":{"spay_email":""},"product_cat":[15,373],"product_tag":[],"class_list":{"0":"post-5317","1":"product","2":"type-product","3":"status-publish","4":"has-post-thumbnail","6":"book_author-david-bueno-i-torrens","7":"product_cat-uncategorized","8":"product_cat-neurociencia-educacion","9":"entry"},"_links":{"self":[{"href":"https:\/\/tavapy.gov.py\/biblioteca\/wp-json\/wp\/v2\/product\/5317","targetHints":{"allow":["GET"]}}],"collection":[{"href":"https:\/\/tavapy.gov.py\/biblioteca\/wp-json\/wp\/v2\/product"}],"about":[{"href":"https:\/\/tavapy.gov.py\/biblioteca\/wp-json\/wp\/v2\/types\/product"}],"replies":[{"embeddable":true,"href":"https:\/\/tavapy.gov.py\/biblioteca\/wp-json\/wp\/v2\/comments?post=5317"}],"wp:featuredmedia":[{"embeddable":true,"href":"https:\/\/tavapy.gov.py\/biblioteca\/wp-json\/wp\/v2\/media\/5321"}],"wp:attachment":[{"href":"https:\/\/tavapy.gov.py\/biblioteca\/wp-json\/wp\/v2\/media?parent=5317"}],"wp:term":[{"taxonomy":"product_cat","embeddable":true,"href":"https:\/\/tavapy.gov.py\/biblioteca\/wp-json\/wp\/v2\/product_cat?post=5317"},{"taxonomy":"product_tag","embeddable":true,"href":"https:\/\/tavapy.gov.py\/biblioteca\/wp-json\/wp\/v2\/product_tag?post=5317"}],"curies":[{"name":"wp","href":"https:\/\/api.w.org\/{rel}","templated":true}]}}